{"id":768023,"date":"2025-08-28T13:06:58","date_gmt":"2025-08-28T10:06:58","guid":{"rendered":"https:\/\/roveyayinevi.com.tr\/index.php\/urun\/dukun-malikanesi-2\/"},"modified":"2026-04-15T03:33:58","modified_gmt":"2026-04-15T00:33:58","slug":"dukun-malikanesi-2","status":"publish","type":"product","link":"https:\/\/roveyayinevi.com.tr\/index.php\/urun\/dukun-malikanesi-2\/","title":{"rendered":"D\u00fck&#8217;\u00fcn Malikanesi 2"},"content":{"rendered":"<p>\u201cZAYIF OLANIN \u00d6LMES\u0130,   EN MANTIKLISI DE\u011e\u0130L M\u0130?\u201d   Son anda b\u00fcy\u00fck bir tehlike atlatan Raeliana ve bir gecede muzip birine d\u00f6n\u00fc\ufb02en D\u00fck Wynknight!     D\u00fck&#8217;\u00fcn g\u00f6zetimi alt\u203anda zor g\u00fcnler ge\u00e7iren Raeliana, bir yandan da kitab\u203an ak\u203a\ufb02\u203anda meydana gelen de\u20aci\ufb02ikliklerle u\u20acra\ufb02mak zorundad\u203ar&#8230;       D\u00fck \u0130se Raeliana\u2019ya Olan Hislerini Sorgulamaya Ba\u015flar&#8230; <\/p>\n","protected":false},"excerpt":{"rendered":"<p>\u201cZAYIF OLANIN \u00d6LMES\u0130, EN MANTIKLISI DE\u011e\u0130L M\u0130?\u201d Son anda b\u00fcy\u00fck bir tehlike atlatan Raeliana ve bir gecede muzip birine d\u00f6n\u00fc\ufb02en D\u00fck Wynknight! D\u00fck&#8217;\u00fcn g\u00f6zetimi alt\u203anda zor<span class=\"excerpt-hellip\"> [\u2026]<\/span><\/p>\n","protected":false},"featured_media":0,"template":"","meta":{"_monsterinsights_skip_tracking":false,"_monsterinsights_sitenote_active":false,"_monsterinsights_sitenote_note":"","_monsterinsights_sitenote_category":0},"product_brand":[],"product_cat":[12416,12291],"product_tag":[],"class_list":{"0":"post-768023","1":"product","2":"type-product","3":"status-publish","5":"product_cat-cizgi-roman","6":"product_cat-edebiyat","7":"pa_cilt-ciltsiz","8":"pa_tur-kitap","9":"pa_yayinevi-athica-yayinlari","10":"pa_yazar-milcha","12":"first","13":"instock","14":"sale","15":"shipping-taxable","16":"purchasable","17":"product-type-simple"},"_links":{"self":[{"href":"https:\/\/roveyayinevi.com.tr\/index.php\/wp-json\/wp\/v2\/product\/768023","targetHints":{"allow":["GET"]}}],"collection":[{"href":"https:\/\/roveyayinevi.com.tr\/index.php\/wp-json\/wp\/v2\/product"}],"about":[{"href":"https:\/\/roveyayinevi.com.tr\/index.php\/wp-json\/wp\/v2\/types\/product"}],"wp:attachment":[{"href":"https:\/\/roveyayinevi.com.tr\/index.php\/wp-json\/wp\/v2\/media?parent=768023"}],"wp:term":[{"taxonomy":"product_brand","embeddable":true,"href":"https:\/\/roveyayinevi.com.tr\/index.php\/wp-json\/wp\/v2\/product_brand?post=768023"},{"taxonomy":"product_cat","embeddable":true,"href":"https:\/\/roveyayinevi.com.tr\/index.php\/wp-json\/wp\/v2\/product_cat?post=768023"},{"taxonomy":"product_tag","embeddable":true,"href":"https:\/\/roveyayinevi.com.tr\/index.php\/wp-json\/wp\/v2\/product_tag?post=768023"}],"curies":[{"name":"wp","href":"https:\/\/api.w.org\/{rel}","templated":true}]}}