{"id":768021,"date":"2025-08-28T13:06:53","date_gmt":"2025-08-28T10:06:53","guid":{"rendered":"https:\/\/roveyayinevi.com.tr\/index.php\/urun\/gece-acan-cicekler\/"},"modified":"2026-04-15T03:33:58","modified_gmt":"2026-04-15T00:33:58","slug":"gece-acan-cicekler","status":"publish","type":"product","link":"https:\/\/roveyayinevi.com.tr\/index.php\/urun\/gece-acan-cicekler\/","title":{"rendered":"Gece A\u00e7an \u00c7i\u00e7ekler"},"content":{"rendered":"<p>\u201cHapsolduklar\u0131 yerde g\u00f6zlerini kap\u0131ya dikmi\u015f son bir umutla birilerinin gelmesini bekliyorlard\u0131. Ist\u0131rap y\u00fckl\u00fc ruhlar\u0131n\u0131n tek kurtulu\u015fu buydu. Hayatlar\u0131n\u0131n o en uzun gecesinde hik\u00e2yelerini anlatmay\u0131 se\u00e7tiler. \u00c7\u00fcnk\u00fc insan \u00f6l\u00fcnce bedeni \u00e7\u00fcr\u00fcr, geriye yaln\u0131z hik\u00e2yesi kal\u0131r ve b\u00fct\u00fcn hik\u00e2yeler gece anlat\u0131l\u0131r.\u201d       \u0130stanbul\u2019un Vefa semtinde ayakta kalan son ah\u015fap konaklardan biri; Canfeda Kona\u011f\u0131, nam\u0131 di\u011fer U\u011fursuz Konak. Kona\u011fa hapsolmu\u015f gen\u00e7 bir kad\u0131n; Halide. Y\u0131llard\u0131r konaktan uzakta hayatlar s\u00fcren karde\u015fleri; Cihangir, Zeliha ve Nihal.  Annelerinin \u00f6l\u00fcm\u00fcn\u00fcn ard\u0131ndan, kona\u011f\u0131n sat\u0131\u015f\u0131 i\u00e7in son kez bir araya gelen karde\u015flerin talihsiz al\u0131nyaz\u0131lar\u0131n\u0131n gizemini \u00e7\u00f6zecek sadece bir geceleri var. Ge\u00e7mi\u015fle y\u00fczle\u015firken, kona\u011f\u0131n senelerdir kilitli tutulan odas\u0131n\u0131n kap\u0131s\u0131 aralan\u0131nca, ailenin g\u00fcnahlar\u0131 ve su\u00e7lar\u0131yla kona\u011f\u0131n saklad\u0131\u011f\u0131 s\u0131rlar ortaya d\u00f6k\u00fcl\u00fcr.   Y\u00fcz y\u0131l\u0131 a\u015fan bir uzakl\u0131kta, Osmanl\u0131 zindanlar\u0131nda, \u00f6l\u00fcm\u00fcn\u00fc bekleyen, saf bir a\u015fk\u0131n pe\u015findeki gen\u00e7 adam; Dervi\u015f Ali. Tek umudu devrik Sultan Abd\u00fclhamid\u2019in Ba\u015f Ressam\u0131 Zonaro\u2019nun yard\u0131m\u0131d\u0131r.   Halide ve Dervi\u015f\u2019in yazg\u0131lar\u0131n\u0131 bulu\u015fturan, arafta kalm\u0131\u015f, yaral\u0131 ruhlar\u0131 birle\u015ftiren \u00e7arp\u0131c\u0131 bir son. Gece A\u00e7an \u00c7i\u00e7ekler, Tar\u0131k Tufan\u2019\u0131n zengin dili, benzersiz \u00fcslubu ve haf\u0131zalardan silinmeyecek kurgusuyla, Osmanl\u0131\u2019dan g\u00fcn\u00fcm\u00fcze akan dokunakl\u0131 bir aile hik\u00e2yesi. Yaral\u0131 a\u015fklara yak\u0131lm\u0131\u015f, y\u00fcreklere dokunan, b\u00fcy\u00fcleyici bir a\u011f\u0131t.   \u201cA\u015fk hayattan da \u00f6l\u00fcmden de b\u00fcy\u00fckt\u00fcr.\u201d <\/p>\n","protected":false},"excerpt":{"rendered":"<p>\u201cHapsolduklar\u0131 yerde g\u00f6zlerini kap\u0131ya dikmi\u015f son bir umutla birilerinin gelmesini bekliyorlard\u0131. Ist\u0131rap y\u00fckl\u00fc ruhlar\u0131n\u0131n tek kurtulu\u015fu buydu. Hayatlar\u0131n\u0131n o en uzun gecesinde hik\u00e2yelerini anlatmay\u0131 se\u00e7tiler. \u00c7\u00fcnk\u00fc<span class=\"excerpt-hellip\"> [\u2026]<\/span><\/p>\n","protected":false},"featured_media":0,"template":"","meta":{"_monsterinsights_skip_tracking":false,"_monsterinsights_sitenote_active":false,"_monsterinsights_sitenote_note":"","_monsterinsights_sitenote_category":0},"product_brand":[],"product_cat":[12291,12711],"product_tag":[],"class_list":{"0":"post-768021","1":"product","2":"type-product","3":"status-publish","5":"product_cat-edebiyat","6":"product_cat-roman-oyku","7":"pa_cilt-ciltsiz","8":"pa_tur-kitap","9":"pa_yayinevi-dogan-kitap","10":"pa_yazar-tarik-tufan","12":"first","13":"instock","14":"sale","15":"shipping-taxable","16":"purchasable","17":"product-type-simple"},"_links":{"self":[{"href":"https:\/\/roveyayinevi.com.tr\/index.php\/wp-json\/wp\/v2\/product\/768021","targetHints":{"allow":["GET"]}}],"collection":[{"href":"https:\/\/roveyayinevi.com.tr\/index.php\/wp-json\/wp\/v2\/product"}],"about":[{"href":"https:\/\/roveyayinevi.com.tr\/index.php\/wp-json\/wp\/v2\/types\/product"}],"wp:attachment":[{"href":"https:\/\/roveyayinevi.com.tr\/index.php\/wp-json\/wp\/v2\/media?parent=768021"}],"wp:term":[{"taxonomy":"product_brand","embeddable":true,"href":"https:\/\/roveyayinevi.com.tr\/index.php\/wp-json\/wp\/v2\/product_brand?post=768021"},{"taxonomy":"product_cat","embeddable":true,"href":"https:\/\/roveyayinevi.com.tr\/index.php\/wp-json\/wp\/v2\/product_cat?post=768021"},{"taxonomy":"product_tag","embeddable":true,"href":"https:\/\/roveyayinevi.com.tr\/index.php\/wp-json\/wp\/v2\/product_tag?post=768021"}],"curies":[{"name":"wp","href":"https:\/\/api.w.org\/{rel}","templated":true}]}}