{"id":768019,"date":"2025-08-28T13:06:49","date_gmt":"2025-08-28T10:06:49","guid":{"rendered":"https:\/\/roveyayinevi.com.tr\/index.php\/urun\/ben-sokak-kedisi-miyim\/"},"modified":"2026-04-15T03:33:58","modified_gmt":"2026-04-15T00:33:58","slug":"ben-sokak-kedisi-miyim","status":"publish","type":"product","link":"https:\/\/roveyayinevi.com.tr\/index.php\/urun\/ben-sokak-kedisi-miyim\/","title":{"rendered":"Ben Sokak Kedisi Miyim?"},"content":{"rendered":"<p>Ya\u015fad\u0131\u011f\u0131n yer bir anda de\u011fi\u015fsene hissedersin?  Kedicik Mahmure ormanda mutlu bir ya\u015fam s\u00fcr\u00fcyordu. Evet evet, kediler asl\u0131nda \u00e7ok eskiden ormanlarda ya\u015fard\u0131. Mahmure de \u015fehre yak\u0131n bir ormanda do\u011fmu\u015f bir kediydi. Ancak bir sabah uyand\u0131\u011f\u0131nda ne g\u00f6rs\u00fcn? Ya\u015fad\u0131\u011f\u0131 orman beton duvarlarla, binalarla, yollarla \u00e7evrilmi\u015fti\u2026 Ne su i\u00e7ti\u011fi g\u00f6l ne de g\u00f6lgesinde uyudu\u011fu a\u011fa\u00e7lar yerinde duruyordu. Mahmure\u2019nin evi art\u0131k beton bir \u015fehre d\u00f6n\u00fc\u015fm\u00fc\u015f, kedicik nereye gitse kovulur olmu\u015ftu. Peki, Mahmure \u015fimdi bir sokak kedisi miydi?  Kazan\u0131mlar: \u00c7evremizdeki Ya\u015fam Fark\u0131ndal\u0131kHayvan SevgisiDo\u011fa Bilinci<\/p>\n","protected":false},"excerpt":{"rendered":"<p>Ya\u015fad\u0131\u011f\u0131n yer bir anda de\u011fi\u015fsene hissedersin? Kedicik Mahmure ormanda mutlu bir ya\u015fam s\u00fcr\u00fcyordu. Evet evet, kediler asl\u0131nda \u00e7ok eskiden ormanlarda ya\u015fard\u0131. Mahmure de \u015fehre yak\u0131n bir<span class=\"excerpt-hellip\"> [\u2026]<\/span><\/p>\n","protected":false},"featured_media":0,"template":"","meta":{"_monsterinsights_skip_tracking":false,"_monsterinsights_sitenote_active":false,"_monsterinsights_sitenote_note":"","_monsterinsights_sitenote_category":0},"product_brand":[],"product_cat":[12274,12284],"product_tag":[],"class_list":{"0":"post-768019","1":"product","2":"type-product","3":"status-publish","5":"product_cat-cocuk-ve-genclik-kitaplari","6":"product_cat-hikayeler","7":"pa_cilt-ciltsiz","8":"pa_tur-kitap","9":"pa_yayinevi-masalperest-ozel-urun","10":"pa_yazar-serhan-kansu","12":"first","13":"instock","14":"sale","15":"shipping-taxable","16":"purchasable","17":"product-type-simple"},"_links":{"self":[{"href":"https:\/\/roveyayinevi.com.tr\/index.php\/wp-json\/wp\/v2\/product\/768019","targetHints":{"allow":["GET"]}}],"collection":[{"href":"https:\/\/roveyayinevi.com.tr\/index.php\/wp-json\/wp\/v2\/product"}],"about":[{"href":"https:\/\/roveyayinevi.com.tr\/index.php\/wp-json\/wp\/v2\/types\/product"}],"wp:attachment":[{"href":"https:\/\/roveyayinevi.com.tr\/index.php\/wp-json\/wp\/v2\/media?parent=768019"}],"wp:term":[{"taxonomy":"product_brand","embeddable":true,"href":"https:\/\/roveyayinevi.com.tr\/index.php\/wp-json\/wp\/v2\/product_brand?post=768019"},{"taxonomy":"product_cat","embeddable":true,"href":"https:\/\/roveyayinevi.com.tr\/index.php\/wp-json\/wp\/v2\/product_cat?post=768019"},{"taxonomy":"product_tag","embeddable":true,"href":"https:\/\/roveyayinevi.com.tr\/index.php\/wp-json\/wp\/v2\/product_tag?post=768019"}],"curies":[{"name":"wp","href":"https:\/\/api.w.org\/{rel}","templated":true}]}}