{"id":768017,"date":"2025-08-28T13:06:43","date_gmt":"2025-08-28T10:06:43","guid":{"rendered":"https:\/\/roveyayinevi.com.tr\/index.php\/urun\/filozofun-savasi\/"},"modified":"2026-04-15T03:33:58","modified_gmt":"2026-04-15T00:33:58","slug":"filozofun-savasi","status":"publish","type":"product","link":"https:\/\/roveyayinevi.com.tr\/index.php\/urun\/filozofun-savasi\/","title":{"rendered":"Filozofun Sava\u015f\u0131"},"content":{"rendered":"<p>Filozofun U\u00e7u\u015fu ile ba\u015flayan heyecan dolu macerah\u0131z kesmeden ikinci kitap olan Filozofun Sava\u015f\u0131 iledevam ediyor. Bu kez Robert Canderelli Weekes,Fransa&#8217;da Birinci D\u00fcnya Sava\u015f\u0131&#8217;n\u0131n \u00f6n saflar\u0131nda \u00e7aylakbir Kurtarma ve Tahliye u\u00e7ucusu olarak kar\u015f\u0131m\u0131za \u00e7\u0131k\u0131yor. Canderelli\u2019nin, yaral\u0131lar\u0131 tahliye edip hayat kurtarmak i\u00e7in g\u00f6revald\u0131\u011f\u0131 sava\u015fta, kazanmak i\u00e7in ne kadar ileri gitmesi gerekti\u011fi konusundahi\u00e7bir fikri yoktur! \u00c7arp\u0131c\u0131 bir u\u00e7u\u015f performans\u0131, g\u00f6zal\u0131c\u0131 ba\u015far\u0131lar\u0131ve Boston sokaklar\u0131nda ya\u015fanan y\u00fcrek par\u00e7alay\u0131c\u0131 bir \u00e7at\u0131\u015fma sayesindehayat\u0131 boyunca kurdu\u011fu hayalleri ger\u00e7ek olur. Amerikan M\u00fch\u00fcrc\u00fcBirli\u011fi\u2019nin Kurtarma ve Tahliye Servisi&#8217;ne, yani tamam\u0131 kad\u0131nlardanolu\u015fan se\u00e7kin bir u\u00e7an sa\u011fl\u0131k ekibine kat\u0131lmas\u0131na izin verilen ilk erkekolmay\u0131 ba\u015far\u0131r. Ancak yaral\u0131lar\u0131 cepheden sahra hastanesine ta\u015f\u0131man\u0131nhayal etti\u011fi gibi b\u00fcy\u00fck bir macera olmad\u0131\u011f\u0131n\u0131 ya\u015fayarak \u00f6\u011frenir. Asilerve d\u00f6neklerle dolu b\u00f6l\u00fc\u011f\u00fc k\u0131r\u0131lma noktas\u0131ndad\u0131r ve kendini kan\u0131tlamaya\u00e7al\u0131\u015fan bir adama tahamm\u00fclleri yoktur. Robert yava\u015f yava\u015f onlar\u0131ng\u00fcvenini kazan\u0131r ve yolda\u015flar\u0131n\u0131n Birinci D\u00fcnya Sava\u015f\u0131&#8217;n\u0131 yasad\u0131\u015f\u0131felsefi y\u00f6ntemlerle sona erdirmeyi planlad\u0131klar\u0131n\u0131 anlar. K\u0131sa s\u00fcre i\u00e7indekomplolar\u0131na dahil olur, d\u00fc\u015fman topraklar\u0131nda bask\u0131nlar d\u00fczenlerve hayati istihbaratlar elde eder. Eski ve yeni dostlar\u0131, sava\u015f\u0131 bir gecede kazanabilecek ve birka\u00e7milyon insan\u0131n hayat\u0131n\u0131 kurtarabilecek tehlikeli bir plan i\u00e7in onunyard\u0131m\u0131na ihtiya\u00e7 duyacakt\u0131r. Ancak Alman duman oymac\u0131lar\u0131n, Kolordu&#8217;yuve Fransa&#8217;n\u0131n kendisini yok etmekle tehdit eden y\u0131k\u0131c\u0131 bir topyek\u00fbnsald\u0131r\u0131 planlar\u0131 vard\u0131r. Do\u011fal olarak, Robert da bu sava\u015f\u0131n tamortas\u0131nda s\u0131k\u0131\u015f\u0131p kal\u0131r. Filozofun Sava\u015f\u0131, g\u00f6ky\u00fcz\u00fcn\u00fcn efsanevi kahramanlar\u0131n\u0131n destans\u0131m\u00fccadelesini ve onlar\u0131n gizemlerle dolu, heyecan verici g\u00f6revlerinig\u00f6zler \u00f6n\u00fcne seren nefes kesici bir macera! Sava\u015f\u0131n ortas\u0131nda umuduve insanl\u0131\u011f\u0131n iyili\u011fini arayanlar\u0131n hik\u00e2yesi\u2026  <\/p>\n","protected":false},"excerpt":{"rendered":"<p>Filozofun U\u00e7u\u015fu ile ba\u015flayan heyecan dolu macerah\u0131z kesmeden ikinci kitap olan Filozofun Sava\u015f\u0131 iledevam ediyor. Bu kez Robert Canderelli Weekes,Fransa&#8217;da Birinci D\u00fcnya Sava\u015f\u0131&#8217;n\u0131n \u00f6n saflar\u0131nda \u00e7aylakbir<span class=\"excerpt-hellip\"> [\u2026]<\/span><\/p>\n","protected":false},"featured_media":0,"template":"","meta":{"_monsterinsights_skip_tracking":false,"_monsterinsights_sitenote_active":false,"_monsterinsights_sitenote_note":"","_monsterinsights_sitenote_category":0},"product_brand":[],"product_cat":[12291,14777],"product_tag":[],"class_list":{"0":"post-768017","1":"product","2":"type-product","3":"status-publish","5":"product_cat-edebiyat","6":"product_cat-fantastik","7":"pa_cilt-ciltsiz","8":"pa_tur-kitap","9":"pa_yayinevi-epsilon-yayinlari","10":"pa_yazar-tom-miller","12":"first","13":"instock","14":"sale","15":"shipping-taxable","16":"purchasable","17":"product-type-simple"},"_links":{"self":[{"href":"https:\/\/roveyayinevi.com.tr\/index.php\/wp-json\/wp\/v2\/product\/768017","targetHints":{"allow":["GET"]}}],"collection":[{"href":"https:\/\/roveyayinevi.com.tr\/index.php\/wp-json\/wp\/v2\/product"}],"about":[{"href":"https:\/\/roveyayinevi.com.tr\/index.php\/wp-json\/wp\/v2\/types\/product"}],"wp:attachment":[{"href":"https:\/\/roveyayinevi.com.tr\/index.php\/wp-json\/wp\/v2\/media?parent=768017"}],"wp:term":[{"taxonomy":"product_brand","embeddable":true,"href":"https:\/\/roveyayinevi.com.tr\/index.php\/wp-json\/wp\/v2\/product_brand?post=768017"},{"taxonomy":"product_cat","embeddable":true,"href":"https:\/\/roveyayinevi.com.tr\/index.php\/wp-json\/wp\/v2\/product_cat?post=768017"},{"taxonomy":"product_tag","embeddable":true,"href":"https:\/\/roveyayinevi.com.tr\/index.php\/wp-json\/wp\/v2\/product_tag?post=768017"}],"curies":[{"name":"wp","href":"https:\/\/api.w.org\/{rel}","templated":true}]}}