{"id":768013,"date":"2025-08-28T13:06:34","date_gmt":"2025-08-28T10:06:34","guid":{"rendered":"https:\/\/roveyayinevi.com.tr\/index.php\/urun\/paw-patrol-cizim-devriyesi-boyama-kitabi\/"},"modified":"2026-04-15T03:33:58","modified_gmt":"2026-04-15T00:33:58","slug":"paw-patrol-cizim-devriyesi-boyama-kitabi","status":"publish","type":"product","link":"https:\/\/roveyayinevi.com.tr\/index.php\/urun\/paw-patrol-cizim-devriyesi-boyama-kitabi\/","title":{"rendered":"Paw Patrol \u00c7izim Devriyesi Boyama Kitab\u0131"},"content":{"rendered":"<p>PAW Patrol\u2019\u00fcn favori k\u00f6pek\u00e7ikleriyle heyecan dolu bir maceraya haz\u0131r ol!Bu \u00c7izim Devriyesi etkinlik kitab\u0131nda Dinozor Diyar\u0131\u2019n\u0131 ke\u015ffet, Rocky ile kendi u\u00e7urtman\u0131 tasarla ve Rubble ile Skye\u2019\u0131n kumdan kaleler yapmas\u0131na yard\u0131m et. Hadi en parlak renklerini al ve ba\u015fla!<\/p>\n","protected":false},"excerpt":{"rendered":"<p>PAW Patrol\u2019\u00fcn favori k\u00f6pek\u00e7ikleriyle heyecan dolu bir maceraya haz\u0131r ol!Bu \u00c7izim Devriyesi etkinlik kitab\u0131nda Dinozor Diyar\u0131\u2019n\u0131 ke\u015ffet, Rocky ile kendi u\u00e7urtman\u0131 tasarla ve Rubble ile Skye\u2019\u0131n<span class=\"excerpt-hellip\"> [\u2026]<\/span><\/p>\n","protected":false},"featured_media":0,"template":"","meta":{"_monsterinsights_skip_tracking":false,"_monsterinsights_sitenote_active":false,"_monsterinsights_sitenote_note":"","_monsterinsights_sitenote_category":0},"product_brand":[],"product_cat":[12644,12274],"product_tag":[],"class_list":{"0":"post-768013","1":"product","2":"type-product","3":"status-publish","5":"product_cat-boyama-kitaplari","6":"product_cat-cocuk-ve-genclik-kitaplari","7":"pa_cilt-ciltsiz","8":"pa_tur-kitap","9":"pa_yayinevi-beta-kids","10":"pa_yazar-kolektif","12":"first","13":"instock","14":"sale","15":"shipping-taxable","16":"purchasable","17":"product-type-simple"},"_links":{"self":[{"href":"https:\/\/roveyayinevi.com.tr\/index.php\/wp-json\/wp\/v2\/product\/768013","targetHints":{"allow":["GET"]}}],"collection":[{"href":"https:\/\/roveyayinevi.com.tr\/index.php\/wp-json\/wp\/v2\/product"}],"about":[{"href":"https:\/\/roveyayinevi.com.tr\/index.php\/wp-json\/wp\/v2\/types\/product"}],"wp:attachment":[{"href":"https:\/\/roveyayinevi.com.tr\/index.php\/wp-json\/wp\/v2\/media?parent=768013"}],"wp:term":[{"taxonomy":"product_brand","embeddable":true,"href":"https:\/\/roveyayinevi.com.tr\/index.php\/wp-json\/wp\/v2\/product_brand?post=768013"},{"taxonomy":"product_cat","embeddable":true,"href":"https:\/\/roveyayinevi.com.tr\/index.php\/wp-json\/wp\/v2\/product_cat?post=768013"},{"taxonomy":"product_tag","embeddable":true,"href":"https:\/\/roveyayinevi.com.tr\/index.php\/wp-json\/wp\/v2\/product_tag?post=768013"}],"curies":[{"name":"wp","href":"https:\/\/api.w.org\/{rel}","templated":true}]}}