{"id":768012,"date":"2025-08-28T13:06:32","date_gmt":"2025-08-28T10:06:32","guid":{"rendered":"https:\/\/roveyayinevi.com.tr\/index.php\/urun\/paw-patrol-sayilarla-boyayalim\/"},"modified":"2026-04-15T03:33:58","modified_gmt":"2026-04-15T00:33:58","slug":"paw-patrol-sayilarla-boyayalim","status":"publish","type":"product","link":"https:\/\/roveyayinevi.com.tr\/index.php\/urun\/paw-patrol-sayilarla-boyayalim\/","title":{"rendered":"Paw Patrol Say\u0131larla Boyayal\u0131m"},"content":{"rendered":"<p>Bu macera i\u00e7in t\u00fcm k\u00f6pek\u00e7ikler yerlerini ald\u0131lar! PAW Patrol yepyeni bir kurtarma g\u00f6revi i\u00e7in ekip \u00e7al\u0131\u015fmas\u0131yla becerilerini kullanmaya haz\u0131r. Say\u0131larla boyama kitab\u0131yla hem e\u011flenecek hem de do\u011fru alanlar\u0131 boyama konusunda kendini geli\u015ftireceksin. Boyama ne\u015fesi ve yarat\u0131c\u0131l\u0131k dolu saatler seni bekliyor!<\/p>\n","protected":false},"excerpt":{"rendered":"<p>Bu macera i\u00e7in t\u00fcm k\u00f6pek\u00e7ikler yerlerini ald\u0131lar! PAW Patrol yepyeni bir kurtarma g\u00f6revi i\u00e7in ekip \u00e7al\u0131\u015fmas\u0131yla becerilerini kullanmaya haz\u0131r. Say\u0131larla boyama kitab\u0131yla hem e\u011flenecek hem de<span class=\"excerpt-hellip\"> [\u2026]<\/span><\/p>\n","protected":false},"featured_media":0,"template":"","meta":{"_monsterinsights_skip_tracking":false,"_monsterinsights_sitenote_active":false,"_monsterinsights_sitenote_note":"","_monsterinsights_sitenote_category":0},"product_brand":[],"product_cat":[12644,12274],"product_tag":[],"class_list":{"0":"post-768012","1":"product","2":"type-product","3":"status-publish","5":"product_cat-boyama-kitaplari","6":"product_cat-cocuk-ve-genclik-kitaplari","7":"pa_cilt-ciltsiz","8":"pa_tur-kitap","9":"pa_yayinevi-beta-kids","10":"pa_yazar-kolektif","12":"first","13":"instock","14":"sale","15":"shipping-taxable","16":"purchasable","17":"product-type-simple"},"_links":{"self":[{"href":"https:\/\/roveyayinevi.com.tr\/index.php\/wp-json\/wp\/v2\/product\/768012","targetHints":{"allow":["GET"]}}],"collection":[{"href":"https:\/\/roveyayinevi.com.tr\/index.php\/wp-json\/wp\/v2\/product"}],"about":[{"href":"https:\/\/roveyayinevi.com.tr\/index.php\/wp-json\/wp\/v2\/types\/product"}],"wp:attachment":[{"href":"https:\/\/roveyayinevi.com.tr\/index.php\/wp-json\/wp\/v2\/media?parent=768012"}],"wp:term":[{"taxonomy":"product_brand","embeddable":true,"href":"https:\/\/roveyayinevi.com.tr\/index.php\/wp-json\/wp\/v2\/product_brand?post=768012"},{"taxonomy":"product_cat","embeddable":true,"href":"https:\/\/roveyayinevi.com.tr\/index.php\/wp-json\/wp\/v2\/product_cat?post=768012"},{"taxonomy":"product_tag","embeddable":true,"href":"https:\/\/roveyayinevi.com.tr\/index.php\/wp-json\/wp\/v2\/product_tag?post=768012"}],"curies":[{"name":"wp","href":"https:\/\/api.w.org\/{rel}","templated":true}]}}