{"id":768011,"date":"2025-08-28T13:06:30","date_gmt":"2025-08-28T10:06:30","guid":{"rendered":"https:\/\/roveyayinevi.com.tr\/index.php\/urun\/minikler-akademisi-cevremizdeki-alanlar\/"},"modified":"2026-04-15T03:33:58","modified_gmt":"2026-04-15T00:33:58","slug":"minikler-akademisi-cevremizdeki-alanlar","status":"publish","type":"product","link":"https:\/\/roveyayinevi.com.tr\/index.php\/urun\/minikler-akademisi-cevremizdeki-alanlar\/","title":{"rendered":"Minikler Akademisi \u2013 \u00c7evremizdeki Alanlar"},"content":{"rendered":"<p>Nerede oldu\u011fumuzu bildi\u011fimizde kendimizi gu\u0308vende hissederiz. Ama bu ya\u015ftaki \u00e7ocuklar \u00e7evrelerini tan\u0131may\u0131 yeni \u00f6\u011frenirler. Bu yu\u0308zden, \u00e7ocuklar\u0131n \u00e7evreleri hakk\u0131nda mu\u0308mku\u0308n oldu\u011funca \u00e7ok \u015fey bilmeleri ve farkl\u0131 yerler hakk\u0131nda fark\u0131ndal\u0131k kazanmalar\u0131 \u00f6nemlidir. Bu kitap ayr\u0131ca \u00e7ocuklar\u0131n bir ila birden fazla aras\u0131ndaki ayr\u0131m\u0131 kavramalar\u0131n\u0131 sa\u011flar. Sorular sorarak, \u00e7ocuklar\u0131n \u00e7evredeki detaylar\u0131 anlamalar\u0131na katk\u0131 sunaca\u011f\u0131z. B\u00f6ylece \u00e7ocuklar etraflar\u0131ndaki farkl\u0131 yerleri fark edecekler. Ayr\u0131ca bu kitap, e\u011fitici kitaplardan \u00f6\u011frendikleri bilgileri peki\u015ftirecek. <\/p>\n","protected":false},"excerpt":{"rendered":"<p>Nerede oldu\u011fumuzu bildi\u011fimizde kendimizi gu\u0308vende hissederiz. Ama bu ya\u015ftaki \u00e7ocuklar \u00e7evrelerini tan\u0131may\u0131 yeni \u00f6\u011frenirler. Bu yu\u0308zden, \u00e7ocuklar\u0131n \u00e7evreleri hakk\u0131nda mu\u0308mku\u0308n oldu\u011funca \u00e7ok \u015fey bilmeleri ve farkl\u0131<span class=\"excerpt-hellip\"> [\u2026]<\/span><\/p>\n","protected":false},"featured_media":0,"template":"","meta":{"_monsterinsights_skip_tracking":false,"_monsterinsights_sitenote_active":false,"_monsterinsights_sitenote_note":"","_monsterinsights_sitenote_category":0},"product_brand":[],"product_cat":[12554,12274],"product_tag":[],"class_list":{"0":"post-768011","1":"product","2":"type-product","3":"status-publish","5":"product_cat-cikartmali-kitaplar","6":"product_cat-cocuk-ve-genclik-kitaplari","7":"pa_cilt-ciltsiz","8":"pa_tur-kitap","9":"pa_yayinevi-eksik-parca-yayinlari","10":"pa_yazar-ilona-bakse","12":"first","13":"instock","14":"sale","15":"shipping-taxable","16":"purchasable","17":"product-type-simple"},"_links":{"self":[{"href":"https:\/\/roveyayinevi.com.tr\/index.php\/wp-json\/wp\/v2\/product\/768011","targetHints":{"allow":["GET"]}}],"collection":[{"href":"https:\/\/roveyayinevi.com.tr\/index.php\/wp-json\/wp\/v2\/product"}],"about":[{"href":"https:\/\/roveyayinevi.com.tr\/index.php\/wp-json\/wp\/v2\/types\/product"}],"wp:attachment":[{"href":"https:\/\/roveyayinevi.com.tr\/index.php\/wp-json\/wp\/v2\/media?parent=768011"}],"wp:term":[{"taxonomy":"product_brand","embeddable":true,"href":"https:\/\/roveyayinevi.com.tr\/index.php\/wp-json\/wp\/v2\/product_brand?post=768011"},{"taxonomy":"product_cat","embeddable":true,"href":"https:\/\/roveyayinevi.com.tr\/index.php\/wp-json\/wp\/v2\/product_cat?post=768011"},{"taxonomy":"product_tag","embeddable":true,"href":"https:\/\/roveyayinevi.com.tr\/index.php\/wp-json\/wp\/v2\/product_tag?post=768011"}],"curies":[{"name":"wp","href":"https:\/\/api.w.org\/{rel}","templated":true}]}}