{"id":768008,"date":"2025-08-28T13:06:24","date_gmt":"2025-08-28T10:06:24","guid":{"rendered":"https:\/\/roveyayinevi.com.tr\/index.php\/urun\/dolunayin-sirri\/"},"modified":"2026-04-15T03:33:58","modified_gmt":"2026-04-15T00:33:58","slug":"dolunayin-sirri","status":"publish","type":"product","link":"https:\/\/roveyayinevi.com.tr\/index.php\/urun\/dolunayin-sirri\/","title":{"rendered":"Dolunay\u0131n S\u0131rr\u0131"},"content":{"rendered":"<p>Ay\u2019\u0131n gizemli s\u0131rr\u0131 nedir? Nas\u0131l oluyor da kaybolana kadar ku\u0308\u00e7u\u0308lu\u0308yor, ku\u0308\u00e7u\u0308lu\u0308yor; sonra tekrar bu\u0308yu\u0308yor, bu\u0308yu\u0308yor ve sonunda bu\u0308yu\u0308k bir gu\u0308mu\u0308\u015f tabak, bir somun ekmek ya da yuvarlak bir peynir gibi yu\u0308kseliyor? Azar azar, azar azar ve tekrar, tekrar\u2026 Bu resimli kitap sadece Ay\u2019\u0131n s\u0131rr\u0131 hakk\u0131nda de\u011fil, daha bir\u00e7ok \u015fey \u00f6\u011fretiyor. Mesela, birlikte peri masallar\u0131 okuman\u0131n ve arkada\u015flar\u0131m\u0131zla endi\u015felerimiz hakk\u0131nda konu\u015fman\u0131n son derece \u00f6nemli oldu\u011funu \u00f6\u011freniyoruz. Endi\u015feler ge\u00e7er ve er ya da ge\u00e7 her \u015fey \u00e7\u00f6zu\u0308lu\u0308r, t\u0131pk\u0131 Ay gibi gu\u0308venli ve sapasa\u011flam\u2026 <\/p>\n","protected":false},"excerpt":{"rendered":"<p>Ay\u2019\u0131n gizemli s\u0131rr\u0131 nedir? Nas\u0131l oluyor da kaybolana kadar ku\u0308\u00e7u\u0308lu\u0308yor, ku\u0308\u00e7u\u0308lu\u0308yor; sonra tekrar bu\u0308yu\u0308yor, bu\u0308yu\u0308yor ve sonunda bu\u0308yu\u0308k bir gu\u0308mu\u0308\u015f tabak, bir somun ekmek ya da<span class=\"excerpt-hellip\"> [\u2026]<\/span><\/p>\n","protected":false},"featured_media":0,"template":"","meta":{"_monsterinsights_skip_tracking":false,"_monsterinsights_sitenote_active":false,"_monsterinsights_sitenote_note":"","_monsterinsights_sitenote_category":0},"product_brand":[],"product_cat":[12274,12284],"product_tag":[],"class_list":{"0":"post-768008","1":"product","2":"type-product","3":"status-publish","5":"product_cat-cocuk-ve-genclik-kitaplari","6":"product_cat-hikayeler","7":"pa_cilt-ciltsiz","8":"pa_tur-kitap","9":"pa_yayinevi-eksik-parca-yayinlari","10":"pa_yazar-helena-kraljic","12":"first","13":"instock","14":"sale","15":"shipping-taxable","16":"purchasable","17":"product-type-simple"},"_links":{"self":[{"href":"https:\/\/roveyayinevi.com.tr\/index.php\/wp-json\/wp\/v2\/product\/768008","targetHints":{"allow":["GET"]}}],"collection":[{"href":"https:\/\/roveyayinevi.com.tr\/index.php\/wp-json\/wp\/v2\/product"}],"about":[{"href":"https:\/\/roveyayinevi.com.tr\/index.php\/wp-json\/wp\/v2\/types\/product"}],"wp:attachment":[{"href":"https:\/\/roveyayinevi.com.tr\/index.php\/wp-json\/wp\/v2\/media?parent=768008"}],"wp:term":[{"taxonomy":"product_brand","embeddable":true,"href":"https:\/\/roveyayinevi.com.tr\/index.php\/wp-json\/wp\/v2\/product_brand?post=768008"},{"taxonomy":"product_cat","embeddable":true,"href":"https:\/\/roveyayinevi.com.tr\/index.php\/wp-json\/wp\/v2\/product_cat?post=768008"},{"taxonomy":"product_tag","embeddable":true,"href":"https:\/\/roveyayinevi.com.tr\/index.php\/wp-json\/wp\/v2\/product_tag?post=768008"}],"curies":[{"name":"wp","href":"https:\/\/api.w.org\/{rel}","templated":true}]}}