{"id":767994,"date":"2025-08-28T13:05:58","date_gmt":"2025-08-28T10:05:58","guid":{"rendered":"https:\/\/roveyayinevi.com.tr\/index.php\/urun\/sinema-ve-deneyim\/"},"modified":"2026-04-15T03:33:58","modified_gmt":"2026-04-15T00:33:58","slug":"sinema-ve-deneyim","status":"publish","type":"product","link":"https:\/\/roveyayinevi.com.tr\/index.php\/urun\/sinema-ve-deneyim\/","title":{"rendered":"Sinema ve Deneyim"},"content":{"rendered":"<p>Bu kitap ne tamamlanm\u0131\u015f ne de her \u015feyi yans\u0131tan bir ara\u015ft\u0131rma sunar. Tart\u0131\u015f\u0131lan \u00fc\u00e7 yazar\u0131n k\u00fclliyatlar\u0131nda film olduk\u00e7a dengesiz oran ve yo\u011funluklarda bir dikkate mazhar olmu\u015ftur. Yaln\u0131zca Kracauer\u2019in dopdolu bir film tarihi bilgisine sahip d\u00fczenli bir sinema izleyicisi oldu\u011funu s\u00f6yleyerek hakk\u0131n\u0131 teslim etmek gerek. Benjamin\u2019in modernitenin kesi\u015fen kav\u015faklar\u0131n\u0131 teorize etme \u00e7abas\u0131 i\u00e7inde sinema merkez\u00ee bir rol i\u015fgal etmesine ra\u011fmen, muhtemelen hakk\u0131nda yazd\u0131\u011f\u0131 Sovyet filmleri, Chaplin filmleri ve Disney filmlerinden ba\u015fka \u00e7ok az \u015fey izlemi\u015ftir. Adorno\u2019nun filmle ili\u015fkisi ise, Kluge\u2019nin \u015fakas\u0131n\u0131 yapt\u0131\u011f\u0131 \u00fczere, \u201csinemaya gitmeyi severim, beni rahats\u0131z eden tek \u015fey perdedeki g\u00f6r\u00fcnt\u00fcd\u00fcr\u201d \u015feklinde \u00f6zetlenebilir.  Siegfried Kracauer, Walter Benjamin ve Theodor W. Adorno; dostluklar\u0131, entelekt\u00fcel angajmanlar\u0131 ve girdikleri tart\u0131\u015fmalarla birbirleriyle yak\u0131ndan ili\u015fkili entelekt\u00fcellerdi. Birlikte sineman\u0131n ve di\u011fer medya teknolojilerinin kilit rol oynad\u0131\u011f\u0131 modernitenin derinlikli bir felsefi ele\u015ftirisini geli\u015ftirdiler. Bu kitap, \u00fc\u00e7l\u00fcn\u00fcn ele\u015ftirel yakla\u015f\u0131mlar\u0131n\u0131 Weimar d\u00f6neminden 1960\u2019lara kadar sinema ve foto\u011fraf \u00fczerinden inceliyor. Miriam Bratu Hansen, daha \u00f6nce bilinen ya da Kracauer \u00f6rne\u011finde oldu\u011fu gibi daha az bilinen kaynaklardan olu\u015fan kapsaml\u0131 bir ar\u015five dayanarak Benjamin\u2019in sanat eseri \u00e7al\u0131\u015fmas\u0131 da dahil olmak \u00fczere d\u00fc\u015f\u00fcn\u00fcrlerin kanonik metinlerine dair yeni bak\u0131\u015f a\u00e7\u0131lar\u0131 ortaya koyuyor. Hansen\u2019in berrak \u00e7\u00f6z\u00fcmlemeleri, bu metinleri kullanarak dijital teknolojinin do\u011furdu\u011fu yeni a\u00e7mazlara \u00e7\u00f6z\u00fcm bulabilecek ve sinema k\u00fclt\u00fcr\u00fcn\u00fcn yeni sorunsallar\u0131na cevap \u00fcretebilecek bir sinema ve deneyim teorisinin \u00e7er\u00e7evesini \u00e7iziyor. Bu kitap ayn\u0131 zamanda d\u00fc\u015f\u00fcn\u00fcrlerin T\u00fcrkiye\u2019de yayg\u0131n bir entelekt\u00fcel kullan\u0131ma ula\u015fan kavramlar\u0131n\u0131n sinema ba\u011flam\u0131nda somut bir bi\u00e7imde anla\u015f\u0131lmas\u0131n\u0131 ve d\u00fc\u015f\u00fcn\u00fcrlerin d\u00fc\u015f\u00fcnsel maceralar\u0131 i\u00e7erisinde konumland\u0131r\u0131larak tarihselle\u015ftirilmesini sa\u011flama iddias\u0131nda&#8230;<\/p>\n","protected":false},"excerpt":{"rendered":"<p>Bu kitap ne tamamlanm\u0131\u015f ne de her \u015feyi yans\u0131tan bir ara\u015ft\u0131rma sunar. Tart\u0131\u015f\u0131lan \u00fc\u00e7 yazar\u0131n k\u00fclliyatlar\u0131nda film olduk\u00e7a dengesiz oran ve yo\u011funluklarda bir dikkate mazhar olmu\u015ftur.<span class=\"excerpt-hellip\"> [\u2026]<\/span><\/p>\n","protected":false},"featured_media":0,"template":"","meta":{"_monsterinsights_skip_tracking":false,"_monsterinsights_sitenote_active":false,"_monsterinsights_sitenote_note":"","_monsterinsights_sitenote_category":0},"product_brand":[],"product_cat":[12408],"product_tag":[],"class_list":{"0":"post-767994","1":"product","2":"type-product","3":"status-publish","5":"product_cat-sanat","6":"pa_cilt-ciltsiz","7":"pa_tur-kitap","8":"pa_yayinevi-vakifbank-kultur-yayinlari","9":"pa_yazar-miriam-bratu-hansen","11":"first","12":"instock","13":"sale","14":"shipping-taxable","15":"purchasable","16":"product-type-simple"},"_links":{"self":[{"href":"https:\/\/roveyayinevi.com.tr\/index.php\/wp-json\/wp\/v2\/product\/767994","targetHints":{"allow":["GET"]}}],"collection":[{"href":"https:\/\/roveyayinevi.com.tr\/index.php\/wp-json\/wp\/v2\/product"}],"about":[{"href":"https:\/\/roveyayinevi.com.tr\/index.php\/wp-json\/wp\/v2\/types\/product"}],"wp:attachment":[{"href":"https:\/\/roveyayinevi.com.tr\/index.php\/wp-json\/wp\/v2\/media?parent=767994"}],"wp:term":[{"taxonomy":"product_brand","embeddable":true,"href":"https:\/\/roveyayinevi.com.tr\/index.php\/wp-json\/wp\/v2\/product_brand?post=767994"},{"taxonomy":"product_cat","embeddable":true,"href":"https:\/\/roveyayinevi.com.tr\/index.php\/wp-json\/wp\/v2\/product_cat?post=767994"},{"taxonomy":"product_tag","embeddable":true,"href":"https:\/\/roveyayinevi.com.tr\/index.php\/wp-json\/wp\/v2\/product_tag?post=767994"}],"curies":[{"name":"wp","href":"https:\/\/api.w.org\/{rel}","templated":true}]}}