{"id":767990,"date":"2025-08-28T13:05:51","date_gmt":"2025-08-28T10:05:51","guid":{"rendered":"https:\/\/roveyayinevi.com.tr\/index.php\/urun\/hirs-krali\/"},"modified":"2026-04-15T03:33:58","modified_gmt":"2026-04-15T00:33:58","slug":"hirs-krali","status":"publish","type":"product","link":"https:\/\/roveyayinevi.com.tr\/index.php\/urun\/hirs-krali\/","title":{"rendered":"H\u0131rs Kral\u0131"},"content":{"rendered":"<p>Onu h\u0131rslar\u0131 y\u00fcz\u00fcnden kaybetmi\u015fti\u2026 ve \u015fimdi geri kazanmak i\u00e7in ne gerekiyorsa yapacakt\u0131.   G\u00fc\u00e7l\u00fc. Zeki. H\u0131rsl\u0131. Dominic Davenport s\u0131f\u0131rdan ba\u015flay\u0131p \u00e7ok \u00e7abalayarak Wall Street\u2019in kral\u0131 unvan\u0131n\u0131 kazanm\u0131\u015ft\u0131. Art\u0131k her \u015feye sahipti. G\u00fczel bir evi, harika bir kar\u0131s\u0131 ve hayat\u0131 boyunca bitiremeyece\u011fi kadar \u00e7ok paras\u0131 vard\u0131. Fakat ne kadar fazla \u015feye sahip olursa olsun, asla tatmin olam\u0131yordu. Sonsuz g\u00fc\u00e7 ve para i\u00e7in \u00e7\u0131kt\u0131\u011f\u0131 bu yolda, onu yeterli g\u00f6ren tek ki\u015fiyi kendinden uzakla\u015ft\u0131rm\u0131\u015ft\u0131. Alessandra gittikten sonra, hayatta zenginlik ve ihti\u015famdan \u00e7ok daha fazlas\u0131 olabilece\u011fini fark etti. Ama art\u0131k her \u015fey i\u00e7in \u00e7ok ge\u00e7ti.   Nazik. Yetenekli. D\u00fc\u015f\u00fcnceli. Alessandra Davenport y\u0131llard\u0131r zarif ve mutlu e\u015f rol\u00fcn\u00fc oynuyordu. Kocas\u0131 imparatorlu\u011funu kurarken her zaman yan\u0131nda durmu\u015ftu. Ancak zirveye ula\u015ft\u0131klar\u0131nda, onun art\u0131k \u00e2\u015f\u0131k oldu\u011fu adam olmad\u0131\u011f\u0131n\u0131 fark etmi\u015fti. Onun i\u00e7in hep ikinci planda kalaca\u011f\u0131n\u0131 anlad\u0131\u011f\u0131nda, hayat\u0131n\u0131n dizginlerini eline almaya karar verdi. Hayat\u0131 boyunca sevdi\u011fi tek adam\u0131 terk etmek anlam\u0131na gelse bile bunu yapmak zorundayd\u0131. Ama hesaba katmad\u0131\u011f\u0131 bir \u015fey vard\u0131. Dominic onun gitmesine izin vermeyi reddediyordu. Her ne pahas\u0131na olursa olsun, evlilikleri i\u00e7in sava\u015facakt\u0131.Sonunda her \u015feyi kaybedecekleri anlam\u0131na gelse bile.<\/p>\n","protected":false},"excerpt":{"rendered":"<p>Onu h\u0131rslar\u0131 y\u00fcz\u00fcnden kaybetmi\u015fti\u2026 ve \u015fimdi geri kazanmak i\u00e7in ne gerekiyorsa yapacakt\u0131. G\u00fc\u00e7l\u00fc. Zeki. H\u0131rsl\u0131. Dominic Davenport s\u0131f\u0131rdan ba\u015flay\u0131p \u00e7ok \u00e7abalayarak Wall Street\u2019in kral\u0131 unvan\u0131n\u0131 kazanm\u0131\u015ft\u0131.<span class=\"excerpt-hellip\"> [\u2026]<\/span><\/p>\n","protected":false},"featured_media":0,"template":"","meta":{"_monsterinsights_skip_tracking":false,"_monsterinsights_sitenote_active":false,"_monsterinsights_sitenote_note":"","_monsterinsights_sitenote_category":0},"product_brand":[],"product_cat":[12291,12711],"product_tag":[],"class_list":{"0":"post-767990","1":"product","2":"type-product","3":"status-publish","5":"product_cat-edebiyat","6":"product_cat-roman-oyku","7":"pa_cilt-ciltsiz","8":"pa_tur-kitap","9":"pa_yayinevi-marti-yayinlari","10":"pa_yazar-ana-huang","12":"first","13":"instock","14":"sale","15":"shipping-taxable","16":"purchasable","17":"product-type-simple"},"_links":{"self":[{"href":"https:\/\/roveyayinevi.com.tr\/index.php\/wp-json\/wp\/v2\/product\/767990","targetHints":{"allow":["GET"]}}],"collection":[{"href":"https:\/\/roveyayinevi.com.tr\/index.php\/wp-json\/wp\/v2\/product"}],"about":[{"href":"https:\/\/roveyayinevi.com.tr\/index.php\/wp-json\/wp\/v2\/types\/product"}],"wp:attachment":[{"href":"https:\/\/roveyayinevi.com.tr\/index.php\/wp-json\/wp\/v2\/media?parent=767990"}],"wp:term":[{"taxonomy":"product_brand","embeddable":true,"href":"https:\/\/roveyayinevi.com.tr\/index.php\/wp-json\/wp\/v2\/product_brand?post=767990"},{"taxonomy":"product_cat","embeddable":true,"href":"https:\/\/roveyayinevi.com.tr\/index.php\/wp-json\/wp\/v2\/product_cat?post=767990"},{"taxonomy":"product_tag","embeddable":true,"href":"https:\/\/roveyayinevi.com.tr\/index.php\/wp-json\/wp\/v2\/product_tag?post=767990"}],"curies":[{"name":"wp","href":"https:\/\/api.w.org\/{rel}","templated":true}]}}