{"id":767989,"date":"2025-08-28T13:05:49","date_gmt":"2025-08-28T10:05:49","guid":{"rendered":"https:\/\/roveyayinevi.com.tr\/index.php\/urun\/hz-isa-fassi\/"},"modified":"2026-04-15T03:33:58","modified_gmt":"2026-04-15T00:33:58","slug":"hz-isa-fassi","status":"publish","type":"product","link":"https:\/\/roveyayinevi.com.tr\/index.php\/urun\/hz-isa-fassi\/","title":{"rendered":"Hz. \u0130sa Fass\u0131"},"content":{"rendered":"<p>Hz. \u00ces\u00e2\u2019ya bakan ki\u015fi kendi kabiliyeti \u00f6l\u00e7\u00fcs\u00fcnde \u00fc\u00e7 \u015fey g\u00f6r\u00fcr: Be\u015fer\u00ee s\u00fbretine bakan \u201cO Meryem o\u011fludur\u201d der. Onun diriltici \u00f6zelli\u011fine bakan, ona Cebr\u00e2il vas\u0131tas\u0131yla ruh \u00fcfleyen Allah\u2019\u0131 g\u00f6r\u00fcr. Ve \u201cO R\u00fbhullah\u2019t\u0131r\u201d der. Senin vehmine g\u00f6re bazen ondan Hak g\u00f6r\u00fcn\u00fcr, bazen melek, bazen de insan. Dolay\u0131s\u0131yla o hem Kelimetullah\u2019t\u0131r hem R\u00fbhullah\u2019t\u0131r hem Abdulllah\u2019t\u0131r.1 Bu durumda, diriltici \u00f6zelli\u011fi ile Allah tecell\u00ee eder, v\u00fcc\u00fbd\u00ee \u00f6zelli\u011fi ile be\u015fer\u00ee v\u00fccudu tecell\u00ee eder, nuran\u00ee s\u00fbreti ile de Cebr\u00e2il tecell\u00ee eder. Bu \u00fc\u00e7 tecell\u00ee \u00cesev\u00eelerin \u00fc\u00e7lemesinde ortaya \u00e7\u0131kan tecell\u00eedir. Onun Hakk\u2019\u0131n diriltici \u00f6zelli\u011finin tecell\u00ee etti\u011fi makam olu\u015fu Kur\u2019an\u2019da \u201c\u2026ondan bir ruhtur\u201d2 \u00e2yeti ile a\u015fik\u00e2r edilmi\u015ftir. Bu \u00fc\u00e7 \u00f6zelli\u011fini ay\u0131r\u0131nca \u00cesev\u00eeler hat\u00e2 etmi\u015ftir. Daha sonra bu \u00fc\u00e7 s\u0131fata v\u00fccut, hayat ve ilim dediler. Halbuki onun m\u00fcb\u00e2rek v\u00fccudu sadece bu \u00fc\u00e7\u00fcn\u00fc kabul eden bir mahaldi. Yani burada \u00fcfleyen ve dirilten Allah\u2019t\u0131r, t\u0131pk\u0131 \u00c2dem\u2019i diriltti\u011fi gibi Hz. \u00ces\u00e2\u2019y\u0131 da diriltmi\u015ftir. Ancak dirilik vasf\u0131n\u0131 onda zuhur ettirerek onun bu \u00fc\u00e7 ismi birle\u015ftiren yeg\u00e2ne yarat\u0131lm\u0131\u015f oldu\u011funu, bu y\u00fczden de mucizeler g\u00f6sterebildi\u011fini bize anlatm\u0131\u015ft\u0131r.    (1) \u201c\u00ces\u00e2, kendisine l\u00fctuflarda bulundu\u011fumuz ve \u0130sr\u00e2ilo\u011fullar\u0131na il\u00e2h\u00ee kudretin \u00f6rne\u011fi k\u0131ld\u0131\u011f\u0131m\u0131z bir kuldur ancak.\u201d (Zuhruf, 59). (2)  \u201c\u2026Meryem o\u011flu \u00ces\u00e2 Mes\u00eeh ancak Allah\u2019\u0131n el\u00e7isidir, Allah\u2019\u0131n Meryem\u2019e ula\u015ft\u0131rd\u0131\u011f\u0131 kelimesidir ve O\u2019ndan bir ruhtur.\u201d (Nis\u00e2, 171). <\/p>\n","protected":false},"excerpt":{"rendered":"<p>Hz. \u00ces\u00e2\u2019ya bakan ki\u015fi kendi kabiliyeti \u00f6l\u00e7\u00fcs\u00fcnde \u00fc\u00e7 \u015fey g\u00f6r\u00fcr: Be\u015fer\u00ee s\u00fbretine bakan \u201cO Meryem o\u011fludur\u201d der. Onun diriltici \u00f6zelli\u011fine bakan, ona Cebr\u00e2il vas\u0131tas\u0131yla ruh \u00fcfleyen<span class=\"excerpt-hellip\"> [\u2026]<\/span><\/p>\n","protected":false},"featured_media":0,"template":"","meta":{"_monsterinsights_skip_tracking":false,"_monsterinsights_sitenote_active":false,"_monsterinsights_sitenote_note":"","_monsterinsights_sitenote_category":0},"product_brand":[],"product_cat":[12718,12719,15238],"product_tag":[],"class_list":{"0":"post-767989","1":"product","2":"type-product","3":"status-publish","5":"product_cat-din","6":"product_cat-islam","7":"product_cat-tasavvuf","8":"pa_cilt-ciltsiz","9":"pa_tur-kitap","10":"pa_yayinevi-nefes-yayincilik","11":"pa_yazar-cemalnur-sargut","13":"first","14":"instock","15":"sale","16":"shipping-taxable","17":"purchasable","18":"product-type-simple"},"_links":{"self":[{"href":"https:\/\/roveyayinevi.com.tr\/index.php\/wp-json\/wp\/v2\/product\/767989","targetHints":{"allow":["GET"]}}],"collection":[{"href":"https:\/\/roveyayinevi.com.tr\/index.php\/wp-json\/wp\/v2\/product"}],"about":[{"href":"https:\/\/roveyayinevi.com.tr\/index.php\/wp-json\/wp\/v2\/types\/product"}],"wp:attachment":[{"href":"https:\/\/roveyayinevi.com.tr\/index.php\/wp-json\/wp\/v2\/media?parent=767989"}],"wp:term":[{"taxonomy":"product_brand","embeddable":true,"href":"https:\/\/roveyayinevi.com.tr\/index.php\/wp-json\/wp\/v2\/product_brand?post=767989"},{"taxonomy":"product_cat","embeddable":true,"href":"https:\/\/roveyayinevi.com.tr\/index.php\/wp-json\/wp\/v2\/product_cat?post=767989"},{"taxonomy":"product_tag","embeddable":true,"href":"https:\/\/roveyayinevi.com.tr\/index.php\/wp-json\/wp\/v2\/product_tag?post=767989"}],"curies":[{"name":"wp","href":"https:\/\/api.w.org\/{rel}","templated":true}]}}