{"id":767987,"date":"2025-08-28T13:05:47","date_gmt":"2025-08-28T10:05:47","guid":{"rendered":"https:\/\/roveyayinevi.com.tr\/index.php\/urun\/ben-cocuklar-icin-vucudunu-tanima-sinirlar-ve-onay\/"},"modified":"2026-04-15T03:33:57","modified_gmt":"2026-04-15T00:33:57","slug":"ben-cocuklar-icin-vucudunu-tanima-sinirlar-ve-onay","status":"publish","type":"product","link":"https:\/\/roveyayinevi.com.tr\/index.php\/urun\/ben-cocuklar-icin-vucudunu-tanima-sinirlar-ve-onay\/","title":{"rendered":"Ben &#8211; \u00c7ocuklar i\u00e7in V\u00fccudunu Tan\u0131ma, S\u0131n\u0131rlar ve Onay"},"content":{"rendered":"<p>S\u0131n\u0131r ve onay kavramlar\u0131 \u00fczerinden \u00e7ocuklar\u0131n fark\u0131ndal\u0131\u011f\u0131n\u0131n artmas\u0131na yard\u0131mc\u0131 olacak \u015fekilde \u00f6zenle haz\u0131rlanan bu kitapta, \u00e7ocuklar bedenlerini ve bu konulara dair kavramlar\u0131 ke\u015ffederken s\u0131n\u0131rlar\u0131n ve onay\u0131n \u00f6nemini fark edecek. Ebeveynler, bak\u0131m verenler ve uzmanlar ise \u00e7ocuklar\u0131n kendilerini ifade etmelerine destek olurken, bu konular\u0131 ele alabilecekleri pratik, g\u00fcvenilir ve y\u00f6nlendirici bir kaynak edinecekler.   Kendimi de bedenimi de seviyorum. Bedenimle kime sar\u0131lmak ya da kimi \u00f6pmek istedi\u011fime; kiminle \u201c\u00e7ak\u201d yapmak istedi\u011fime kendim karar verebilirim, \u00e7\u00fcnk\u00fc bu benim bedenim!   Bu kitab\u0131n yeti\u015fkinler i\u00e7in haz\u0131rlanan tamamlay\u0131c\u0131 kitab\u0131 Bedenler, S\u0131n\u0131rlar ve Mahremiyet Hakk\u0131nda \u00c7ocu\u011fumla Nas\u0131l Konu\u015furum? Ebeveynler ve Bak\u0131m Verenler \u0130\u00e7in \u00c7ocuklarla Konu\u015fma Rehberi pratik, g\u00fcvenilir ve y\u00f6nlendirici bir elkitab\u0131 niteli\u011fi ta\u015f\u0131yor.<\/p>\n","protected":false},"excerpt":{"rendered":"<p>S\u0131n\u0131r ve onay kavramlar\u0131 \u00fczerinden \u00e7ocuklar\u0131n fark\u0131ndal\u0131\u011f\u0131n\u0131n artmas\u0131na yard\u0131mc\u0131 olacak \u015fekilde \u00f6zenle haz\u0131rlanan bu kitapta, \u00e7ocuklar bedenlerini ve bu konulara dair kavramlar\u0131 ke\u015ffederken s\u0131n\u0131rlar\u0131n ve onay\u0131n<span class=\"excerpt-hellip\"> [\u2026]<\/span><\/p>\n","protected":false},"featured_media":0,"template":"","meta":{"_monsterinsights_skip_tracking":false,"_monsterinsights_sitenote_active":false,"_monsterinsights_sitenote_note":"","_monsterinsights_sitenote_category":0},"product_brand":[],"product_cat":[20502,12357],"product_tag":[],"class_list":{"0":"post-767987","1":"product","2":"type-product","3":"status-publish","5":"product_cat-basvuru-kitaplari-psikoloji","6":"product_cat-psikoloji","7":"pa_cilt-ciltsiz","8":"pa_tur-kitap","9":"pa_yayinevi-mundi","10":"pa_yazar-rayka-kumru","12":"first","13":"instock","14":"sale","15":"shipping-taxable","16":"purchasable","17":"product-type-simple"},"_links":{"self":[{"href":"https:\/\/roveyayinevi.com.tr\/index.php\/wp-json\/wp\/v2\/product\/767987","targetHints":{"allow":["GET"]}}],"collection":[{"href":"https:\/\/roveyayinevi.com.tr\/index.php\/wp-json\/wp\/v2\/product"}],"about":[{"href":"https:\/\/roveyayinevi.com.tr\/index.php\/wp-json\/wp\/v2\/types\/product"}],"wp:attachment":[{"href":"https:\/\/roveyayinevi.com.tr\/index.php\/wp-json\/wp\/v2\/media?parent=767987"}],"wp:term":[{"taxonomy":"product_brand","embeddable":true,"href":"https:\/\/roveyayinevi.com.tr\/index.php\/wp-json\/wp\/v2\/product_brand?post=767987"},{"taxonomy":"product_cat","embeddable":true,"href":"https:\/\/roveyayinevi.com.tr\/index.php\/wp-json\/wp\/v2\/product_cat?post=767987"},{"taxonomy":"product_tag","embeddable":true,"href":"https:\/\/roveyayinevi.com.tr\/index.php\/wp-json\/wp\/v2\/product_tag?post=767987"}],"curies":[{"name":"wp","href":"https:\/\/api.w.org\/{rel}","templated":true}]}}