{"id":767986,"date":"2025-08-28T13:05:45","date_gmt":"2025-08-28T10:05:45","guid":{"rendered":"https:\/\/roveyayinevi.com.tr\/index.php\/urun\/cocugumla-nasil-konusurum-bedenler-sinirlar-ve-mahremiyet-hakkinda\/"},"modified":"2026-04-15T03:33:57","modified_gmt":"2026-04-15T00:33:57","slug":"cocugumla-nasil-konusurum-bedenler-sinirlar-ve-mahremiyet-hakkinda","status":"publish","type":"product","link":"https:\/\/roveyayinevi.com.tr\/index.php\/urun\/cocugumla-nasil-konusurum-bedenler-sinirlar-ve-mahremiyet-hakkinda\/","title":{"rendered":"\u00c7ocu\u011fumla Nas\u0131l Konu\u015furum? &#8211; Bedenler, S\u0131n\u0131rlar ve Mahremiyet Hakk\u0131nda"},"content":{"rendered":"<p>\u201c\u00d6zel b\u00f6lgeler neresi? Niye \u00f6zel onlar?\u201d \u201cBenim neden pipim var da onun yok?\u201d   \u00c7ocuklar\u0131n soru sormaya ba\u015flad\u0131\u011f\u0131 d\u00f6nem, ebeveynler ba\u015fta olmak \u00fczere t\u00fcm bak\u0131m verenler i\u00e7in zorlu bir ba\u015flang\u0131\u00e7 d\u00f6nemi olabiliyor. Zira ufakl\u0131klar\u0131n sordu\u011fu basit ama cevaplamas\u0131 zor sorular, beraberinde \u201cNe zaman konu\u015fmaya ba\u015flayal\u0131m?\u201d, \u201cYa \u00e7ocu\u011fumun ya\u015f\u0131na uygun olmayan bir kelime kullan\u0131rsam?\u201d, \u201c\u00c7ocu\u011fumun sordu\u011fu soruya ya cevap veremezsem?\u201d gibi ba\u015fka sorular\u0131 da beraberinde getiriyor.   Neyse ki kitaplar ve uzmanlar var!   S\u00f6z konusu cinsellik e\u011fitimi oldu\u011funda kitaplardan destek alman\u0131n i\u015fleri ne kadar kolayla\u015ft\u0131rd\u0131\u011f\u0131n\u0131 iyi bilen bir uzman\u0131n kitab\u0131n\u0131 elinizde tutuyorsunuz: Uluslararas\u0131 \u00f6d\u00fcll\u00fc kapsaml\u0131 cinsellik e\u011fitmeni Rayka Kumru, \u00e7ocuklarla bedenler, s\u0131n\u0131rlar ve mahremiyet hakk\u0131nda do\u011fru \u015fekilde konu\u015fabilmeniz i\u00e7in size yol g\u00f6sterirken, onlar\u0131n sorabilecekleri sorular\u0131 nas\u0131l cevaplayaca\u011f\u0131n\u0131za, g\u00f6zlemledi\u011finiz baz\u0131 davran\u0131\u015flara nas\u0131l sa\u011fl\u0131kl\u0131 tepkiler verebilece\u011finize ve en geni\u015f anlamda \u00e7ocuklarla cinsellik hakk\u0131nda nas\u0131l konu\u015fabilece\u011finize dair pratik \u00f6neriler sunuyor.   \u00c7ocuklara y\u00f6nelik Ben: \u00c7ocuklar \u0130\u00e7in V\u00fccudunu Tan\u0131ma, S\u0131n\u0131rlar ve Onay kitab\u0131yla tamamlanan \u00c7ocu\u011fumla Nas\u0131l Konu\u015furum? serisi, ebeveynler, bak\u0131m verenler ve \u00e7ocuklarla \u00e7al\u0131\u015fan t\u00fcm uzmanlar i\u00e7in ger\u00e7ek bir elkitab\u0131 niteli\u011finde\u2026   <\/p>\n","protected":false},"excerpt":{"rendered":"<p>\u201c\u00d6zel b\u00f6lgeler neresi? Niye \u00f6zel onlar?\u201d \u201cBenim neden pipim var da onun yok?\u201d \u00c7ocuklar\u0131n soru sormaya ba\u015flad\u0131\u011f\u0131 d\u00f6nem, ebeveynler ba\u015fta olmak \u00fczere t\u00fcm bak\u0131m verenler i\u00e7in<span class=\"excerpt-hellip\"> [\u2026]<\/span><\/p>\n","protected":false},"featured_media":0,"template":"","meta":{"_monsterinsights_skip_tracking":false,"_monsterinsights_sitenote_active":false,"_monsterinsights_sitenote_note":"","_monsterinsights_sitenote_category":0},"product_brand":[],"product_cat":[17996,12364],"product_tag":[],"class_list":{"0":"post-767986","1":"product","2":"type-product","3":"status-publish","5":"product_cat-ebeveyn-kitaplari","6":"product_cat-genel-konular","7":"pa_cilt-ciltsiz","8":"pa_tur-kitap","9":"pa_yayinevi-mundi","10":"pa_yazar-rayka-kumru","12":"first","13":"instock","14":"sale","15":"shipping-taxable","16":"purchasable","17":"product-type-simple"},"_links":{"self":[{"href":"https:\/\/roveyayinevi.com.tr\/index.php\/wp-json\/wp\/v2\/product\/767986","targetHints":{"allow":["GET"]}}],"collection":[{"href":"https:\/\/roveyayinevi.com.tr\/index.php\/wp-json\/wp\/v2\/product"}],"about":[{"href":"https:\/\/roveyayinevi.com.tr\/index.php\/wp-json\/wp\/v2\/types\/product"}],"wp:attachment":[{"href":"https:\/\/roveyayinevi.com.tr\/index.php\/wp-json\/wp\/v2\/media?parent=767986"}],"wp:term":[{"taxonomy":"product_brand","embeddable":true,"href":"https:\/\/roveyayinevi.com.tr\/index.php\/wp-json\/wp\/v2\/product_brand?post=767986"},{"taxonomy":"product_cat","embeddable":true,"href":"https:\/\/roveyayinevi.com.tr\/index.php\/wp-json\/wp\/v2\/product_cat?post=767986"},{"taxonomy":"product_tag","embeddable":true,"href":"https:\/\/roveyayinevi.com.tr\/index.php\/wp-json\/wp\/v2\/product_tag?post=767986"}],"curies":[{"name":"wp","href":"https:\/\/api.w.org\/{rel}","templated":true}]}}