{"id":767980,"date":"2025-08-28T13:05:33","date_gmt":"2025-08-28T10:05:33","guid":{"rendered":"https:\/\/roveyayinevi.com.tr\/index.php\/urun\/denemeler-birinci-cilt\/"},"modified":"2026-04-15T03:33:57","modified_gmt":"2026-04-15T00:33:57","slug":"denemeler-birinci-cilt","status":"publish","type":"product","link":"https:\/\/roveyayinevi.com.tr\/index.php\/urun\/denemeler-birinci-cilt\/","title":{"rendered":"Denemeler: Birinci Cilt"},"content":{"rendered":"<p>\u201cHayallerinizi ekin, mucizeler yeti\u015fsin.\u201d  Ralph Waldo Emerson, d\u00f6neminin ve g\u00fcn\u00fcm\u00fcz\u00fcn bir\u00e7ok \u00f6nemli felsefecisini ve edebiyat\u00e7\u0131s\u0131n\u0131 etkilemi\u015f b\u00fcy\u00fck d\u00fc\u015f\u00fcn\u00fcrlerden biridir. Transandantalizm ak\u0131m\u0131n\u0131n \u00f6nc\u00fcs\u00fc olarak bilinen Emerson\u2019\u0131n 1841 y\u0131l\u0131nda yazd\u0131\u011f\u0131 Denemeler: Birinci Cilt ve \u00f6zellikle de bu kitapta yer alan \u201c\u00d6zg\u00fcven\u201d ba\u015fl\u0131kl\u0131 denemesi bu ak\u0131m\u0131n belkemi\u011fi kabul edilir.  Bireyi y\u00fccelten, ba\u011f\u0131ms\u0131z d\u00fc\u015f\u00fcnceyi vurgulayan Emerson sadece Thoreau, Fuller, Whitman, Dickinson ve Frost\u2019u etkilemekle kalmam\u0131\u015f, ayn\u0131 zamanda Nietzsche, William James, Baudelaire, Marcel Proust, Virginia Woolf ve Jorge Luis Borges\u2019e de ilham vermi\u015ftir. Edebiyat ele\u015ftirmeni Harold Bloom\u2019a g\u00f6re o, \u201cAmerikan k\u00fclt\u00fcr\u00fcn\u00fcn merkezindeki isim\u201ddir. Emerson\u2019\u0131n \u00e7a\u011fda\u015fl\u0131\u011f\u0131 s\u00fcrekli ve \u00e7arp\u0131c\u0131d\u0131r; edebiyat ve bilimin ayr\u0131 k\u00fclt\u00fcrler olmad\u0131\u011f\u0131 konusundaki \u0131srar\u0131, bireysel deneyimin \u00f6nceli\u011fine olan inanc\u0131, bireysel b\u00fct\u00fcnl\u00fc\u011fe dayal\u0131 ancak do\u011fayla da uyumlu bir ya\u015fam\u0131 te\u015fvik eden anlay\u0131\u015f\u0131yla modern siyasete ve sosyal aktivizme ivme kazand\u0131rm\u0131\u015f en \u00f6nemli isimlerden biridir. <\/p>\n","protected":false},"excerpt":{"rendered":"<p>\u201cHayallerinizi ekin, mucizeler yeti\u015fsin.\u201d Ralph Waldo Emerson, d\u00f6neminin ve g\u00fcn\u00fcm\u00fcz\u00fcn bir\u00e7ok \u00f6nemli felsefecisini ve edebiyat\u00e7\u0131s\u0131n\u0131 etkilemi\u015f b\u00fcy\u00fck d\u00fc\u015f\u00fcn\u00fcrlerden biridir. Transandantalizm ak\u0131m\u0131n\u0131n \u00f6nc\u00fcs\u00fc olarak bilinen Emerson\u2019\u0131n 1841<span class=\"excerpt-hellip\"> [\u2026]<\/span><\/p>\n","protected":false},"featured_media":0,"template":"","meta":{"_monsterinsights_skip_tracking":false,"_monsterinsights_sitenote_active":false,"_monsterinsights_sitenote_note":"","_monsterinsights_sitenote_category":0},"product_brand":[],"product_cat":[12777,12291],"product_tag":[],"class_list":{"0":"post-767980","1":"product","2":"type-product","3":"status-publish","5":"product_cat-deneme","6":"product_cat-edebiyat","7":"pa_cilt-ciltsiz","8":"pa_tur-kitap","9":"pa_yayinevi-can-yayinlari","10":"pa_yazar-ralph-waldo-emerson","12":"first","13":"instock","14":"sale","15":"shipping-taxable","16":"purchasable","17":"product-type-simple"},"_links":{"self":[{"href":"https:\/\/roveyayinevi.com.tr\/index.php\/wp-json\/wp\/v2\/product\/767980","targetHints":{"allow":["GET"]}}],"collection":[{"href":"https:\/\/roveyayinevi.com.tr\/index.php\/wp-json\/wp\/v2\/product"}],"about":[{"href":"https:\/\/roveyayinevi.com.tr\/index.php\/wp-json\/wp\/v2\/types\/product"}],"wp:attachment":[{"href":"https:\/\/roveyayinevi.com.tr\/index.php\/wp-json\/wp\/v2\/media?parent=767980"}],"wp:term":[{"taxonomy":"product_brand","embeddable":true,"href":"https:\/\/roveyayinevi.com.tr\/index.php\/wp-json\/wp\/v2\/product_brand?post=767980"},{"taxonomy":"product_cat","embeddable":true,"href":"https:\/\/roveyayinevi.com.tr\/index.php\/wp-json\/wp\/v2\/product_cat?post=767980"},{"taxonomy":"product_tag","embeddable":true,"href":"https:\/\/roveyayinevi.com.tr\/index.php\/wp-json\/wp\/v2\/product_tag?post=767980"}],"curies":[{"name":"wp","href":"https:\/\/api.w.org\/{rel}","templated":true}]}}