{"id":767978,"date":"2025-08-28T13:05:30","date_gmt":"2025-08-28T10:05:30","guid":{"rendered":"https:\/\/roveyayinevi.com.tr\/index.php\/urun\/farabi-ve-dunyasi\/"},"modified":"2026-04-15T03:33:57","modified_gmt":"2026-04-15T00:33:57","slug":"farabi-ve-dunyasi","status":"publish","type":"product","link":"https:\/\/roveyayinevi.com.tr\/index.php\/urun\/farabi-ve-dunyasi\/","title":{"rendered":"Farabi ve D\u00fcnyas\u0131"},"content":{"rendered":"<p>Farabi \u00fczerine kaleme al\u0131nan bu monografik \u00e7al\u0131\u015fma iki b\u00f6l\u00fcmden olu\u015fmaktad\u0131r. \u0130lkinde Farabi\u2019nin ana yurdu olan topraklar ile ya\u015fam \u00f6yk\u00fcs\u00fc ele al\u0131nm\u0131\u015ft\u0131r, ikinci b\u00f6l\u00fcmde ise g\u00fcn\u00fcm\u00fcze ula\u015fan eserlerinden ba\u015fl\u0131calar\u0131na dayanarak Farabi felsefesinin temel ayaklar\u0131n\u0131n anla\u015f\u0131l\u0131r bir dille g\u00fcn\u00fcm\u00fcze aktar\u0131labilme amac\u0131 g\u00fcd\u00fclm\u00fc\u015ft\u00fcr. G\u00fcn\u00fcm\u00fcz Kazakistan co\u011frafyas\u0131ndaki Farab b\u00f6lgesinde IX. Y\u00fczy\u0131lda d\u00fcnyaya gelen Farabi , k\u0131rkl\u0131 ya\u015flar\u0131nda binlerce kilometreyi a\u015farak zaman\u0131n en ba\u015fta gelen bilim merkezi olan Ba\u011fdat\u2019a ula\u015fm\u0131\u015ft\u0131. Farabi burada ve sonras\u0131nda bulundu\u011fu \u015eam\u2019da sadece \u0130slam d\u00fc\u015f\u00fcnce ve siyaset d\u00fcnyas\u0131nda de\u011fil bat\u0131da da etkileri y\u00fczy\u0131llarca devam edecek eserler kaleme ald\u0131. Dahas\u0131 o, \u00e7ok \u00e7e\u015fitli alanlarda yazd\u0131\u011f\u0131 kitaplar, \u015ferhler ve risalelerle Kindi ve takip\u00e7ilerinin ard\u0131ndan ger\u00e7ek anlamda \u0130slam Felsefe Okulu\u2019nun kurucusu oldu. Bu anlamda Farabi, kendi d\u00f6nemine kadar nahiv, kelam, f\u0131k\u0131h ve tasavvuf ba\u011flam\u0131nda \u0130slam\u2019\u0131n genel anlamda Arap dil ve k\u00fclt\u00fcr\u00fc \u00e7er\u00e7evesinde bi\u00e7imlenen d\u00fc\u015f\u00fcnsel ve pratik meselelerini felsefenin evrensel bak\u0131\u015f a\u00e7\u0131s\u0131yla ele alarak yepyeni bir sistem olu\u015fturdu. Bu sistemin do\u011fal olarak ba\u015fta Aristoteles olmak \u00fczere, Platon ve Plotinus gibi kadim Yunan bilginlerinden ilham alan yanlar\u0131 olsa da sonu\u00e7 itibar\u0131yla \u00f6zg\u00fcn ve\u00e7heleri \u00e7ok daha bask\u0131n durmaktad\u0131r.<\/p>\n","protected":false},"excerpt":{"rendered":"<p>Farabi \u00fczerine kaleme al\u0131nan bu monografik \u00e7al\u0131\u015fma iki b\u00f6l\u00fcmden olu\u015fmaktad\u0131r. \u0130lkinde Farabi\u2019nin ana yurdu olan topraklar ile ya\u015fam \u00f6yk\u00fcs\u00fc ele al\u0131nm\u0131\u015ft\u0131r, ikinci b\u00f6l\u00fcmde ise g\u00fcn\u00fcm\u00fcze ula\u015fan<span class=\"excerpt-hellip\"> [\u2026]<\/span><\/p>\n","protected":false},"featured_media":0,"template":"","meta":{"_monsterinsights_skip_tracking":false,"_monsterinsights_sitenote_active":false,"_monsterinsights_sitenote_note":"","_monsterinsights_sitenote_category":0},"product_brand":[],"product_cat":[12388],"product_tag":[],"class_list":{"0":"post-767978","1":"product","2":"type-product","3":"status-publish","5":"product_cat-felsefe","6":"pa_cilt-ciltsiz","7":"pa_tur-kitap","8":"pa_yayinevi-cem-yayinevi","9":"pa_yazar-emine-sonnur-ozcan","11":"first","12":"instock","13":"sale","14":"shipping-taxable","15":"purchasable","16":"product-type-simple"},"_links":{"self":[{"href":"https:\/\/roveyayinevi.com.tr\/index.php\/wp-json\/wp\/v2\/product\/767978","targetHints":{"allow":["GET"]}}],"collection":[{"href":"https:\/\/roveyayinevi.com.tr\/index.php\/wp-json\/wp\/v2\/product"}],"about":[{"href":"https:\/\/roveyayinevi.com.tr\/index.php\/wp-json\/wp\/v2\/types\/product"}],"wp:attachment":[{"href":"https:\/\/roveyayinevi.com.tr\/index.php\/wp-json\/wp\/v2\/media?parent=767978"}],"wp:term":[{"taxonomy":"product_brand","embeddable":true,"href":"https:\/\/roveyayinevi.com.tr\/index.php\/wp-json\/wp\/v2\/product_brand?post=767978"},{"taxonomy":"product_cat","embeddable":true,"href":"https:\/\/roveyayinevi.com.tr\/index.php\/wp-json\/wp\/v2\/product_cat?post=767978"},{"taxonomy":"product_tag","embeddable":true,"href":"https:\/\/roveyayinevi.com.tr\/index.php\/wp-json\/wp\/v2\/product_tag?post=767978"}],"curies":[{"name":"wp","href":"https:\/\/api.w.org\/{rel}","templated":true}]}}