{"id":767974,"date":"2025-08-28T13:05:21","date_gmt":"2025-08-28T10:05:21","guid":{"rendered":"https:\/\/roveyayinevi.com.tr\/index.php\/urun\/intihar-eden-birisinin-yuzlesmeleri\/"},"modified":"2026-04-15T03:33:57","modified_gmt":"2026-04-15T00:33:57","slug":"intihar-eden-birisinin-yuzlesmeleri","status":"publish","type":"product","link":"https:\/\/roveyayinevi.com.tr\/index.php\/urun\/intihar-eden-birisinin-yuzlesmeleri\/","title":{"rendered":"\u0130ntihar Eden Birisinin Y\u00fczle\u015fmeleri"},"content":{"rendered":"<p>&#8220;Bir \u00f6mr\u00fc harcam\u0131\u015ft\u0131m kendimi a\u015fan i\u015fler yapmaya. Bekleneni kar\u015f\u0131lamak i\u00e7in do\u011fdu\u011funa inand\u0131r\u0131l\u0131r m\u0131 bir insan? Veya bekleneni kar\u015f\u0131lamaya yeter miydi bir \u00f6m\u00fcr? Yetmeliydi. Yetmiyordu. Yetmiyorsa benim hatamd\u0131. Nitekim ba\u015far\u0131lmas\u0131 m\u00fcmk\u00fcn olmayan\u0131 ba\u015faramamak, ba\u015far\u0131s\u0131zl\u0131k m\u0131d\u0131r? \u00d6yleydi. Herkesin kendinden bir par\u00e7a verdi\u011fi g\u00f6r\u00fcnmez bir y\u00fckle dolan\u0131rken kamburlu\u011fumla dalga ge\u00e7iliyordum. Zoruma gitmesi \u015fa\u015f\u0131lacak i\u015fti zira benim onlarca zarif, kendimce ak\u0131ls\u0131z yan\u0131mla taban tabana z\u0131tt\u0131. Ben daima s\u00f6yleneni \u015fik\u00e2yet etmeden yapan ki\u015fi olmu\u015ftum. Bu di\u011ferleri gibi ba\u011flamaya zahmet etmeyece\u011fim bir benlik suikast\u0131yd\u0131.\u201d   Katil ba\u015fkas\u0131n\u0131 \u00f6ld\u00fcren midir yaln\u0131zca? \u0130nsan kendi katili de olamaz m\u0131? Nas\u0131l ya\u015far \u00f6yleyse insan katiliyle, \u00fcstelik biliyorken?<\/p>\n","protected":false},"excerpt":{"rendered":"<p>&#8220;Bir \u00f6mr\u00fc harcam\u0131\u015ft\u0131m kendimi a\u015fan i\u015fler yapmaya. Bekleneni kar\u015f\u0131lamak i\u00e7in do\u011fdu\u011funa inand\u0131r\u0131l\u0131r m\u0131 bir insan? Veya bekleneni kar\u015f\u0131lamaya yeter miydi bir \u00f6m\u00fcr? Yetmeliydi. Yetmiyordu. Yetmiyorsa benim<span class=\"excerpt-hellip\"> [\u2026]<\/span><\/p>\n","protected":false},"featured_media":0,"template":"","meta":{"_monsterinsights_skip_tracking":false,"_monsterinsights_sitenote_active":false,"_monsterinsights_sitenote_note":"","_monsterinsights_sitenote_category":0},"product_brand":[],"product_cat":[12291,12711],"product_tag":[],"class_list":{"0":"post-767974","1":"product","2":"type-product","3":"status-publish","5":"product_cat-edebiyat","6":"product_cat-roman-oyku","7":"pa_cilt-ciltsiz","8":"pa_tur-kitap","9":"pa_yayinevi-elpis-yayinlari","10":"pa_yazar-ece-dilan-bakir","12":"first","13":"instock","14":"sale","15":"shipping-taxable","16":"purchasable","17":"product-type-simple"},"_links":{"self":[{"href":"https:\/\/roveyayinevi.com.tr\/index.php\/wp-json\/wp\/v2\/product\/767974","targetHints":{"allow":["GET"]}}],"collection":[{"href":"https:\/\/roveyayinevi.com.tr\/index.php\/wp-json\/wp\/v2\/product"}],"about":[{"href":"https:\/\/roveyayinevi.com.tr\/index.php\/wp-json\/wp\/v2\/types\/product"}],"wp:attachment":[{"href":"https:\/\/roveyayinevi.com.tr\/index.php\/wp-json\/wp\/v2\/media?parent=767974"}],"wp:term":[{"taxonomy":"product_brand","embeddable":true,"href":"https:\/\/roveyayinevi.com.tr\/index.php\/wp-json\/wp\/v2\/product_brand?post=767974"},{"taxonomy":"product_cat","embeddable":true,"href":"https:\/\/roveyayinevi.com.tr\/index.php\/wp-json\/wp\/v2\/product_cat?post=767974"},{"taxonomy":"product_tag","embeddable":true,"href":"https:\/\/roveyayinevi.com.tr\/index.php\/wp-json\/wp\/v2\/product_tag?post=767974"}],"curies":[{"name":"wp","href":"https:\/\/api.w.org\/{rel}","templated":true}]}}