{"id":767973,"date":"2025-08-28T13:05:19","date_gmt":"2025-08-28T10:05:19","guid":{"rendered":"https:\/\/roveyayinevi.com.tr\/index.php\/urun\/mani\/"},"modified":"2026-04-15T03:33:57","modified_gmt":"2026-04-15T00:33:57","slug":"mani","status":"publish","type":"product","link":"https:\/\/roveyayinevi.com.tr\/index.php\/urun\/mani\/","title":{"rendered":"Mani"},"content":{"rendered":"<p>Ger\u00e7eklik, sanr\u0131lar\u0131n aras\u0131nda kaybolabilir mi? Psikiyatristle yap\u0131lan seanslar, Beril\u2019in ge\u00e7mi\u015fine dair gizemleri a\u00e7\u0131\u011fa \u00e7\u0131kar\u0131rken, her \u015fey hakikatle hayaller aras\u0131nda gidip gelmeye ba\u015flar. Fakat kimsenin hesaba katmad\u0131\u011f\u0131 bir \u015fey vard\u0131r: Bazen ger\u00e7ekler ak\u0131l hastanelerinin duvarlar\u0131n\u0131n \u00f6tesinde saklanabilir. Yabanc\u0131lar ger\u00e7ekten var m\u0131? Yoksa bu zihnin karma\u015f\u0131k bir oyunu mu? Beril\u2019in zihninde saklanan bu sorunun yan\u0131t\u0131 sizi s\u00fcr\u00fckleyici bir gerilime \u00e7ekerken ak\u0131l ve inan\u00e7 kavramlar\u0131n\u0131 yeniden sorgulaman\u0131za neden olacak.<\/p>\n","protected":false},"excerpt":{"rendered":"<p>Ger\u00e7eklik, sanr\u0131lar\u0131n aras\u0131nda kaybolabilir mi? Psikiyatristle yap\u0131lan seanslar, Beril\u2019in ge\u00e7mi\u015fine dair gizemleri a\u00e7\u0131\u011fa \u00e7\u0131kar\u0131rken, her \u015fey hakikatle hayaller aras\u0131nda gidip gelmeye ba\u015flar. Fakat kimsenin hesaba katmad\u0131\u011f\u0131<span class=\"excerpt-hellip\"> [\u2026]<\/span><\/p>\n","protected":false},"featured_media":0,"template":"","meta":{"_monsterinsights_skip_tracking":false,"_monsterinsights_sitenote_active":false,"_monsterinsights_sitenote_note":"","_monsterinsights_sitenote_category":0},"product_brand":[],"product_cat":[12291,12711],"product_tag":[],"class_list":{"0":"post-767973","1":"product","2":"type-product","3":"status-publish","5":"product_cat-edebiyat","6":"product_cat-roman-oyku","7":"pa_cilt-ciltsiz","8":"pa_tur-kitap","9":"pa_yayinevi-elpis-yayinlari","10":"pa_yazar-aslinur-ayyildiz","12":"first","13":"instock","14":"sale","15":"shipping-taxable","16":"purchasable","17":"product-type-simple"},"_links":{"self":[{"href":"https:\/\/roveyayinevi.com.tr\/index.php\/wp-json\/wp\/v2\/product\/767973","targetHints":{"allow":["GET"]}}],"collection":[{"href":"https:\/\/roveyayinevi.com.tr\/index.php\/wp-json\/wp\/v2\/product"}],"about":[{"href":"https:\/\/roveyayinevi.com.tr\/index.php\/wp-json\/wp\/v2\/types\/product"}],"wp:attachment":[{"href":"https:\/\/roveyayinevi.com.tr\/index.php\/wp-json\/wp\/v2\/media?parent=767973"}],"wp:term":[{"taxonomy":"product_brand","embeddable":true,"href":"https:\/\/roveyayinevi.com.tr\/index.php\/wp-json\/wp\/v2\/product_brand?post=767973"},{"taxonomy":"product_cat","embeddable":true,"href":"https:\/\/roveyayinevi.com.tr\/index.php\/wp-json\/wp\/v2\/product_cat?post=767973"},{"taxonomy":"product_tag","embeddable":true,"href":"https:\/\/roveyayinevi.com.tr\/index.php\/wp-json\/wp\/v2\/product_tag?post=767973"}],"curies":[{"name":"wp","href":"https:\/\/api.w.org\/{rel}","templated":true}]}}