{"id":767971,"date":"2025-08-28T13:05:14","date_gmt":"2025-08-28T10:05:14","guid":{"rendered":"https:\/\/roveyayinevi.com.tr\/index.php\/urun\/gorece\/"},"modified":"2026-04-15T03:33:57","modified_gmt":"2026-04-15T00:33:57","slug":"gorece","status":"publish","type":"product","link":"https:\/\/roveyayinevi.com.tr\/index.php\/urun\/gorece\/","title":{"rendered":"G\u00f6rece"},"content":{"rendered":"<p>&#8220;Bu g\u00f6sterinin kendisi i\u00e7in haz\u0131rland\u0131\u011f\u0131ndan emin olmakla birlikte, oturdu\u011fu koltuktan kalk\u0131p yer de\u011fi\u015ftirmek, ayakta beklemek veya kap\u0131dan d\u0131\u015far\u0131 \u00e7\u0131karak d\u0131\u015far\u0131da beklemek gibi \u00fc\u00e7 tercih aras\u0131nda bocalad\u0131 bir an. Ama bu etkileyici g\u00f6r\u00fcnt\u00fc, kad\u0131n\u0131n bug\u00fcne kadar kendisine kar\u015f\u0131 oynad\u0131\u011f\u0131 en g\u00fczel g\u00f6steriydi. K\u0131m\u0131ldayamad\u0131. Onu g\u00f6z ucuyla ama biraz da ihtirasla seyretmeye devam etti. Madem bu bir oyundu ve bunu her ikisi de biliyordu, bilmiyormu\u015f gibi davranmak da oyunun bir par\u00e7as\u0131 olmal\u0131yd\u0131. &#8220;<\/p>\n","protected":false},"excerpt":{"rendered":"<p>&#8220;Bu g\u00f6sterinin kendisi i\u00e7in haz\u0131rland\u0131\u011f\u0131ndan emin olmakla birlikte, oturdu\u011fu koltuktan kalk\u0131p yer de\u011fi\u015ftirmek, ayakta beklemek veya kap\u0131dan d\u0131\u015far\u0131 \u00e7\u0131karak d\u0131\u015far\u0131da beklemek gibi \u00fc\u00e7 tercih aras\u0131nda bocalad\u0131<span class=\"excerpt-hellip\"> [\u2026]<\/span><\/p>\n","protected":false},"featured_media":0,"template":"","meta":{"_monsterinsights_skip_tracking":false,"_monsterinsights_sitenote_active":false,"_monsterinsights_sitenote_note":"","_monsterinsights_sitenote_category":0},"product_brand":[],"product_cat":[12291,12711],"product_tag":[],"class_list":{"0":"post-767971","1":"product","2":"type-product","3":"status-publish","5":"product_cat-edebiyat","6":"product_cat-roman-oyku","7":"pa_cilt-ciltsiz","8":"pa_tur-kitap","9":"pa_yayinevi-theseus-yayinevi","10":"pa_yazar-bahadir-berk","12":"first","13":"instock","14":"sale","15":"shipping-taxable","16":"purchasable","17":"product-type-simple"},"_links":{"self":[{"href":"https:\/\/roveyayinevi.com.tr\/index.php\/wp-json\/wp\/v2\/product\/767971","targetHints":{"allow":["GET"]}}],"collection":[{"href":"https:\/\/roveyayinevi.com.tr\/index.php\/wp-json\/wp\/v2\/product"}],"about":[{"href":"https:\/\/roveyayinevi.com.tr\/index.php\/wp-json\/wp\/v2\/types\/product"}],"wp:attachment":[{"href":"https:\/\/roveyayinevi.com.tr\/index.php\/wp-json\/wp\/v2\/media?parent=767971"}],"wp:term":[{"taxonomy":"product_brand","embeddable":true,"href":"https:\/\/roveyayinevi.com.tr\/index.php\/wp-json\/wp\/v2\/product_brand?post=767971"},{"taxonomy":"product_cat","embeddable":true,"href":"https:\/\/roveyayinevi.com.tr\/index.php\/wp-json\/wp\/v2\/product_cat?post=767971"},{"taxonomy":"product_tag","embeddable":true,"href":"https:\/\/roveyayinevi.com.tr\/index.php\/wp-json\/wp\/v2\/product_tag?post=767971"}],"curies":[{"name":"wp","href":"https:\/\/api.w.org\/{rel}","templated":true}]}}