{"id":767970,"date":"2025-08-28T13:05:12","date_gmt":"2025-08-28T10:05:12","guid":{"rendered":"https:\/\/roveyayinevi.com.tr\/index.php\/urun\/onun-adi-var-halide\/"},"modified":"2026-04-15T03:33:57","modified_gmt":"2026-04-15T00:33:57","slug":"onun-adi-var-halide","status":"publish","type":"product","link":"https:\/\/roveyayinevi.com.tr\/index.php\/urun\/onun-adi-var-halide\/","title":{"rendered":"Onun Ad\u0131 Var: Halide"},"content":{"rendered":"<p>Halide Edip bir as\u0131r \u00f6nce ba\u015fard\u0131ysa bug\u00fcn siz de ba\u015farabilirsiniz. T\u00fcrk dilinin usta ismi Feyza Hep\u00e7ilingirler&#8217;in imzas\u0131n\u0131 ta\u015f\u0131yan Onun Ad\u0131 Var: Halide; koskoca bir \u00fclkenin tarihine, kad\u0131nlara bak\u0131\u015f\u0131na, mill\u00ee edebiyat\u0131na damga vuran Halide Edip Ad\u0131var&#8217;\u0131n \u00e7ocuklu\u011fundan gen\u00e7li\u011fine uzanan hayat \u00f6yk\u00fcs\u00fcne \u0131\u015f\u0131k tutuyor. Bamba\u015fka bir gelene\u011fin ve g\u00f6rene\u011fin i\u00e7inden \u00e7\u0131k\u0131p Cumhuriyet T\u00fcrkiyesi&#8217;ne y\u00fcr\u00fcyen Halide Edip Ad\u0131var&#8217;\u0131n, kendisini d\u00f6n\u00fc\u015ft\u00fcr\u00fcrken \u00fczerinde ya\u015fad\u0131\u011f\u0131 topraklar\u0131 da de\u011fi\u015ftirmesine tan\u0131kl\u0131k ettiren bu belgesel tad\u0131ndaki \u00e7al\u0131\u015fma, yeni okumalara ve ara\u015ft\u0131rmalara da kap\u0131 aral\u0131yor.  Titiz bir haz\u0131rl\u0131k d\u00f6neminin meyvesi olan kitap; Osmanl\u0131&#8217;da e\u011fitim \u00f6\u011fretim, yeme i\u00e7me, giyim ku\u015fam, g\u00fczel sanatlar, spor, devlet y\u00f6netimi ve daha pek \u00e7ok konuya k\u00fc\u00e7\u00fck pencereler a\u00e7arak alt\u0131 as\u0131rl\u0131k bir imparatorlu\u011fun g\u00fcndelik ya\u015fam\u0131na dair sundu\u011fu ilgin\u00e7 bilgilerle okuru \u015fa\u015f\u0131rt\u0131yor. Osmanl\u0131&#8217;n\u0131n son d\u00f6neminde, mor salk\u0131ml\u0131 bir konakta d\u00fcnyaya gelen Halide; \u00e7ocukken neler ya\u015fad\u0131, onca varl\u0131\u011f\u0131n i\u00e7inde hangi g\u00fc\u00e7l\u00fcklerle kar\u015f\u0131la\u015ft\u0131, engellerin \u00fcstesinden nas\u0131l geldi? Peki, Halide&#8217;nin \u00e7ocuklu\u011funun ge\u00e7ti\u011fi y\u0131llarda Osmanl\u0131 topraklar\u0131 ile d\u00fcnyan\u0131n di\u011fer co\u011frafyalar\u0131nda hayat nas\u0131ld\u0131?Annesini hen\u00fcz ufac\u0131kken kaybeden Halide&#8217;yi kimler, nerede b\u00fcy\u00fctm\u00fc\u015f? Halide, neden &#8221;\u00e2min alay\u0131&#8221; ile okula yollanaca\u011f\u0131n\u0131 \u00f6\u011frenince \u00e7ok a\u011flam\u0131\u015f? Halide&#8217;nin b\u00fcy\u00fckbabas\u0131 Ali A\u011fa, nas\u0131l olur da okumay\u0131 bilip de yazmay\u0131 bilmezmi\u015f? Soyad\u0131 Kanunu&#8217;nun y\u00fcr\u00fcrl\u00fc\u011fe girdi\u011fi d\u00f6nemde Halide Edip ni\u00e7in bir soyad\u0131na ihtiyac\u0131 olmad\u0131\u011f\u0131n\u0131 s\u00f6ylemi\u015f? Hangi \u00fcnl\u00fc Osmanl\u0131 padi\u015fahlar\u0131 domatesi, patatesi ve hatta patl\u0131can\u0131 hi\u00e7 g\u00f6rmeyip tatmam\u0131\u015flar? Y\u00fcz y\u0131l \u00f6nce fes takmamak i\u00e7in direnenler, y\u00fcz y\u0131l sonra fesi \u00e7\u0131karmamak i\u00e7in neler yapm\u0131\u015flar? Hepsinin ve daha fazlas\u0131n\u0131n anlat\u0131ld\u0131\u011f\u0131 bu kitapla, Halide Edip Ad\u0131var&#8217;\u0131 \u00e7ok daha yak\u0131ndan tan\u0131makla kalmayacak, ayn\u0131 zamanda Osmanl\u0131 \u0130mparatorlu\u011fu&#8217;nun bilinmeyenlerle dolu arka pencerelerinden bakarak tarih\u00ee bir gezintiye \u00e7\u0131kma f\u0131rsat\u0131n\u0131 da yakalayacaks\u0131n\u0131z.  Halide Edip Ad\u0131var&#8217;\u0131n, \u00f6nc\u00fc ruhunu ve etraf\u0131na sa\u00e7t\u0131\u011f\u0131 \u0131\u015f\u0131\u011f\u0131 i\u00e7selle\u015ftirirken, T\u00fcrkiye Cumhuriyeti&#8217;nin hangi ko\u015fullarda ve hangi nedenlerle kuruldu\u011funu da kavraman\u0131z\u0131 sa\u011flayacak bu etkileyici kitap; \u00e7e\u015fitli resimler, foto\u011fraflar ve belgelerle anlat\u0131s\u0131n\u0131 desteklemeyi ihmal etmiyor.Unutmay\u0131n, Halide Edip bir as\u0131r \u00f6nce ba\u015fard\u0131ysa bug\u00fcn siz de ba\u015farabilirsiniz. <\/p>\n","protected":false},"excerpt":{"rendered":"<p>Halide Edip bir as\u0131r \u00f6nce ba\u015fard\u0131ysa bug\u00fcn siz de ba\u015farabilirsiniz. T\u00fcrk dilinin usta ismi Feyza Hep\u00e7ilingirler&#8217;in imzas\u0131n\u0131 ta\u015f\u0131yan Onun Ad\u0131 Var: Halide; koskoca bir \u00fclkenin tarihine,<span class=\"excerpt-hellip\"> [\u2026]<\/span><\/p>\n","protected":false},"featured_media":0,"template":"","meta":{"_monsterinsights_skip_tracking":false,"_monsterinsights_sitenote_active":false,"_monsterinsights_sitenote_note":"","_monsterinsights_sitenote_category":0},"product_brand":[],"product_cat":[14009,12291],"product_tag":[],"class_list":{"0":"post-767970","1":"product","2":"type-product","3":"status-publish","5":"product_cat-biyografi-otobiyografi-edebiyat","6":"product_cat-edebiyat","7":"pa_cilt-ciltsiz","8":"pa_tur-kitap","9":"pa_yayinevi-tudem-yayinlari","10":"pa_yazar-feyza-hepcilingirler","12":"first","13":"instock","14":"sale","15":"shipping-taxable","16":"purchasable","17":"product-type-simple"},"_links":{"self":[{"href":"https:\/\/roveyayinevi.com.tr\/index.php\/wp-json\/wp\/v2\/product\/767970","targetHints":{"allow":["GET"]}}],"collection":[{"href":"https:\/\/roveyayinevi.com.tr\/index.php\/wp-json\/wp\/v2\/product"}],"about":[{"href":"https:\/\/roveyayinevi.com.tr\/index.php\/wp-json\/wp\/v2\/types\/product"}],"wp:attachment":[{"href":"https:\/\/roveyayinevi.com.tr\/index.php\/wp-json\/wp\/v2\/media?parent=767970"}],"wp:term":[{"taxonomy":"product_brand","embeddable":true,"href":"https:\/\/roveyayinevi.com.tr\/index.php\/wp-json\/wp\/v2\/product_brand?post=767970"},{"taxonomy":"product_cat","embeddable":true,"href":"https:\/\/roveyayinevi.com.tr\/index.php\/wp-json\/wp\/v2\/product_cat?post=767970"},{"taxonomy":"product_tag","embeddable":true,"href":"https:\/\/roveyayinevi.com.tr\/index.php\/wp-json\/wp\/v2\/product_tag?post=767970"}],"curies":[{"name":"wp","href":"https:\/\/api.w.org\/{rel}","templated":true}]}}