{"id":767969,"date":"2025-08-28T13:05:10","date_gmt":"2025-08-28T10:05:10","guid":{"rendered":"https:\/\/roveyayinevi.com.tr\/index.php\/urun\/gec-cicek-acanlar\/"},"modified":"2026-04-03T03:25:08","modified_gmt":"2026-04-03T00:25:08","slug":"gec-cicek-acanlar","status":"publish","type":"product","link":"https:\/\/roveyayinevi.com.tr\/index.php\/urun\/gec-cicek-acanlar\/","title":{"rendered":"Ge\u00e7 \u00c7i\u00e7ek A\u00e7anlar"},"content":{"rendered":"<p>Kendi yolunuzu bulman\u0131n uzun vadeli ba\u015far\u0131 ve mutluluk i\u00e7in nas\u0131l bir bak\u0131\u015f a\u00e7\u0131s\u0131 sa\u011flayabilece\u011fine dair \u00e7\u0131\u011f\u0131r a\u00e7an bir ke\u015fif.     Erken ba\u015far\u0131ya tak\u0131nt\u0131l\u0131 bir \u00e7a\u011fda ya\u015f\u0131yoruz. \u00c7ocuklar\u0131m\u0131z\u0131n \u00fcniversite s\u0131navlar\u0131nda m\u00fckemmel puanlar almas\u0131n\u0131, prestijli okullarda e\u011fitim g\u00f6rmelerini, \u00f6nemli \u015firketlerde ve harika pozisyonlarda i\u015f hayat\u0131na at\u0131lmalar\u0131n\u0131, hatta belki de giri\u015fimci olup b\u00fcy\u00fck ba\u015far\u0131lara imza atmalar\u0131n\u0131 arzuluyoruz. Ya da kimilerinin otuz ya\u015f\u0131ndan \u00f6nce zengin oldu\u011funu g\u00f6r\u00fcyor, onlardan biri de\u011filsek, ba\u015far\u0131s\u0131z oldu\u011fumuzu varsay\u0131yoruz.  Ge\u00e7 \u00e7i\u00e7ek a\u00e7anlar ise pop\u00fcler k\u00fclt\u00fcr\u00fcn de k\u00f6r\u00fcklemesiyle e\u011fitimciler, i\u015fverenler, hatta fark\u0131nda olmadan ebeveynler taraf\u0131ndan yeterince de\u011ferli g\u00f6r\u00fcnm\u00fcyor, Bu sebeple \u00e7o\u011fumuz erken ya\u015fta ba\u015far\u0131y\u0131 yakalamakta g\u00fc\u00e7l\u00fck \u00e7ekiyoruz, i\u015fin g\u00fczel yan\u0131ysa bunu yapmak zorunda olmay\u0131\u015f\u0131m\u0131z. Tutkular\u0131m\u0131z\u0131n ve yeteneklerimizin ke\u015ffi i\u00e7in zamana ihtiyac\u0131m\u0131z olmas\u0131\u2026 \u00dcstelik bir\u00e7o\u011fumuzun neden ge\u00e7 \u00e7i\u00e7ek a\u00e7t\u0131\u011f\u0131m\u0131z\u0131n bilimsel bir a\u00e7\u0131klamas\u0131 da var. Y\u0131llar s\u00fcren ara\u015ft\u0131rmalara, ki\u015fisel deneyimlere, n\u00f6robilimcilerle, psikologlarla ve kariyerlerinin farkl\u0131 a\u015famalar\u0131ndaki insanlarla yap\u0131lan r\u00f6portajlarla dolu Ge\u00e7 \u00c7i\u00e7ek A\u00e7anlar bu ger\u00e7e\u011fi, mercek alt\u0131na al\u0131yor ve ge\u00e7 \u00e7i\u00e7ek a\u00e7man\u0131n meziyetlerini okurlarla payla\u015f\u0131yor.<\/p>\n","protected":false},"excerpt":{"rendered":"<p>Kendi yolunuzu bulman\u0131n uzun vadeli ba\u015far\u0131 ve mutluluk i\u00e7in nas\u0131l bir bak\u0131\u015f a\u00e7\u0131s\u0131 sa\u011flayabilece\u011fine dair \u00e7\u0131\u011f\u0131r a\u00e7an bir ke\u015fif. Erken ba\u015far\u0131ya tak\u0131nt\u0131l\u0131 bir \u00e7a\u011fda ya\u015f\u0131yoruz. \u00c7ocuklar\u0131m\u0131z\u0131n<span class=\"excerpt-hellip\"> [\u2026]<\/span><\/p>\n","protected":false},"featured_media":0,"template":"","meta":{"_monsterinsights_skip_tracking":false,"_monsterinsights_sitenote_active":false,"_monsterinsights_sitenote_note":"","_monsterinsights_sitenote_category":0},"product_brand":[],"product_cat":[12364,12376],"product_tag":[],"class_list":{"0":"post-767969","1":"product","2":"type-product","3":"status-publish","5":"product_cat-genel-konular","6":"product_cat-kisisel-gelisim","7":"pa_cilt-ciltsiz","8":"pa_tur-kitap","9":"pa_yayinevi-serenad-yayinevi","10":"pa_yazar-rich-karlgaard","12":"first","13":"instock","14":"sale","15":"shipping-taxable","16":"purchasable","17":"product-type-simple"},"_links":{"self":[{"href":"https:\/\/roveyayinevi.com.tr\/index.php\/wp-json\/wp\/v2\/product\/767969","targetHints":{"allow":["GET"]}}],"collection":[{"href":"https:\/\/roveyayinevi.com.tr\/index.php\/wp-json\/wp\/v2\/product"}],"about":[{"href":"https:\/\/roveyayinevi.com.tr\/index.php\/wp-json\/wp\/v2\/types\/product"}],"wp:attachment":[{"href":"https:\/\/roveyayinevi.com.tr\/index.php\/wp-json\/wp\/v2\/media?parent=767969"}],"wp:term":[{"taxonomy":"product_brand","embeddable":true,"href":"https:\/\/roveyayinevi.com.tr\/index.php\/wp-json\/wp\/v2\/product_brand?post=767969"},{"taxonomy":"product_cat","embeddable":true,"href":"https:\/\/roveyayinevi.com.tr\/index.php\/wp-json\/wp\/v2\/product_cat?post=767969"},{"taxonomy":"product_tag","embeddable":true,"href":"https:\/\/roveyayinevi.com.tr\/index.php\/wp-json\/wp\/v2\/product_tag?post=767969"}],"curies":[{"name":"wp","href":"https:\/\/api.w.org\/{rel}","templated":true}]}}