{"id":767966,"date":"2025-08-28T13:05:04","date_gmt":"2025-08-28T10:05:04","guid":{"rendered":"https:\/\/roveyayinevi.com.tr\/index.php\/urun\/anlat-bana-resimli-kesif-kitabi\/"},"modified":"2026-04-15T03:33:57","modified_gmt":"2026-04-15T00:33:57","slug":"anlat-bana-resimli-kesif-kitabi","status":"publish","type":"product","link":"https:\/\/roveyayinevi.com.tr\/index.php\/urun\/anlat-bana-resimli-kesif-kitabi\/","title":{"rendered":"Anlat Bana: Resimli Ke\u015fif Kitab\u0131"},"content":{"rendered":"<p>Kronik \u00c7ocuk\u2019tan k\u00fc\u00e7\u00fck k\u00e2\u015fifler i\u00e7in bir k\u0131lavuz: Anlat Bana: Resimli Ke\u015fif Kitab\u0131! Steffie Brocoli\u2019nin yaz\u0131p resimledi\u011fi Anlat Bana; hayvanlardan yemeklere, sanattan mesleklere, spordan seyahatlere bir\u00e7ok konuda yol g\u00f6steriyor.   Steffie Brocoli\u2019nin Graou dergisindeki k\u00f6\u015fesinden derlenen bu 26 hik\u00e2ye, \u00e2deta bir mini ansiklopedi olu\u015fturuyor. K\u00fc\u00e7\u00fck k\u00e2\u015fiflerin, a\u00e7\u0131klamalar\u0131 parmaklar\u0131yla takip edip kendi kendilerine yollar\u0131n\u0131 bularak ula\u015ft\u0131\u011f\u0131 temel bilgiler, ger\u00e7ek hayata dair kapsaml\u0131 ve \u00f6\u011fretici detaylar aktar\u0131yor.   Canl\u0131 renkler, a\u00e7\u0131klay\u0131c\u0131 anlat\u0131mlar, \u00f6zenle se\u00e7ilmi\u015f kelimeler\u2026 Bu 26 k\u00fc\u00e7\u00fck hik\u00e2yeyle \u00e7ocuklar\u0131n\u0131z hayata dair merak ettikleri her \u015feyin cevab\u0131n\u0131 bulacak.   Arka Kapak Yaz\u0131s\u0131:   G\u00fcn\u00fcn her saati okuyabilece\u011fin bu yirmi alt\u0131 k\u0131sa \u00f6yk\u00fcyle hayat\u0131, do\u011fay\u0131 ve etraf\u0131ndaki d\u00fcnyay\u0131 ke\u015ffet!   A\u00e7\u0131klamalar i\u00e7in parma\u011f\u0131nla \u00e7izgiyi takip et!   M\u00fcfredat temalar\u0131:  \u00c7OCUK D\u00dcNYASI, B\u0130REY ve TOPLUM, KE\u015e\u0130F, K\u0130\u015e\u0130SEL GEL\u0130\u015e\u0130M, ZAMAN ve MEK\u00c2N, DO\u011eA ve EVREN <\/p>\n","protected":false},"excerpt":{"rendered":"<p>Kronik \u00c7ocuk\u2019tan k\u00fc\u00e7\u00fck k\u00e2\u015fifler i\u00e7in bir k\u0131lavuz: Anlat Bana: Resimli Ke\u015fif Kitab\u0131! Steffie Brocoli\u2019nin yaz\u0131p resimledi\u011fi Anlat Bana; hayvanlardan yemeklere, sanattan mesleklere, spordan seyahatlere bir\u00e7ok konuda<span class=\"excerpt-hellip\"> [\u2026]<\/span><\/p>\n","protected":false},"featured_media":0,"template":"","meta":{"_monsterinsights_skip_tracking":false,"_monsterinsights_sitenote_active":false,"_monsterinsights_sitenote_note":"","_monsterinsights_sitenote_category":0},"product_brand":[],"product_cat":[12274,15842],"product_tag":[],"class_list":{"0":"post-767966","1":"product","2":"type-product","3":"status-publish","5":"product_cat-cocuk-ve-genclik-kitaplari","6":"product_cat-egitici-kitaplar","7":"pa_cilt-ciltsiz","8":"pa_tur-kitap","9":"pa_yayinevi-kronik-kitap","10":"pa_yazar-steffie-brocoli","12":"first","13":"instock","14":"sale","15":"shipping-taxable","16":"purchasable","17":"product-type-simple"},"_links":{"self":[{"href":"https:\/\/roveyayinevi.com.tr\/index.php\/wp-json\/wp\/v2\/product\/767966","targetHints":{"allow":["GET"]}}],"collection":[{"href":"https:\/\/roveyayinevi.com.tr\/index.php\/wp-json\/wp\/v2\/product"}],"about":[{"href":"https:\/\/roveyayinevi.com.tr\/index.php\/wp-json\/wp\/v2\/types\/product"}],"wp:attachment":[{"href":"https:\/\/roveyayinevi.com.tr\/index.php\/wp-json\/wp\/v2\/media?parent=767966"}],"wp:term":[{"taxonomy":"product_brand","embeddable":true,"href":"https:\/\/roveyayinevi.com.tr\/index.php\/wp-json\/wp\/v2\/product_brand?post=767966"},{"taxonomy":"product_cat","embeddable":true,"href":"https:\/\/roveyayinevi.com.tr\/index.php\/wp-json\/wp\/v2\/product_cat?post=767966"},{"taxonomy":"product_tag","embeddable":true,"href":"https:\/\/roveyayinevi.com.tr\/index.php\/wp-json\/wp\/v2\/product_tag?post=767966"}],"curies":[{"name":"wp","href":"https:\/\/api.w.org\/{rel}","templated":true}]}}