{"id":767963,"date":"2025-08-28T13:04:59","date_gmt":"2025-08-28T10:04:59","guid":{"rendered":"https:\/\/roveyayinevi.com.tr\/index.php\/urun\/anne-beyni\/"},"modified":"2026-04-15T03:33:57","modified_gmt":"2026-04-15T00:33:57","slug":"anne-beyni","status":"publish","type":"product","link":"https:\/\/roveyayinevi.com.tr\/index.php\/urun\/anne-beyni\/","title":{"rendered":"Anne Beyni"},"content":{"rendered":"<p>B\u0130R ANNE OLMAKGER\u00c7EKTE NE ANLAMA GEL\u0130R?   Bebek bekleyen ebeveynler olarak hamilelik boyunca bu s\u00fcrecin bedenimiz a\u00e7\u0131s\u0131ndan ne anlama geldi\u011fine dair bilgi bombard\u0131man\u0131na tutuluruz. Davran\u0131\u015flar\u0131m\u0131z\u0131n \u00e7ocuklar\u0131m\u0131z i\u00e7in ne anlama gelece\u011fiyle, yapt\u0131\u011f\u0131m\u0131z se\u00e7imlerin \u00e7ocuklar\u0131n geli\u015fmekte olan bedenlerini ve hayat boyu fiziksel ve ruhsal sa\u011fl\u0131klar\u0131n\u0131 nas\u0131l etkileyece\u011fiyle ilgili bilgilerle \u015fa\u015fk\u0131na d\u00f6neriz. Kendimizle ilgili \u00e7ok az \u015fey \u00f6\u011freniriz. Partnerlerimizle ilgili daha da az \u015fey \u00f6\u011freniriz. Peki, anneli\u011fe giden yolda edindi\u011fimiz tu\u0308m bilgiler aras\u0131nda ebeveynli\u011fin bizi, i\u00e7 du\u0308nyam\u0131z\u0131 nas\u0131l de\u011fi\u015ftirece\u011fiyle ilgili neler \u00f6\u011freniriz? Ya \u00e7ocuk sahibi olduktan sonra bir ki\u015finin bili\u015fsel i\u015flevine neler oldu\u011fuyla? Ya yarat\u0131c\u0131l\u0131klar\u0131na ve duygusal durumlar\u0131na? Ebeveyn beyni bir bebe\u011fin \u00e7o\u011fu zaman daha \u00f6nceden ke\u015ffedilmemi\u015f bir dile benzer yollarla iletilen ihtiya\u00e7lar\u0131n\u0131 nas\u0131l anlar? Annelik tamamen i\u00e7g\u00fcd\u00fcsel olarak i\u00e7imizde bir yerlerde var olan ve bebe\u011fimizi kuca\u011f\u0131m\u0131za al\u0131nca aktif h\u00e2le gelecek bilgiler b\u00fct\u00fcn\u00fc m\u00fcd\u00fcr? Bu, kad\u0131nlarda do\u011fu\u015ftan var olan bir i\u00e7gu\u0308du\u0308 de\u011filse ba\u015fka ne olabilir? Peki, babalar ve di\u011fer bak\u0131mverenlerin beyinleri, duygular\u0131 ve bedenleri ebeveynlik s\u00fcreciyle nas\u0131l d\u00f6n\u00fc\u015f\u00fcr? Ebeveynlik konusunda n\u00f6rolojik, bili\u015fsel ve psikolojik ara\u015ft\u0131rmalar\u0131 bir araya getiren Chelsea Conaboy, \u00e7\u0131\u011f\u0131r a\u00e7an Anne Beyni isimli eseriyle bak\u0131m vermenin s\u0131kl\u0131kla varsay\u0131ld\u0131\u011f\u0131 kadar i\u00e7g\u00fcd\u00fcsel olmad\u0131\u011f\u0131n\u0131 iddia ediyor. Conaboy, \u00e7ocu\u011funun do\u011fumuyla her \u015feyin de\u011fi\u015fece\u011fini bekliyordu. Beklemedi\u011fi \u015fey, ne kadar farkl\u0131 hissedece\u011fiydi. Ancak bunun ard\u0131nda ne oldu\u011funu k\u0131sa s\u00fcrede ke\u015ffedecekti: de\u011fi\u015fen beyni. Anne Beyni; bu\u0308yu\u0308kanneler, bu\u0308yu\u0308kbabalar, politika yap\u0131c\u0131lar, \u00e7al\u0131\u015fan her ebeveyn ve onlar\u0131n mu\u0308du\u0308rlerinin yan\u0131 s\u0131ra, bir ebeveyn olup olmamay\u0131 du\u0308\u015fu\u0308nen ve karar vermesine yard\u0131mc\u0131 olacak kulaktan dolma bilgiler d\u0131\u015f\u0131nda bilgi aray\u0131\u015f\u0131nda olan herkesin okumas\u0131 gereken bir eser&#8230; <\/p>\n","protected":false},"excerpt":{"rendered":"<p>B\u0130R ANNE OLMAKGER\u00c7EKTE NE ANLAMA GEL\u0130R? Bebek bekleyen ebeveynler olarak hamilelik boyunca bu s\u00fcrecin bedenimiz a\u00e7\u0131s\u0131ndan ne anlama geldi\u011fine dair bilgi bombard\u0131man\u0131na tutuluruz. Davran\u0131\u015flar\u0131m\u0131z\u0131n \u00e7ocuklar\u0131m\u0131z i\u00e7in<span class=\"excerpt-hellip\"> [\u2026]<\/span><\/p>\n","protected":false},"featured_media":0,"template":"","meta":{"_monsterinsights_skip_tracking":false,"_monsterinsights_sitenote_active":false,"_monsterinsights_sitenote_note":"","_monsterinsights_sitenote_category":0},"product_brand":[],"product_cat":[12831,12324],"product_tag":[],"class_list":{"0":"post-767963","1":"product","2":"type-product","3":"status-publish","5":"product_cat-aile-ve-cocuk","6":"product_cat-sosyoloji","7":"pa_cilt-ciltsiz","8":"pa_tur-kitap","9":"pa_yayinevi-kronik-kitap","10":"pa_yazar-chelsea-conaboy","12":"first","13":"instock","14":"sale","15":"shipping-taxable","16":"purchasable","17":"product-type-simple"},"_links":{"self":[{"href":"https:\/\/roveyayinevi.com.tr\/index.php\/wp-json\/wp\/v2\/product\/767963","targetHints":{"allow":["GET"]}}],"collection":[{"href":"https:\/\/roveyayinevi.com.tr\/index.php\/wp-json\/wp\/v2\/product"}],"about":[{"href":"https:\/\/roveyayinevi.com.tr\/index.php\/wp-json\/wp\/v2\/types\/product"}],"wp:attachment":[{"href":"https:\/\/roveyayinevi.com.tr\/index.php\/wp-json\/wp\/v2\/media?parent=767963"}],"wp:term":[{"taxonomy":"product_brand","embeddable":true,"href":"https:\/\/roveyayinevi.com.tr\/index.php\/wp-json\/wp\/v2\/product_brand?post=767963"},{"taxonomy":"product_cat","embeddable":true,"href":"https:\/\/roveyayinevi.com.tr\/index.php\/wp-json\/wp\/v2\/product_cat?post=767963"},{"taxonomy":"product_tag","embeddable":true,"href":"https:\/\/roveyayinevi.com.tr\/index.php\/wp-json\/wp\/v2\/product_tag?post=767963"}],"curies":[{"name":"wp","href":"https:\/\/api.w.org\/{rel}","templated":true}]}}