{"id":767960,"date":"2025-08-28T13:04:54","date_gmt":"2025-08-28T10:04:54","guid":{"rendered":"https:\/\/roveyayinevi.com.tr\/index.php\/urun\/ruslarin-gozuyle-turkler\/"},"modified":"2026-04-15T03:33:57","modified_gmt":"2026-04-15T00:33:57","slug":"ruslarin-gozuyle-turkler","status":"publish","type":"product","link":"https:\/\/roveyayinevi.com.tr\/index.php\/urun\/ruslarin-gozuyle-turkler\/","title":{"rendered":"Ruslar\u0131n G\u00f6z\u00fcyle T\u00fcrkler"},"content":{"rendered":"<p>Ruslar\u0131n G\u00f6z\u00fcyle T\u00fcrkler    Ruslar\u0131n atalar\u0131 Slavlar, tarih sahnesine \u00e7\u0131kt\u0131klar\u0131 andan itibaren ba\u015fta Avar ve Hazarlar, daha sonraki d\u00f6nemlerde ise Pe\u00e7enek, K\u0131p\u00e7ak ve \u0130dil Bulgarlar\u0131 gibi T\u00fcrk devlet ve boylar\u0131yla yan yana ya\u015fad\u0131lar. Avar ve Hazarlar Slav boylar\u0131ndan vergi toplarken; Pe\u00e7enekler Slav d\u00fcnyas\u0131n\u0131 \u00e2deta yeniden dizayn ettiler. K\u0131p\u00e7ak hanlar\u0131n\u0131n k\u0131zlar\u0131yla yap\u0131lan evlilikler ise R\u00fcrikler aras\u0131nda anne taraf\u0131ndan T\u00fcrk olan h\u00fck\u00fcmdarlar\u0131n ortaya \u00e7\u0131kmas\u0131n\u0131 sa\u011flad\u0131. Taraflar aras\u0131ndaki etkile\u015fimin neticesinde ise Knez Vladimir, Rus y\u0131ll\u0131klar\u0131nda \u201cka\u011fan\u201d olarak adland\u0131r\u0131l\u0131rken Ruslar\u0131n ilk destan\u0131 olan \u0130gor B\u00f6l\u00fc\u011f\u00fc Destan\u0131, K\u0131p\u00e7aklarla m\u00fccadeleyi konu etmektedir.   Alt\u0131n Orda\u2019n\u0131n kurulmas\u0131yla birlikte Rus knezlikleri 2.5 as\u0131r s\u00fcrecek Alt\u0131n Orda\u2019n\u0131n h\u00e2kimiyetine girdiler. \u201cRusun alt\u0131n\u0131 kazarsan Tatar \u00e7\u0131kar\u201d \u015feklindeki atas\u00f6z\u00fc de bu durumu en iyi \u015fekilde ifade eden bir s\u00f6zd\u00fcr. Alt\u0131n Orda\u2019n\u0131n par\u00e7alanmas\u0131yla ba\u011f\u0131ms\u0131zl\u0131\u011f\u0131n\u0131 kazanan Rusya, \u00e7ok ge\u00e7meden Alt\u0131n Orda\u2019n\u0131n miras\u00e7\u0131lar\u0131n\u0131 ele ge\u00e7irdi ve uzun as\u0131rlardan sonra b\u00f6lgede denge, Ruslar\u0131n lehine de\u011fi\u015fti. Moskova\u2019n\u0131n sonraki s\u00fcre\u00e7te dikkatlerini Osmanl\u0131\u2019daki Slav ve Ortodoks halklara \u00e7evirmesi ise \u00e7ok say\u0131da Osmanl\u0131-Rus sava\u015f\u0131n\u0131n ya\u015fanmas\u0131na neden oldu.   Peki Rus y\u0131ll\u0131klar\u0131nda T\u00fcrkler nas\u0131l resmedildi?  Ruslar\u0131n g\u00f6z\u00fcnde nas\u0131l bir T\u00fcrk imaj\u0131 vard\u0131? Rus yazar ve \u015fairler T\u00fcrkler hakk\u0131nda neler yazd\u0131? Rus ressamlar T\u00fcrklerle ilgili ne t\u00fcr resimler yapt\u0131?  Osmanl\u0131\u2019da bulunan Rus diplomat, t\u00fcccar, seyyah, din adamlar\u0131 hat\u0131ralar\u0131nda T\u00fcrklerin ne t\u00fcr \u00f6zelliklerine dikkat \u00e7ekti?  Rus Genelkurmay belgeleri ile Sovyet diplomatlar\u0131n\u0131n hat\u0131ralar\u0131nda T\u00fcrkiye ile ilgili hangi konulara yer verildi?   \u0130lyas Kemalo\u011flu\u2019nun Rus y\u0131ll\u0131klar\u0131, Rus diplomat ve seyyahlar\u0131n\u0131n rapor ve seyahatnameleri, T\u00fcrk-Rus sava\u015flar\u0131na kat\u0131lan Rus askerlerinin an\u0131lar\u0131, Rus istihbarat\u00e7\u0131lar\u0131n\u0131n notlar\u0131, diplomatik yaz\u0131\u015fmalar\u0131, Rus edeb\u00ee eser ve destanlar\u0131, farkl\u0131 d\u00f6nem Rus entelekt\u00fcellerinin T\u00fcrklerle ilgili kaleme ald\u0131klar\u0131 eserleri tarayarak kaleme ald\u0131\u011f\u0131 bu \u00e7al\u0131\u015fma, Ruslar\u0131n tarih boyunca T\u00fcrklere bak\u0131\u015f\u0131n\u0131 ortaya koydu\u011fu gibi okuyucuya T\u00fcrk-Rus ili\u015fkilerinin panoramas\u0131n\u0131 da sunmaktad\u0131r. <\/p>\n","protected":false},"excerpt":{"rendered":"<p>Ruslar\u0131n G\u00f6z\u00fcyle T\u00fcrkler Ruslar\u0131n atalar\u0131 Slavlar, tarih sahnesine \u00e7\u0131kt\u0131klar\u0131 andan itibaren ba\u015fta Avar ve Hazarlar, daha sonraki d\u00f6nemlerde ise Pe\u00e7enek, K\u0131p\u00e7ak ve \u0130dil Bulgarlar\u0131 gibi T\u00fcrk<span class=\"excerpt-hellip\"> [\u2026]<\/span><\/p>\n","protected":false},"featured_media":0,"template":"","meta":{"_monsterinsights_skip_tracking":false,"_monsterinsights_sitenote_active":false,"_monsterinsights_sitenote_note":"","_monsterinsights_sitenote_category":0},"product_brand":[],"product_cat":[12305,12304],"product_tag":[],"class_list":{"0":"post-767960","1":"product","2":"type-product","3":"status-publish","5":"product_cat-dunya-tarihi","6":"product_cat-tarih","7":"pa_cilt-ciltsiz","8":"pa_tur-kitap","9":"pa_yayinevi-kronik-kitap","10":"pa_yazar-ilyas-kemaloglu","12":"first","13":"instock","14":"sale","15":"shipping-taxable","16":"purchasable","17":"product-type-simple"},"_links":{"self":[{"href":"https:\/\/roveyayinevi.com.tr\/index.php\/wp-json\/wp\/v2\/product\/767960","targetHints":{"allow":["GET"]}}],"collection":[{"href":"https:\/\/roveyayinevi.com.tr\/index.php\/wp-json\/wp\/v2\/product"}],"about":[{"href":"https:\/\/roveyayinevi.com.tr\/index.php\/wp-json\/wp\/v2\/types\/product"}],"wp:attachment":[{"href":"https:\/\/roveyayinevi.com.tr\/index.php\/wp-json\/wp\/v2\/media?parent=767960"}],"wp:term":[{"taxonomy":"product_brand","embeddable":true,"href":"https:\/\/roveyayinevi.com.tr\/index.php\/wp-json\/wp\/v2\/product_brand?post=767960"},{"taxonomy":"product_cat","embeddable":true,"href":"https:\/\/roveyayinevi.com.tr\/index.php\/wp-json\/wp\/v2\/product_cat?post=767960"},{"taxonomy":"product_tag","embeddable":true,"href":"https:\/\/roveyayinevi.com.tr\/index.php\/wp-json\/wp\/v2\/product_tag?post=767960"}],"curies":[{"name":"wp","href":"https:\/\/api.w.org\/{rel}","templated":true}]}}