{"id":767958,"date":"2025-08-28T13:04:50","date_gmt":"2025-08-28T10:04:50","guid":{"rendered":"https:\/\/roveyayinevi.com.tr\/index.php\/urun\/buyuk-yatirimcilar\/"},"modified":"2026-04-15T03:33:57","modified_gmt":"2026-04-15T00:33:57","slug":"buyuk-yatirimcilar","status":"publish","type":"product","link":"https:\/\/roveyayinevi.com.tr\/index.php\/urun\/buyuk-yatirimcilar\/","title":{"rendered":"B\u00fcy\u00fck Yat\u0131r\u0131mc\u0131lar"},"content":{"rendered":"<p>BORSA EFSANELER\u0130NDEN DERSLER \u201cServet edinme konusunda istisnai bir yetene\u011fe sahip gibi g\u00f6r\u00fcnen baz\u0131 \u00e7ok \u00f6zel insanlar vard\u0131r. Bana \u00f6yle geliyor ki hen\u00fcz b\u00fcy\u00fck at\u0131l\u0131mlar\u0131n\u0131 ger\u00e7ekle\u015ftirmemi\u015f olan pek \u00e7ok insan, en b\u00fcy\u00fck yat\u0131r\u0131mc\u0131lar\u0131n kulland\u0131klar\u0131 tekniklerin k\u0131sa ve \u00f6z analizlerini okumaktan ho\u015flanacakt\u0131r; b\u00f6ylece ortalama bir yat\u0131r\u0131mc\u0131dan daha iyi performans g\u00f6stermelerini sa\u011flayacak dersler al\u0131p alamayacaklar\u0131n\u0131 g\u00f6receklerdir.\u201d Benjamin Graham, Philip Fisher, Warren Buffett, Charles Munger, Sir John Templeton, George Soros, Peter Lynch, John Neff ve Anthony Bolton\u2026 Finans d\u00fcnyas\u0131n\u0131n bu dokuz efsane ismi ba\u015far\u0131ya nas\u0131l ula\u015ft\u0131? Servetlerini hangi y\u00f6ntemlerle in\u015fa ettiler? Onlar\u0131n yat\u0131r\u0131m stratejileri \u201cs\u0131radan\u201d bir yat\u0131r\u0131mc\u0131 i\u00e7in uygulanabilir mi? Borsa bir kumarhane mi yoksa zengin olmak i\u00e7in bir f\u0131rsat kap\u0131s\u0131 m\u0131? Financial Times yazar\u0131 Glen Arnold, B\u00fcy\u00fck Yat\u0131r\u0131mc\u0131lar kitab\u0131nda d\u00fcnyan\u0131n en ba\u015far\u0131l\u0131 yat\u0131r\u0131mc\u0131lar\u0131n\u0131n felsefelerini, y\u00f6ntem ve stratejilerini titizlikle inceliyor. Bu isimlerin piyasalar\u0131 nas\u0131l alt etti\u011fini, ba\u015far\u0131lar\u0131n\u0131n temel unsurlar\u0131n\u0131 ortaya koyuyor ve bunlar\u0131n yat\u0131r\u0131m d\u00fcnyas\u0131nda nas\u0131l uygulanabilece\u011fini g\u00f6steriyor. Arnold, yat\u0131r\u0131mc\u0131lara hem teorik hem de pratik a\u00e7\u0131dan ilham veren bir rehber sunarken karma\u015f\u0131k finans kavramlar\u0131n\u0131 anla\u015f\u0131l\u0131r bir \u015fekilde a\u00e7\u0131klay\u0131p okuyucular\u0131na kendi stratejilerine uyarlayabilecekleri temel dersler \u00f6\u011fretiyor. \u0130ster yat\u0131r\u0131m d\u00fcnyas\u0131na yeni ad\u0131m atan biri, ister deneyimli bir portf\u00f6y y\u00f6neticisi olun, B\u00fcy\u00fck Yat\u0131r\u0131mc\u0131lar yaln\u0131zca ba\u015far\u0131l\u0131 yat\u0131r\u0131mc\u0131lar\u0131n zihin yap\u0131lar\u0131n\u0131 ve tekniklerini anlaman\u0131z\u0131 de\u011fil, ayn\u0131 zamanda bu yolda yap\u0131lan hatalardan ka\u00e7\u0131nman\u0131z\u0131 da sa\u011flayacak.<\/p>\n","protected":false},"excerpt":{"rendered":"<p>BORSA EFSANELER\u0130NDEN DERSLER \u201cServet edinme konusunda istisnai bir yetene\u011fe sahip gibi g\u00f6r\u00fcnen baz\u0131 \u00e7ok \u00f6zel insanlar vard\u0131r. Bana \u00f6yle geliyor ki hen\u00fcz b\u00fcy\u00fck at\u0131l\u0131mlar\u0131n\u0131 ger\u00e7ekle\u015ftirmemi\u015f olan<span class=\"excerpt-hellip\"> [\u2026]<\/span><\/p>\n","protected":false},"featured_media":0,"template":"","meta":{"_monsterinsights_skip_tracking":false,"_monsterinsights_sitenote_active":false,"_monsterinsights_sitenote_note":"","_monsterinsights_sitenote_category":0},"product_brand":[],"product_cat":[13043,17647],"product_tag":[],"class_list":{"0":"post-767958","1":"product","2":"type-product","3":"status-publish","5":"product_cat-ekonomi","6":"product_cat-is-dunyasi","7":"pa_cilt-ciltsiz","8":"pa_tur-kitap","9":"pa_yayinevi-kronik-kitap","10":"pa_yazar-glen-arnold","12":"first","13":"instock","14":"sale","15":"shipping-taxable","16":"purchasable","17":"product-type-simple"},"_links":{"self":[{"href":"https:\/\/roveyayinevi.com.tr\/index.php\/wp-json\/wp\/v2\/product\/767958","targetHints":{"allow":["GET"]}}],"collection":[{"href":"https:\/\/roveyayinevi.com.tr\/index.php\/wp-json\/wp\/v2\/product"}],"about":[{"href":"https:\/\/roveyayinevi.com.tr\/index.php\/wp-json\/wp\/v2\/types\/product"}],"wp:attachment":[{"href":"https:\/\/roveyayinevi.com.tr\/index.php\/wp-json\/wp\/v2\/media?parent=767958"}],"wp:term":[{"taxonomy":"product_brand","embeddable":true,"href":"https:\/\/roveyayinevi.com.tr\/index.php\/wp-json\/wp\/v2\/product_brand?post=767958"},{"taxonomy":"product_cat","embeddable":true,"href":"https:\/\/roveyayinevi.com.tr\/index.php\/wp-json\/wp\/v2\/product_cat?post=767958"},{"taxonomy":"product_tag","embeddable":true,"href":"https:\/\/roveyayinevi.com.tr\/index.php\/wp-json\/wp\/v2\/product_tag?post=767958"}],"curies":[{"name":"wp","href":"https:\/\/api.w.org\/{rel}","templated":true}]}}