{"id":767957,"date":"2025-08-28T13:04:49","date_gmt":"2025-08-28T10:04:49","guid":{"rendered":"https:\/\/roveyayinevi.com.tr\/index.php\/urun\/buyuk-konstantin\/"},"modified":"2026-04-15T03:33:57","modified_gmt":"2026-04-15T00:33:57","slug":"buyuk-konstantin","status":"publish","type":"product","link":"https:\/\/roveyayinevi.com.tr\/index.php\/urun\/buyuk-konstantin\/","title":{"rendered":"B\u00fcy\u00fck Konstantin"},"content":{"rendered":"<p>CONSTANT\u0130NOPOL\u0130S\u2019\u0130N KURUCUSU YEN\u0130LMEZ \u0130MPARATOR MS 312\u2019de B\u00fcy\u00fck Konstantin, b\u00f6l\u00fcnm\u00fc\u015f Roma \u0130mparatorlu\u011fu\u2019nu birle\u015ftirme m\u00fccadelesinde Roma\u2019ya y\u00fcr\u00fcd\u00fc ve Bat\u0131\u2019n\u0131n kontrol\u00fcn\u00fc ele ge\u00e7irdi. Zaferinin arifesinde g\u00f6ky\u00fcz\u00fcnde \u201cBu i\u015faretle kazanacaks\u0131n\u201d s\u00f6zleriyle bir ha\u00e7 g\u00f6rd\u00fc\u011f\u00fcn\u00fc iddia eden Konstantin, askerlerinin kalkanlar\u0131na bu sembol\u00fc kaz\u0131tt\u0131. H\u0131ristiyanlara y\u00f6nelik zulm\u00fc sona erdirerek bu inanc\u0131 devlet taraf\u0131ndan kabul g\u00f6ren bir din h\u00e2line getirdi ve kurumsalla\u015ft\u0131rd\u0131\u011f\u0131 Kilise ile H\u0131ristiyanl\u0131\u011f\u0131 imparatorlu\u011fun kalbine yerle\u015ftirdi. Usta tarih\u00e7i Paul Stephenson\u2019un hayat\u0131n\u0131 kaleme ald\u0131\u011f\u0131 B\u00fcy\u00fck Konstantin yaln\u0131zca Roma\u2019n\u0131n tek h\u00e2kimi olan bir imparator de\u011fil, ayn\u0131 zamanda H\u0131ristiyanl\u0131k tarihini \u015fekillendiren bir devrimciydi. Din\u00ee farkl\u0131l\u0131klar\u0131 uzla\u015ft\u0131rmak amac\u0131yla 325 y\u0131l\u0131nda \u0130znik Konsili\u2019ni toplad\u0131 ve bu toplant\u0131, H\u0131ristiyanl\u0131k doktrinlerinin birle\u015ftirilmesinde \u00f6nemli bir d\u00f6n\u00fcm noktas\u0131 oldu. Ordusunda te\u015fvik etti\u011fi H\u0131ristiyanl\u0131k, askerler aras\u0131nda h\u0131zla yay\u0131ld\u0131 ve terhis edilen askerler arac\u0131l\u0131\u011f\u0131yla imparatorlu\u011fun en uzak k\u00f6\u015felerine kadar ula\u015ft\u0131. Konstantin\u2019in y\u00f6netimi, din ve devlet aras\u0131ndaki ili\u015fkilerde bug\u00fcn h\u00e2l\u00e2 etkisini s\u00fcrd\u00fcren kurallar\u0131n ve geleneklerin temelini att\u0131. B\u00fcy\u00fck Konstantin\u2019in miras\u0131, en somut h\u00e2liyle, Byzantium \u00fczerine in\u015fa edilen Constantinopolis\u2019te yani \u0130stanbul\u2019da g\u00f6r\u00fclebilir. 330 y\u0131l\u0131nda ba\u015fkent ilan edilen \u015fehir, Osmanl\u0131lara kadar, Roma\u2019y\u0131 g\u00f6lgede b\u0131rakarak Bizans \u0130mparatorlu\u011fu\u2019nun merkezi ve H\u0131ristiyan d\u00fcnyas\u0131n\u0131n en b\u00fcy\u00fck metropollerinden biri h\u00e2line geldi. Kronik Kitap Biyografi Serisi\u2019nin yeni kitab\u0131 B\u00fcy\u00fck Konstantin: Yenilmez \u0130mparator, yeni bir \u00e7a\u011f\u0131n kurucusunu anlatan e\u015fsiz bir hayat hik\u00e2yesi sunuyor.<\/p>\n","protected":false},"excerpt":{"rendered":"<p>CONSTANT\u0130NOPOL\u0130S\u2019\u0130N KURUCUSU YEN\u0130LMEZ \u0130MPARATOR MS 312\u2019de B\u00fcy\u00fck Konstantin, b\u00f6l\u00fcnm\u00fc\u015f Roma \u0130mparatorlu\u011fu\u2019nu birle\u015ftirme m\u00fccadelesinde Roma\u2019ya y\u00fcr\u00fcd\u00fc ve Bat\u0131\u2019n\u0131n kontrol\u00fcn\u00fc ele ge\u00e7irdi. Zaferinin arifesinde g\u00f6ky\u00fcz\u00fcnde \u201cBu i\u015faretle kazanacaks\u0131n\u201d<span class=\"excerpt-hellip\"> [\u2026]<\/span><\/p>\n","protected":false},"featured_media":0,"template":"","meta":{"_monsterinsights_skip_tracking":false,"_monsterinsights_sitenote_active":false,"_monsterinsights_sitenote_note":"","_monsterinsights_sitenote_category":0},"product_brand":[],"product_cat":[12370,12304],"product_tag":[],"class_list":{"0":"post-767957","1":"product","2":"type-product","3":"status-publish","5":"product_cat-arastirma-inceleme","6":"product_cat-tarih","7":"pa_cilt-ciltsiz","8":"pa_tur-kitap","9":"pa_yayinevi-kronik-kitap","10":"pa_yazar-paul-stephenson","12":"first","13":"instock","14":"sale","15":"shipping-taxable","16":"purchasable","17":"product-type-simple"},"_links":{"self":[{"href":"https:\/\/roveyayinevi.com.tr\/index.php\/wp-json\/wp\/v2\/product\/767957","targetHints":{"allow":["GET"]}}],"collection":[{"href":"https:\/\/roveyayinevi.com.tr\/index.php\/wp-json\/wp\/v2\/product"}],"about":[{"href":"https:\/\/roveyayinevi.com.tr\/index.php\/wp-json\/wp\/v2\/types\/product"}],"wp:attachment":[{"href":"https:\/\/roveyayinevi.com.tr\/index.php\/wp-json\/wp\/v2\/media?parent=767957"}],"wp:term":[{"taxonomy":"product_brand","embeddable":true,"href":"https:\/\/roveyayinevi.com.tr\/index.php\/wp-json\/wp\/v2\/product_brand?post=767957"},{"taxonomy":"product_cat","embeddable":true,"href":"https:\/\/roveyayinevi.com.tr\/index.php\/wp-json\/wp\/v2\/product_cat?post=767957"},{"taxonomy":"product_tag","embeddable":true,"href":"https:\/\/roveyayinevi.com.tr\/index.php\/wp-json\/wp\/v2\/product_tag?post=767957"}],"curies":[{"name":"wp","href":"https:\/\/api.w.org\/{rel}","templated":true}]}}