{"id":767955,"date":"2025-08-28T13:04:46","date_gmt":"2025-08-28T10:04:46","guid":{"rendered":"https:\/\/roveyayinevi.com.tr\/index.php\/urun\/allah-yolunda\/"},"modified":"2026-04-15T03:33:57","modified_gmt":"2026-04-15T00:33:57","slug":"allah-yolunda","status":"publish","type":"product","link":"https:\/\/roveyayinevi.com.tr\/index.php\/urun\/allah-yolunda\/","title":{"rendered":"Allah Yolunda"},"content":{"rendered":"<p>TAR\u0130H\u0130N KIRILMA NOKTALARINDAN B\u0130R\u0130: ARAP FET\u0130HLER\u0130 \u201cArap fetihlerinin g\u00f6rkemli ve heyecan dolu yeni bir tarihi&#8230; Hoyland, paha bi\u00e7ilmez bir hizmet ger\u00e7ekle\u015ftirmi\u015f. Allah Yolunda, Arap fetihlerinin do\u011fas\u0131na dair uzun y\u0131llar boyunca okunaca\u011f\u0131 kesin.\u201d \u2013 Tom Holland \u201cRobert Hoyland&#8217;\u0131n yeni kitab\u0131, ola\u011fan\u00fcst\u00fc netli\u011fi hem M\u00fcsl\u00fcman hem de gayrim\u00fcslim kaynaklar\u0131 dengeli bir \u015fekilde de\u011ferlendirmesi ve \u00e7evre halklar\u0131 da kapsayan geni\u015f perspektifiyle, \u0130slam&#8217;\u0131n y\u00fckseli\u015fini eri\u015filebilir oldu\u011fu kadar kesin bir \u015fekilde anlat\u0131yor.\u201d \u2013 G. W. BowersockHz. Muhammed&#8217;in 632&#8217;deki vefat\u0131ndan 750&#8217;de Abbasi Halifeli\u011fi\u2019nin ba\u015flang\u0131c\u0131na kadar ge\u00e7en y\u00fcz y\u0131ldan biraz fazla bir s\u00fcre i\u00e7inde Peygamber\u2019in takip\u00e7ileri b\u00fct\u00fcn Orta Do\u011fu, Kuzey Afrika ve \u0130spanya&#8217;y\u0131 ele ge\u00e7irdi; Anadolu, Orta Asya ve Bat\u0131 Avrupa s\u0131n\u0131rlar\u0131na ula\u015ft\u0131. Fethedilen topraklar Roma \u0130mparatorlu\u011fu&#8217;nun en geni\u015f oldu\u011fu d\u00f6nemden bile daha b\u00fcy\u00fckt\u00fc ve Araplar bu topraklar\u0131 Roma\u2019n\u0131n yakla\u015f\u0131k yar\u0131s\u0131 kadar bir s\u00fcrede ele ge\u00e7irmi\u015fti. Bu kadar k\u0131sa zamanda bu denli \u00e7ok imparatorlu\u011fu, devleti ve orduyu nas\u0131l yutabildikleri, dokuzuncu y\u00fczy\u0131ldan beri tarih\u00e7ileri me\u015fgul eden bir meseledir.  \u00d6nde gelen bir Ge\u00e7 Antik \u00c7a\u011f uzman\u0131 olan Robert G. Hoyland, bu meseleyi \u00e7\u00f6zmek i\u00e7in, ilk olarak Hz. Muhammed ve takip\u00e7ilerinin i\u00e7inden \u00e7\u0131kt\u0131\u011f\u0131 geni\u015f d\u00fcnyay\u0131 inceleyerek ba\u015fl\u0131yor. Eski bir Roma eyaleti olan Arabistan\u2019da belirgin bir Arap kimli\u011finin nas\u0131l ortaya \u00e7\u0131kt\u0131\u011f\u0131n\u0131 ele alan Hoyland, Arap fetihlerini a\u00e7\u0131klamak i\u00e7in \u0130slamiyet kadar bu yeni kimli\u011fin de etkili oldu\u011funu g\u00f6steriyor. Ayn\u0131 d\u00f6nemde Bizans ve \u0130ran gibi s\u00fcper g\u00fc\u00e7lerin s\u0131n\u0131rlar\u0131nda Hazarlar, Bulgarlar, Avarlar ve T\u00fcrkler de devlet kurduklar\u0131 halde Araplar\u0131n ba\u015far\u0131s\u0131n\u0131n s\u0131rr\u0131n\u0131 ke\u015ffetme pe\u015findeki kitap, ilk M\u00fcsl\u00fcmanlar\u0131n fetih ba\u015far\u0131lar\u0131n\u0131n arkas\u0131ndaki hayati noktalar\u0131 ortaya koyuyor. Allah Yolunda: Arap Fetihleri ve \u0130slam \u0130mparatorlu\u011fu\u2019nun Kurulu\u015fu, erken d\u00f6nem \u0130slam kaynaklar\u0131n\u0131n zengin biyografik ve co\u011frafi bilgilerinden yararlan\u0131rken, farkl\u0131 yakla\u015f\u0131mlar\u0131 ve farkl\u0131 kan\u0131tlar\u0131 bir araya getirerek Arap fetihlerinin ve bir \u0130slam \u0130mparatorlu\u011fu&#8217;nun kurulu\u015funun yeni bir anlat\u0131m\u0131n\u0131 sunuyor. <\/p>\n","protected":false},"excerpt":{"rendered":"<p>TAR\u0130H\u0130N KIRILMA NOKTALARINDAN B\u0130R\u0130: ARAP FET\u0130HLER\u0130 \u201cArap fetihlerinin g\u00f6rkemli ve heyecan dolu yeni bir tarihi&#8230; Hoyland, paha bi\u00e7ilmez bir hizmet ger\u00e7ekle\u015ftirmi\u015f. Allah Yolunda, Arap fetihlerinin do\u011fas\u0131na<span class=\"excerpt-hellip\"> [\u2026]<\/span><\/p>\n","protected":false},"featured_media":0,"template":"","meta":{"_monsterinsights_skip_tracking":false,"_monsterinsights_sitenote_active":false,"_monsterinsights_sitenote_note":"","_monsterinsights_sitenote_category":0},"product_brand":[],"product_cat":[12718,12719,18109],"product_tag":[],"class_list":{"0":"post-767955","1":"product","2":"type-product","3":"status-publish","5":"product_cat-din","6":"product_cat-islam","7":"product_cat-islam-tarihi","8":"pa_cilt-ciltsiz","9":"pa_tur-kitap","10":"pa_yayinevi-kronik-kitap","11":"pa_yazar-robert-g-hoyland","13":"first","14":"instock","15":"sale","16":"shipping-taxable","17":"purchasable","18":"product-type-simple"},"_links":{"self":[{"href":"https:\/\/roveyayinevi.com.tr\/index.php\/wp-json\/wp\/v2\/product\/767955","targetHints":{"allow":["GET"]}}],"collection":[{"href":"https:\/\/roveyayinevi.com.tr\/index.php\/wp-json\/wp\/v2\/product"}],"about":[{"href":"https:\/\/roveyayinevi.com.tr\/index.php\/wp-json\/wp\/v2\/types\/product"}],"wp:attachment":[{"href":"https:\/\/roveyayinevi.com.tr\/index.php\/wp-json\/wp\/v2\/media?parent=767955"}],"wp:term":[{"taxonomy":"product_brand","embeddable":true,"href":"https:\/\/roveyayinevi.com.tr\/index.php\/wp-json\/wp\/v2\/product_brand?post=767955"},{"taxonomy":"product_cat","embeddable":true,"href":"https:\/\/roveyayinevi.com.tr\/index.php\/wp-json\/wp\/v2\/product_cat?post=767955"},{"taxonomy":"product_tag","embeddable":true,"href":"https:\/\/roveyayinevi.com.tr\/index.php\/wp-json\/wp\/v2\/product_tag?post=767955"}],"curies":[{"name":"wp","href":"https:\/\/api.w.org\/{rel}","templated":true}]}}