{"id":767953,"date":"2025-08-28T13:04:44","date_gmt":"2025-08-28T10:04:44","guid":{"rendered":"https:\/\/roveyayinevi.com.tr\/index.php\/urun\/churchill-ciltli\/"},"modified":"2026-04-15T03:33:57","modified_gmt":"2026-04-15T00:33:57","slug":"churchill-ciltli","status":"publish","type":"product","link":"https:\/\/roveyayinevi.com.tr\/index.php\/urun\/churchill-ciltli\/","title":{"rendered":"Churchill (Ciltli)"},"content":{"rendered":"<p>B\u0130R \u00c7A\u011eI \u015eEK\u0130LLEND\u0130REN L\u0130DER: CHURCHILL   \u201cRoberts, d\u00fcnyan\u0131n en etkin ve en unutulmaz devlet adamlar\u0131ndan birinin \u00f6z\u00fcn\u00fc tek ciltte anlatabilmeyi ba\u015far\u0131yor. Roberts\u2019\u0131n kariyerinin en b\u00fcy\u00fck ba\u015far\u0131s\u0131 olan bu kitap, Churchill\u2019in nihai biyografisi olacak.\u201d \u2013 Henry Kissinger \u201cTart\u0131\u015fmas\u0131z Churchill&#8217;in en iyi yaz\u0131lm\u0131\u015f tek ciltlik biyografisi. Her zaman Britanya&#8217;n\u0131n kurtar\u0131c\u0131s\u0131 olaca\u011f\u0131na inanm\u0131\u015f bir adam\u0131 muazzam kapsamda, ancak hassas bir \u015fekilde anlatarak enfes bir hik\u00e2ye anlat\u0131m\u0131 ba\u015far\u0131s\u0131 g\u00f6steriyor.\u201d \u2013 Wall Street Journal \u201cMuazzam\u2026 Churchill\u2019in kusurlar\u0131n\u0131 ve feci hatalar\u0131n\u0131 ortaya koysa da onun b\u00fcy\u00fckl\u00fc\u011f\u00fcn\u00fc de g\u00f6zler \u00f6n\u00fcne seriyor; hatta onu sevilebilir k\u0131lmay\u0131 ba\u015far\u0131yor.\u201d \u2013 Economist *** Tarihe damga vurmu\u015f ve tarihin ak\u0131\u015f\u0131n\u0131 de\u011fi\u015ftirmi\u015f liderleri d\u00fc\u015f\u00fcnd\u00fc\u011f\u00fcm\u00fczde akl\u0131m\u0131za ilk gelen isimlerden biridir Winston Churchill. Herkesin kendisinden \u015f\u00fcphe etti\u011fi zamanlarda dahi inan\u00e7lar\u0131na s\u0131k\u0131 s\u0131k\u0131ya ba\u011fl\u0131, inat\u00e7\u0131, zeki, vizyoner ve ikonik bir liderdi. Peki gen\u00e7 Winston nas\u0131l Churchill haline geldi? Siyasete nas\u0131l girdi? Nas\u0131l y\u00fckseldi? Gelibolu fiyaskosundan 30 sene sonra \u0130kinci D\u00fcnya Sava\u015f\u0131\u2019n\u0131 kazanan lider haline nas\u0131l geldi? Usta tarih\u00e7i Andrew Roberts, t\u00fcm bu sorulara yan\u0131t verirken Churchill\u2019in adil bir portresini \u00e7iziyor. Roberts, Sava\u015f Kabinesi toplant\u0131lar\u0131n\u0131n de\u015fifreleri, g\u00fcnl\u00fckler, mektuplar ve Churchill&#8217;le ayn\u0131 d\u00f6nem ya\u015fayan \u00f6nemli isimlerin daha \u00f6nce yay\u0131mlanmam\u0131\u015f an\u0131lar\u0131 gibi kapsaml\u0131 yeni materyalleri de kullanarak usta i\u015fi bir anlat\u0131m sunuyor. \u0130ngiliz Kraliyet Ailesi\u2019nin Roberts\u2019a, \u0130kinci D\u00fcnya Sava\u015f\u0131 s\u0131ras\u0131nda Kral VI. George\u2019un Churchill\u2019le yapt\u0131\u011f\u0131 haftal\u0131k toplant\u0131lardan sonra g\u00fcnl\u00fc\u011f\u00fcne ald\u0131\u011f\u0131 detayl\u0131 notlar\u0131 okumas\u0131na izin vermesi sayesinde bu inat\u00e7\u0131 \u0130ngiliz\u2019i \u00e7ok daha yak\u0131ndan tan\u0131mam\u0131z\u0131n yolu a\u00e7\u0131l\u0131yor. Churchill\u2019in renkli ki\u015fili\u011fi, zek\u00e2s\u0131, inat\u00e7\u0131l\u0131\u011f\u0131 ve vizyonu, elinizdeki bu destans\u0131 biyografide detayl\u0131 ve tarafs\u0131z bir \u015fekilde i\u015fleniyor. Roberts, Churchill\u2019i yaln\u0131zca bir kahraman olarak de\u011fil ayn\u0131 zamanda insan olarak da anlamam\u0131za olanak tan\u0131yor. Kararlar\u0131n\u0131n ard\u0131ndaki motivasyonlar\u0131, cesaretini ve ele\u015ftirilen y\u00f6nlerini ustal\u0131kla analiz ediyor. Churchill, yaln\u0131zca bir tarih kitab\u0131 de\u011fil; ayn\u0131 zamanda liderlik, azim ve insanl\u0131k \u00fczerine de d\u00fc\u015f\u00fcnd\u00fcren bir eser. Andrew Roberts\u2019\u0131n titiz ara\u015ft\u0131rmas\u0131 ve s\u00fcr\u00fckleyici anlat\u0131m\u0131, okuyucuyu 20. y\u00fczy\u0131l\u0131n \u00e7alkant\u0131l\u0131 d\u00f6nemlerinde unutulmaz bir yolculu\u011fa \u00e7\u0131kar\u0131yor. <\/p>\n","protected":false},"excerpt":{"rendered":"<p>B\u0130R \u00c7A\u011eI \u015eEK\u0130LLEND\u0130REN L\u0130DER: CHURCHILL \u201cRoberts, d\u00fcnyan\u0131n en etkin ve en unutulmaz devlet adamlar\u0131ndan birinin \u00f6z\u00fcn\u00fc tek ciltte anlatabilmeyi ba\u015far\u0131yor. Roberts\u2019\u0131n kariyerinin en b\u00fcy\u00fck ba\u015far\u0131s\u0131 olan<span class=\"excerpt-hellip\"> [\u2026]<\/span><\/p>\n","protected":false},"featured_media":0,"template":"","meta":{"_monsterinsights_skip_tracking":false,"_monsterinsights_sitenote_active":false,"_monsterinsights_sitenote_note":"","_monsterinsights_sitenote_category":0},"product_brand":[],"product_cat":[12305,12304],"product_tag":[],"class_list":{"0":"post-767953","1":"product","2":"type-product","3":"status-publish","5":"product_cat-dunya-tarihi","6":"product_cat-tarih","7":"pa_cilt-ciltli","8":"pa_tur-kitap","9":"pa_yayinevi-kronik-kitap","10":"pa_yazar-andrew-roberts","12":"first","13":"instock","14":"sale","15":"shipping-taxable","16":"purchasable","17":"product-type-simple"},"_links":{"self":[{"href":"https:\/\/roveyayinevi.com.tr\/index.php\/wp-json\/wp\/v2\/product\/767953","targetHints":{"allow":["GET"]}}],"collection":[{"href":"https:\/\/roveyayinevi.com.tr\/index.php\/wp-json\/wp\/v2\/product"}],"about":[{"href":"https:\/\/roveyayinevi.com.tr\/index.php\/wp-json\/wp\/v2\/types\/product"}],"wp:attachment":[{"href":"https:\/\/roveyayinevi.com.tr\/index.php\/wp-json\/wp\/v2\/media?parent=767953"}],"wp:term":[{"taxonomy":"product_brand","embeddable":true,"href":"https:\/\/roveyayinevi.com.tr\/index.php\/wp-json\/wp\/v2\/product_brand?post=767953"},{"taxonomy":"product_cat","embeddable":true,"href":"https:\/\/roveyayinevi.com.tr\/index.php\/wp-json\/wp\/v2\/product_cat?post=767953"},{"taxonomy":"product_tag","embeddable":true,"href":"https:\/\/roveyayinevi.com.tr\/index.php\/wp-json\/wp\/v2\/product_tag?post=767953"}],"curies":[{"name":"wp","href":"https:\/\/api.w.org\/{rel}","templated":true}]}}