{"id":767952,"date":"2025-08-28T13:04:42","date_gmt":"2025-08-28T10:04:42","guid":{"rendered":"https:\/\/roveyayinevi.com.tr\/index.php\/urun\/arkadasim-celik\/"},"modified":"2026-04-15T03:33:57","modified_gmt":"2026-04-15T00:33:57","slug":"arkadasim-celik","status":"publish","type":"product","link":"https:\/\/roveyayinevi.com.tr\/index.php\/urun\/arkadasim-celik\/","title":{"rendered":"Arkada\u015f\u0131m \u00c7elik"},"content":{"rendered":"<p>A\u00e7\u0131l\u0131n kurtlu elmalar geliyor!\u00c7ocuklar i\u00e7in ilk roman\u0131yla dikkati \u00e7eken Serhan Ok, ad\u0131m ad\u0131m yakla\u015ft\u0131\u011f\u0131m\u0131z gelecekten bir hik\u00e2ye anlat\u0131yor. Ev robotlar\u0131n\u0131n yayg\u0131nla\u015ft\u0131\u011f\u0131, teknolojik hayvanlar\u0131n kullan\u0131ld\u0131\u011f\u0131 zamanlarda bile yitirilmemesi gereken de\u011ferler u\u0308zerine du\u0308\u015fu\u0308ndu\u0308ru\u0308yor. Do\u011fa i\u00e7in iyi \u015feyler yapmaya evimizden ba\u015flamay\u0131 i\u015faret ederken, e\u015fine az rastlan\u0131r bir arkada\u015fl\u0131k resmediyor.Babas\u0131 bu\u0308yu\u0308k \u015fehri terk edip k\u0131rsala yerle\u015fme karar\u0131 ald\u0131\u011f\u0131nda, Sena al\u0131\u015f\u0131k olmad\u0131\u011f\u0131 bir hayat\u0131n i\u00e7ine du\u0308\u015fer. Ne babas\u0131n\u0131n yapt\u0131\u011f\u0131 tahta bebek, ne bah\u00e7edeki a\u011fa\u00e7 ev eski arkada\u015flar\u0131na \u00f6zlemini dindirebilir. Aile, ku\u015flar\u0131n da, kurtlar\u0131n da pay ald\u0131\u011f\u0131 organik elmalar\u0131na al\u0131c\u0131 bulma derdindeyken, kurnaz bir simsar kap\u0131ya dadan\u0131r. Sena&#8217;n\u0131n ormanda rastlay\u0131p gizlice eve getirdi\u011fi ilgin\u00e7 at ve kopan \u015fiddetli f\u0131rt\u0131na ailenin planlar\u0131n\u0131 altu\u0308st edecektir&#8230;<\/p>\n","protected":false},"excerpt":{"rendered":"<p>A\u00e7\u0131l\u0131n kurtlu elmalar geliyor!\u00c7ocuklar i\u00e7in ilk roman\u0131yla dikkati \u00e7eken Serhan Ok, ad\u0131m ad\u0131m yakla\u015ft\u0131\u011f\u0131m\u0131z gelecekten bir hik\u00e2ye anlat\u0131yor. Ev robotlar\u0131n\u0131n yayg\u0131nla\u015ft\u0131\u011f\u0131, teknolojik hayvanlar\u0131n kullan\u0131ld\u0131\u011f\u0131 zamanlarda bile<span class=\"excerpt-hellip\"> [\u2026]<\/span><\/p>\n","protected":false},"featured_media":0,"template":"","meta":{"_monsterinsights_skip_tracking":false,"_monsterinsights_sitenote_active":false,"_monsterinsights_sitenote_note":"","_monsterinsights_sitenote_category":0},"product_brand":[],"product_cat":[12274,12284],"product_tag":[],"class_list":{"0":"post-767952","1":"product","2":"type-product","3":"status-publish","5":"product_cat-cocuk-ve-genclik-kitaplari","6":"product_cat-hikayeler","7":"pa_cilt-ciltsiz","8":"pa_tur-kitap","9":"pa_yayinevi-gunisigi-kitapligi","10":"pa_yazar-serhan-ok","12":"first","13":"instock","14":"sale","15":"shipping-taxable","16":"purchasable","17":"product-type-simple"},"_links":{"self":[{"href":"https:\/\/roveyayinevi.com.tr\/index.php\/wp-json\/wp\/v2\/product\/767952","targetHints":{"allow":["GET"]}}],"collection":[{"href":"https:\/\/roveyayinevi.com.tr\/index.php\/wp-json\/wp\/v2\/product"}],"about":[{"href":"https:\/\/roveyayinevi.com.tr\/index.php\/wp-json\/wp\/v2\/types\/product"}],"wp:attachment":[{"href":"https:\/\/roveyayinevi.com.tr\/index.php\/wp-json\/wp\/v2\/media?parent=767952"}],"wp:term":[{"taxonomy":"product_brand","embeddable":true,"href":"https:\/\/roveyayinevi.com.tr\/index.php\/wp-json\/wp\/v2\/product_brand?post=767952"},{"taxonomy":"product_cat","embeddable":true,"href":"https:\/\/roveyayinevi.com.tr\/index.php\/wp-json\/wp\/v2\/product_cat?post=767952"},{"taxonomy":"product_tag","embeddable":true,"href":"https:\/\/roveyayinevi.com.tr\/index.php\/wp-json\/wp\/v2\/product_tag?post=767952"}],"curies":[{"name":"wp","href":"https:\/\/api.w.org\/{rel}","templated":true}]}}