{"id":767950,"date":"2025-08-28T13:04:37","date_gmt":"2025-08-28T10:04:37","guid":{"rendered":"https:\/\/roveyayinevi.com.tr\/index.php\/urun\/mih-1-kor-talih-ciltli\/"},"modified":"2026-04-15T03:33:56","modified_gmt":"2026-04-15T00:33:56","slug":"mih-1-kor-talih-ciltli","status":"publish","type":"product","link":"https:\/\/roveyayinevi.com.tr\/index.php\/urun\/mih-1-kor-talih-ciltli\/","title":{"rendered":"M\u0131h 1: K\u00f6r Talih (Ciltli)"},"content":{"rendered":"<p>\u201cG\u00f6r\u00fcnen yaln\u0131zca bir sanr\u0131dan, g\u00f6r\u00fcnmeyen ise ge\u00e7mi\u015fe ait bir yang\u0131ndan ibaretti.\u201d   Elif, s\u0131radan bir g\u00fcn\u00fcn ard\u0131ndan durakta beklerken onun d\u00fcnyas\u0131na asla ait olmad\u0131\u011f\u0131n\u0131 fark etti\u011fi gizemli bir adamla basit bir sebepten tart\u0131\u015f\u0131r. Bu tart\u0131\u015fman\u0131n ise hayat\u0131n\u0131 alt\u00fcst edece\u011finden habersizdir. K\u0131sa bir s\u00fcre sonra bir hastane odas\u0131nda uyand\u0131\u011f\u0131nda nas\u0131l b\u00fcy\u00fck bir belaya bula\u015ft\u0131\u011f\u0131n\u0131 anlayacakt\u0131r ama her \u015fey i\u00e7in \u00e7ok ge\u00e7tir. Gizemli adam, Elif\u2019in tehlikede oldu\u011funu s\u00f6yl\u00fcyor ve bu tehlikeden kurtulman\u0131n tek yolunun onunla evlenmekten ge\u00e7ti\u011fini iddia ediyordur. \u0130ddias\u0131 bir tuzak, sahte evlilik vaadi bir yalan, s\u0131rlar\u0131 ise ger\u00e7ektir. Ancak hissetmeyi bilmeyen bu adam ona ilk g\u00f6rd\u00fc\u011f\u00fc andan itibaren \u00e2\u015f\u0131k olmaya ba\u015flad\u0131\u011f\u0131nda i\u015fler i\u00e7inden \u00e7\u0131k\u0131lmaz bir hal al\u0131r. Ya\u015fama talihini avlayan bu adam\u0131n ad\u0131 ise Sira\u00e7 Vuslat\u2019t\u0131r.   \u201cSen,\u201d dedi kalabal\u0131\u011f\u0131n ard\u0131ndan s\u0131yr\u0131lan sesi. \u201cYaln\u0131zca k\u00f6r talihini avlad\u0131n.\u201d O an \u015fim\u015fek \u00e7aksayd\u0131, onun buz gibi sesini taklit etmi\u015f olurdu. \u201cSeni tekrar bulaca\u011f\u0131m.\u201d   Uyar\u0131: Yeti\u015fkin okurlar i\u00e7indir. <\/p>\n","protected":false},"excerpt":{"rendered":"<p>\u201cG\u00f6r\u00fcnen yaln\u0131zca bir sanr\u0131dan, g\u00f6r\u00fcnmeyen ise ge\u00e7mi\u015fe ait bir yang\u0131ndan ibaretti.\u201d Elif, s\u0131radan bir g\u00fcn\u00fcn ard\u0131ndan durakta beklerken onun d\u00fcnyas\u0131na asla ait olmad\u0131\u011f\u0131n\u0131 fark etti\u011fi gizemli<span class=\"excerpt-hellip\"> [\u2026]<\/span><\/p>\n","protected":false},"featured_media":0,"template":"","meta":{"_monsterinsights_skip_tracking":false,"_monsterinsights_sitenote_active":false,"_monsterinsights_sitenote_note":"","_monsterinsights_sitenote_category":0},"product_brand":[],"product_cat":[12291,12711],"product_tag":[],"class_list":{"0":"post-767950","1":"product","2":"type-product","3":"status-publish","5":"product_cat-edebiyat","6":"product_cat-roman-oyku","7":"pa_cilt-ciltli","8":"pa_tur-kitap","9":"pa_yayinevi-ephesus-yayinlari","10":"pa_yazar-mehsa","12":"first","13":"instock","14":"sale","15":"shipping-taxable","16":"purchasable","17":"product-type-simple"},"_links":{"self":[{"href":"https:\/\/roveyayinevi.com.tr\/index.php\/wp-json\/wp\/v2\/product\/767950","targetHints":{"allow":["GET"]}}],"collection":[{"href":"https:\/\/roveyayinevi.com.tr\/index.php\/wp-json\/wp\/v2\/product"}],"about":[{"href":"https:\/\/roveyayinevi.com.tr\/index.php\/wp-json\/wp\/v2\/types\/product"}],"wp:attachment":[{"href":"https:\/\/roveyayinevi.com.tr\/index.php\/wp-json\/wp\/v2\/media?parent=767950"}],"wp:term":[{"taxonomy":"product_brand","embeddable":true,"href":"https:\/\/roveyayinevi.com.tr\/index.php\/wp-json\/wp\/v2\/product_brand?post=767950"},{"taxonomy":"product_cat","embeddable":true,"href":"https:\/\/roveyayinevi.com.tr\/index.php\/wp-json\/wp\/v2\/product_cat?post=767950"},{"taxonomy":"product_tag","embeddable":true,"href":"https:\/\/roveyayinevi.com.tr\/index.php\/wp-json\/wp\/v2\/product_tag?post=767950"}],"curies":[{"name":"wp","href":"https:\/\/api.w.org\/{rel}","templated":true}]}}