{"id":767946,"date":"2025-08-28T13:04:29","date_gmt":"2025-08-28T10:04:29","guid":{"rendered":"https:\/\/roveyayinevi.com.tr\/index.php\/urun\/benim-esyalarim\/"},"modified":"2026-04-15T03:33:56","modified_gmt":"2026-04-15T00:33:56","slug":"benim-esyalarim","status":"publish","type":"product","link":"https:\/\/roveyayinevi.com.tr\/index.php\/urun\/benim-esyalarim\/","title":{"rendered":"Benim E\u015fyalar\u0131m"},"content":{"rendered":"<p>\u201cAblam sekiz ya\u015f\u0131nda, ikinci s\u0131n\u0131fa gidiyor. Onunla oyun oynamay\u0131 \u00e7ok seviyorum. Ama bazen arkada\u015f\u0131 Sevim abla bize geldi\u011finde, odaya girip kap\u0131y\u0131 kapat\u0131yorlar. B\u00f6yle zamanlarda, onlar\u0131 rahats\u0131z etmiyorum ama i\u00e7eride ne konu\u015ftuklar\u0131n\u0131 \u00e7ok merak ediyorum.\u201d Ali, s\u0131n\u0131rlar\u0131n\u0131 korumay\u0131 \u00f6\u011frenirken ba\u015f\u0131na neler gelmi\u015f\u2026 Merak ediyor musunuz? <\/p>\n","protected":false},"excerpt":{"rendered":"<p>\u201cAblam sekiz ya\u015f\u0131nda, ikinci s\u0131n\u0131fa gidiyor. Onunla oyun oynamay\u0131 \u00e7ok seviyorum. Ama bazen arkada\u015f\u0131 Sevim abla bize geldi\u011finde, odaya girip kap\u0131y\u0131 kapat\u0131yorlar. B\u00f6yle zamanlarda, onlar\u0131 rahats\u0131z<span class=\"excerpt-hellip\"> [\u2026]<\/span><\/p>\n","protected":false},"featured_media":0,"template":"","meta":{"_monsterinsights_skip_tracking":false,"_monsterinsights_sitenote_active":false,"_monsterinsights_sitenote_note":"","_monsterinsights_sitenote_category":0},"product_brand":[],"product_cat":[12274,15842],"product_tag":[],"class_list":{"0":"post-767946","1":"product","2":"type-product","3":"status-publish","5":"product_cat-cocuk-ve-genclik-kitaplari","6":"product_cat-egitici-kitaplar","7":"pa_cilt-ciltsiz","8":"pa_tur-kitap","9":"pa_yayinevi-cinaralti-yayinlari","10":"pa_yazar-fatih-resit-civelekoglu","12":"first","13":"instock","14":"sale","15":"shipping-taxable","16":"purchasable","17":"product-type-simple"},"_links":{"self":[{"href":"https:\/\/roveyayinevi.com.tr\/index.php\/wp-json\/wp\/v2\/product\/767946","targetHints":{"allow":["GET"]}}],"collection":[{"href":"https:\/\/roveyayinevi.com.tr\/index.php\/wp-json\/wp\/v2\/product"}],"about":[{"href":"https:\/\/roveyayinevi.com.tr\/index.php\/wp-json\/wp\/v2\/types\/product"}],"wp:attachment":[{"href":"https:\/\/roveyayinevi.com.tr\/index.php\/wp-json\/wp\/v2\/media?parent=767946"}],"wp:term":[{"taxonomy":"product_brand","embeddable":true,"href":"https:\/\/roveyayinevi.com.tr\/index.php\/wp-json\/wp\/v2\/product_brand?post=767946"},{"taxonomy":"product_cat","embeddable":true,"href":"https:\/\/roveyayinevi.com.tr\/index.php\/wp-json\/wp\/v2\/product_cat?post=767946"},{"taxonomy":"product_tag","embeddable":true,"href":"https:\/\/roveyayinevi.com.tr\/index.php\/wp-json\/wp\/v2\/product_tag?post=767946"}],"curies":[{"name":"wp","href":"https:\/\/api.w.org\/{rel}","templated":true}]}}