{"id":767945,"date":"2025-08-28T13:04:27","date_gmt":"2025-08-28T10:04:27","guid":{"rendered":"https:\/\/roveyayinevi.com.tr\/index.php\/urun\/direnen-imparatorluk\/"},"modified":"2026-04-15T03:33:56","modified_gmt":"2026-04-15T00:33:56","slug":"direnen-imparatorluk","status":"publish","type":"product","link":"https:\/\/roveyayinevi.com.tr\/index.php\/urun\/direnen-imparatorluk\/","title":{"rendered":"Direnen \u0130mparatorluk"},"content":{"rendered":"<p>Direnen \u0130mparatorluk, 1918\u2019de Birinci D\u00fcnya Sava\u015f\u0131\u2019n\u0131n sona ermesinden 1923\u2019te Osmanl\u0131 \u0130mparatorlu\u011fu i\u00e7in bar\u0131\u015f antla\u015fmas\u0131n\u0131n sonu\u00e7lanmas\u0131na kadar ge\u00e7en kritik y\u0131llar\u0131 ele alarak, modern Ortado\u011fu\u2019nun \u015fekillenme s\u00fcrecine dair yeni bir anlat\u0131 sunuyor. Hasan Kayal\u0131, sava\u015f\u0131n kazanan g\u00fc\u00e7lerinin b\u00f6lgenin s\u0131n\u0131rlar\u0131n\u0131 ve idari yap\u0131s\u0131n\u0131 d\u00f6n\u00fc\u015ft\u00fcrmedeki belirgin etkisinin \u00f6tesine ge\u00e7erek, bu d\u00f6nemin farkl\u0131 bir y\u00f6n\u00fcn\u00fc ke\u015ffe \u00e7\u0131k\u0131yor. Kayal\u0131, imparatorlu\u011fun uzun s\u00fcren m\u00fccadelelerinin yaln\u0131zca milliyet\u00e7ilik ekseninde ya\u015fanan \u00e7at\u0131\u015fmalarla s\u0131n\u0131rl\u0131 olmad\u0131\u011f\u0131n\u0131 vurguluyor; yerel unsurlar\u0131n, \u0130slam birli\u011fi temelinde ortak kimlikler geli\u015ftirme ve siyasi \u00e7\u00f6z\u00fcmler \u00fcretme \u00e7abalar\u0131n\u0131 ortaya koyuyor. 1923\u2019teki bar\u0131\u015f d\u00fczeniyle birlikte gelen ulus devletlerin kesinliklerinden ziyade, Osmanl\u0131 miras\u0131n\u0131n liderlerin ve toplumlar\u0131n haf\u0131zas\u0131ndaki belirleyici rol\u00fcn\u00fc ve bunun uzun vadede yaratt\u0131\u011f\u0131 etkileri inceliyor. Ayn\u0131 zamanda modern bir ulus devlet olarak T\u00fcrkiye\u2019nin kurulu\u015f y\u0131llar\u0131n\u0131 da derinlemesine ele al\u0131yor. Direnen \u0130mparatorluk, Ortado\u011fu tarihinin bu \u00e7alkant\u0131l\u0131 d\u00f6nemine derinlemesine bir bak\u0131\u015f sunarak, Osmanl\u0131\u2019n\u0131n hem bir siyasi yap\u0131 hem de bir fikir olarak kal\u0131c\u0131l\u0131\u011f\u0131n\u0131 g\u00f6zler \u00f6n\u00fcne seriyor. B\u00f6lgenin tarihine dair yeni bir anlay\u0131\u015f geli\u015ftirmek isteyenler i\u00e7in bu \u00e7al\u0131\u015fma, zengin bir kaynak ve g\u00fc\u00e7l\u00fc bir perspektif sunuyor.<\/p>\n","protected":false},"excerpt":{"rendered":"<p>Direnen \u0130mparatorluk, 1918\u2019de Birinci D\u00fcnya Sava\u015f\u0131\u2019n\u0131n sona ermesinden 1923\u2019te Osmanl\u0131 \u0130mparatorlu\u011fu i\u00e7in bar\u0131\u015f antla\u015fmas\u0131n\u0131n sonu\u00e7lanmas\u0131na kadar ge\u00e7en kritik y\u0131llar\u0131 ele alarak, modern Ortado\u011fu\u2019nun \u015fekillenme s\u00fcrecine dair<span class=\"excerpt-hellip\"> [\u2026]<\/span><\/p>\n","protected":false},"featured_media":0,"template":"","meta":{"_monsterinsights_skip_tracking":false,"_monsterinsights_sitenote_active":false,"_monsterinsights_sitenote_note":"","_monsterinsights_sitenote_category":0},"product_brand":[],"product_cat":[13517,12304],"product_tag":[],"class_list":{"0":"post-767945","1":"product","2":"type-product","3":"status-publish","5":"product_cat-osmanli-tarihi","6":"product_cat-tarih","7":"pa_cilt-ciltsiz","8":"pa_tur-kitap","9":"pa_yayinevi-fol-kitap","10":"pa_yazar-hasan-kayali","12":"first","13":"instock","14":"sale","15":"shipping-taxable","16":"purchasable","17":"product-type-simple"},"_links":{"self":[{"href":"https:\/\/roveyayinevi.com.tr\/index.php\/wp-json\/wp\/v2\/product\/767945","targetHints":{"allow":["GET"]}}],"collection":[{"href":"https:\/\/roveyayinevi.com.tr\/index.php\/wp-json\/wp\/v2\/product"}],"about":[{"href":"https:\/\/roveyayinevi.com.tr\/index.php\/wp-json\/wp\/v2\/types\/product"}],"wp:attachment":[{"href":"https:\/\/roveyayinevi.com.tr\/index.php\/wp-json\/wp\/v2\/media?parent=767945"}],"wp:term":[{"taxonomy":"product_brand","embeddable":true,"href":"https:\/\/roveyayinevi.com.tr\/index.php\/wp-json\/wp\/v2\/product_brand?post=767945"},{"taxonomy":"product_cat","embeddable":true,"href":"https:\/\/roveyayinevi.com.tr\/index.php\/wp-json\/wp\/v2\/product_cat?post=767945"},{"taxonomy":"product_tag","embeddable":true,"href":"https:\/\/roveyayinevi.com.tr\/index.php\/wp-json\/wp\/v2\/product_tag?post=767945"}],"curies":[{"name":"wp","href":"https:\/\/api.w.org\/{rel}","templated":true}]}}