{"id":767944,"date":"2025-08-28T13:04:26","date_gmt":"2025-08-28T10:04:26","guid":{"rendered":"https:\/\/roveyayinevi.com.tr\/index.php\/urun\/benim-bedenim\/"},"modified":"2026-04-15T03:33:56","modified_gmt":"2026-04-15T00:33:56","slug":"benim-bedenim","status":"publish","type":"product","link":"https:\/\/roveyayinevi.com.tr\/index.php\/urun\/benim-bedenim\/","title":{"rendered":"Benim Bedenim"},"content":{"rendered":"<p>\u201cAna s\u0131n\u0131f\u0131na ba\u015flayaca\u011f\u0131m\u0131 \u00f6\u011frendi\u011fimde, i\u00e7imde b\u00fcy\u00fck bir sevin\u00e7 vard\u0131. Yeni arkada\u015flar, yeni oyuncaklar\u2026 D\u00fc\u015f\u00fcnd\u00fck\u00e7e geceleri g\u00f6z\u00fcme uyku girmiyordu. B\u00fcy\u00fck g\u00fcn geldi\u011finde kocaman bir heyecanla ba\u015flad\u0131m okuluma. Ama hi\u00e7bir \u015fey hayal etti\u011fim gibi de\u011fildi. Bu i\u015fte bir terslik vard\u0131.\u201d S\u0131n\u0131rlar ve mahremiyet konusunu \u00f6\u011frenirken Ali\u2019nin ba\u015f\u0131na gelenler sizi hem e\u011flendirecek hem de d\u00fc\u015f\u00fcnd\u00fcrecek. <\/p>\n","protected":false},"excerpt":{"rendered":"<p>\u201cAna s\u0131n\u0131f\u0131na ba\u015flayaca\u011f\u0131m\u0131 \u00f6\u011frendi\u011fimde, i\u00e7imde b\u00fcy\u00fck bir sevin\u00e7 vard\u0131. Yeni arkada\u015flar, yeni oyuncaklar\u2026 D\u00fc\u015f\u00fcnd\u00fck\u00e7e geceleri g\u00f6z\u00fcme uyku girmiyordu. B\u00fcy\u00fck g\u00fcn geldi\u011finde kocaman bir heyecanla ba\u015flad\u0131m okuluma.<span class=\"excerpt-hellip\"> [\u2026]<\/span><\/p>\n","protected":false},"featured_media":0,"template":"","meta":{"_monsterinsights_skip_tracking":false,"_monsterinsights_sitenote_active":false,"_monsterinsights_sitenote_note":"","_monsterinsights_sitenote_category":0},"product_brand":[],"product_cat":[12274,15842],"product_tag":[],"class_list":{"0":"post-767944","1":"product","2":"type-product","3":"status-publish","5":"product_cat-cocuk-ve-genclik-kitaplari","6":"product_cat-egitici-kitaplar","7":"pa_cilt-ciltsiz","8":"pa_tur-kitap","9":"pa_yayinevi-cinaralti-yayinlari","10":"pa_yazar-fatih-resit-civelekoglu","12":"first","13":"instock","14":"sale","15":"shipping-taxable","16":"purchasable","17":"product-type-simple"},"_links":{"self":[{"href":"https:\/\/roveyayinevi.com.tr\/index.php\/wp-json\/wp\/v2\/product\/767944","targetHints":{"allow":["GET"]}}],"collection":[{"href":"https:\/\/roveyayinevi.com.tr\/index.php\/wp-json\/wp\/v2\/product"}],"about":[{"href":"https:\/\/roveyayinevi.com.tr\/index.php\/wp-json\/wp\/v2\/types\/product"}],"wp:attachment":[{"href":"https:\/\/roveyayinevi.com.tr\/index.php\/wp-json\/wp\/v2\/media?parent=767944"}],"wp:term":[{"taxonomy":"product_brand","embeddable":true,"href":"https:\/\/roveyayinevi.com.tr\/index.php\/wp-json\/wp\/v2\/product_brand?post=767944"},{"taxonomy":"product_cat","embeddable":true,"href":"https:\/\/roveyayinevi.com.tr\/index.php\/wp-json\/wp\/v2\/product_cat?post=767944"},{"taxonomy":"product_tag","embeddable":true,"href":"https:\/\/roveyayinevi.com.tr\/index.php\/wp-json\/wp\/v2\/product_tag?post=767944"}],"curies":[{"name":"wp","href":"https:\/\/api.w.org\/{rel}","templated":true}]}}