{"id":767943,"date":"2025-08-28T13:04:24","date_gmt":"2025-08-28T10:04:24","guid":{"rendered":"https:\/\/roveyayinevi.com.tr\/index.php\/urun\/benim-ozelim-2\/"},"modified":"2026-04-15T03:33:56","modified_gmt":"2026-04-15T00:33:56","slug":"benim-ozelim-2","status":"publish","type":"product","link":"https:\/\/roveyayinevi.com.tr\/index.php\/urun\/benim-ozelim-2\/","title":{"rendered":"Benim \u00d6zelim"},"content":{"rendered":"<p>\u201cAnne, bug\u00fcn s\u0131n\u0131f arkada\u015flar\u0131m beni \u00e7ok dikkatli dinlediler.\u201d \u201c\u00d6yle mi, ne anlatt\u0131n ki arkada\u015flar\u0131na?\u201d \u201cD\u00fcn babamla tart\u0131\u015fm\u0131\u015ft\u0131n\u0131z ya, onu anlatt\u0131m.\u201d Ali, \u00f6zel bilgilerin herkesle payla\u015f\u0131lmamas\u0131n\u0131 gerekti\u011fini \u00f6\u011frenirken ya\u015fad\u0131klar\u0131 sizi \u00e7ok d\u00fc\u015f\u00fcnd\u00fcrecek. <\/p>\n","protected":false},"excerpt":{"rendered":"<p>\u201cAnne, bug\u00fcn s\u0131n\u0131f arkada\u015flar\u0131m beni \u00e7ok dikkatli dinlediler.\u201d \u201c\u00d6yle mi, ne anlatt\u0131n ki arkada\u015flar\u0131na?\u201d \u201cD\u00fcn babamla tart\u0131\u015fm\u0131\u015ft\u0131n\u0131z ya, onu anlatt\u0131m.\u201d Ali, \u00f6zel bilgilerin herkesle payla\u015f\u0131lmamas\u0131n\u0131 gerekti\u011fini<span class=\"excerpt-hellip\"> [\u2026]<\/span><\/p>\n","protected":false},"featured_media":0,"template":"","meta":{"_monsterinsights_skip_tracking":false,"_monsterinsights_sitenote_active":false,"_monsterinsights_sitenote_note":"","_monsterinsights_sitenote_category":0},"product_brand":[],"product_cat":[12274,15842],"product_tag":[],"class_list":{"0":"post-767943","1":"product","2":"type-product","3":"status-publish","5":"product_cat-cocuk-ve-genclik-kitaplari","6":"product_cat-egitici-kitaplar","7":"pa_cilt-ciltsiz","8":"pa_tur-kitap","9":"pa_yayinevi-cinaralti-yayinlari","10":"pa_yazar-fatih-resit-civelekoglu","12":"first","13":"instock","14":"sale","15":"shipping-taxable","16":"purchasable","17":"product-type-simple"},"_links":{"self":[{"href":"https:\/\/roveyayinevi.com.tr\/index.php\/wp-json\/wp\/v2\/product\/767943","targetHints":{"allow":["GET"]}}],"collection":[{"href":"https:\/\/roveyayinevi.com.tr\/index.php\/wp-json\/wp\/v2\/product"}],"about":[{"href":"https:\/\/roveyayinevi.com.tr\/index.php\/wp-json\/wp\/v2\/types\/product"}],"wp:attachment":[{"href":"https:\/\/roveyayinevi.com.tr\/index.php\/wp-json\/wp\/v2\/media?parent=767943"}],"wp:term":[{"taxonomy":"product_brand","embeddable":true,"href":"https:\/\/roveyayinevi.com.tr\/index.php\/wp-json\/wp\/v2\/product_brand?post=767943"},{"taxonomy":"product_cat","embeddable":true,"href":"https:\/\/roveyayinevi.com.tr\/index.php\/wp-json\/wp\/v2\/product_cat?post=767943"},{"taxonomy":"product_tag","embeddable":true,"href":"https:\/\/roveyayinevi.com.tr\/index.php\/wp-json\/wp\/v2\/product_tag?post=767943"}],"curies":[{"name":"wp","href":"https:\/\/api.w.org\/{rel}","templated":true}]}}