{"id":767942,"date":"2025-08-28T13:04:22","date_gmt":"2025-08-28T10:04:22","guid":{"rendered":"https:\/\/roveyayinevi.com.tr\/index.php\/urun\/benim-aklim\/"},"modified":"2026-04-15T03:33:56","modified_gmt":"2026-04-15T00:33:56","slug":"benim-aklim","status":"publish","type":"product","link":"https:\/\/roveyayinevi.com.tr\/index.php\/urun\/benim-aklim\/","title":{"rendered":"Benim Akl\u0131m"},"content":{"rendered":"<p>\u201cBug\u00fcn can\u0131m \u00e7ok s\u0131k\u0131ld\u0131, \u00e7\u00fcnk\u00fc \u00f6\u011fretmenimin sordu\u011fu soruya yanl\u0131\u015f cevap verdi\u011fim i\u00e7in arkada\u015flar\u0131m bana g\u00fcld\u00fcler.  O an kendimi, d\u00fcnyan\u0131n en, hi\u00e7bir \u015fey bilmeyen ki\u015fisi gibi hissettim.\u201d Ali, insanlar\u0131 k\u00fc\u00e7\u00fcmseyip onlarla alay etmenin yanl\u0131\u015f bir davran\u0131\u015f oldu\u011funu \u00f6\u011freniyor. <\/p>\n","protected":false},"excerpt":{"rendered":"<p>\u201cBug\u00fcn can\u0131m \u00e7ok s\u0131k\u0131ld\u0131, \u00e7\u00fcnk\u00fc \u00f6\u011fretmenimin sordu\u011fu soruya yanl\u0131\u015f cevap verdi\u011fim i\u00e7in arkada\u015flar\u0131m bana g\u00fcld\u00fcler. O an kendimi, d\u00fcnyan\u0131n en, hi\u00e7bir \u015fey bilmeyen ki\u015fisi gibi hissettim.\u201d<span class=\"excerpt-hellip\"> [\u2026]<\/span><\/p>\n","protected":false},"featured_media":0,"template":"","meta":{"_monsterinsights_skip_tracking":false,"_monsterinsights_sitenote_active":false,"_monsterinsights_sitenote_note":"","_monsterinsights_sitenote_category":0},"product_brand":[],"product_cat":[12274,15842],"product_tag":[],"class_list":{"0":"post-767942","1":"product","2":"type-product","3":"status-publish","5":"product_cat-cocuk-ve-genclik-kitaplari","6":"product_cat-egitici-kitaplar","7":"pa_cilt-ciltsiz","8":"pa_tur-kitap","9":"pa_yayinevi-cinaralti-yayinlari","10":"pa_yazar-fatih-resit-civelekoglu","12":"first","13":"instock","14":"sale","15":"shipping-taxable","16":"purchasable","17":"product-type-simple"},"_links":{"self":[{"href":"https:\/\/roveyayinevi.com.tr\/index.php\/wp-json\/wp\/v2\/product\/767942","targetHints":{"allow":["GET"]}}],"collection":[{"href":"https:\/\/roveyayinevi.com.tr\/index.php\/wp-json\/wp\/v2\/product"}],"about":[{"href":"https:\/\/roveyayinevi.com.tr\/index.php\/wp-json\/wp\/v2\/types\/product"}],"wp:attachment":[{"href":"https:\/\/roveyayinevi.com.tr\/index.php\/wp-json\/wp\/v2\/media?parent=767942"}],"wp:term":[{"taxonomy":"product_brand","embeddable":true,"href":"https:\/\/roveyayinevi.com.tr\/index.php\/wp-json\/wp\/v2\/product_brand?post=767942"},{"taxonomy":"product_cat","embeddable":true,"href":"https:\/\/roveyayinevi.com.tr\/index.php\/wp-json\/wp\/v2\/product_cat?post=767942"},{"taxonomy":"product_tag","embeddable":true,"href":"https:\/\/roveyayinevi.com.tr\/index.php\/wp-json\/wp\/v2\/product_tag?post=767942"}],"curies":[{"name":"wp","href":"https:\/\/api.w.org\/{rel}","templated":true}]}}