{"id":767937,"date":"2025-08-28T13:04:13","date_gmt":"2025-08-28T10:04:13","guid":{"rendered":"https:\/\/roveyayinevi.com.tr\/index.php\/urun\/aslan-pasanin-dis-agrisi\/"},"modified":"2026-04-15T03:33:56","modified_gmt":"2026-04-15T00:33:56","slug":"aslan-pasanin-dis-agrisi","status":"publish","type":"product","link":"https:\/\/roveyayinevi.com.tr\/index.php\/urun\/aslan-pasanin-dis-agrisi\/","title":{"rendered":"Aslan Pa\u015fa\u2019n\u0131n Di\u015f A\u011fr\u0131s\u0131"},"content":{"rendered":"<p>Ormandaki iyi kalpli hayvanlar, di\u015f a\u011fr\u0131s\u0131yla k\u0131vranan kahraman\u0131m\u0131z Aslan Pa\u015fa&#8217;ya yard\u0131m etmek isterler. Hepsi kendince bir \u00e7\u00f6z\u00fcm bulmaya \u00e7al\u0131\u015f\u0131r, fakat Aslan Pa\u015fa&#8217;n\u0131n di\u015f a\u011fr\u0131s\u0131 bu \u015fekilde ge\u00e7mez. Acaba Aslan Pa\u015fa endi\u015felerini yenip di\u015f doktoruna gidebilecek mi? Ku\u015f, sincap, tilki, ceylan, maymun; Aslan Pa\u015fa&#8217;n\u0131n di\u015f a\u011fr\u0131s\u0131n\u0131 kim ge\u00e7irebilecek? <\/p>\n","protected":false},"excerpt":{"rendered":"<p>Ormandaki iyi kalpli hayvanlar, di\u015f a\u011fr\u0131s\u0131yla k\u0131vranan kahraman\u0131m\u0131z Aslan Pa\u015fa&#8217;ya yard\u0131m etmek isterler. Hepsi kendince bir \u00e7\u00f6z\u00fcm bulmaya \u00e7al\u0131\u015f\u0131r, fakat Aslan Pa\u015fa&#8217;n\u0131n di\u015f a\u011fr\u0131s\u0131 bu \u015fekilde<span class=\"excerpt-hellip\"> [\u2026]<\/span><\/p>\n","protected":false},"featured_media":0,"template":"","meta":{"_monsterinsights_skip_tracking":false,"_monsterinsights_sitenote_active":false,"_monsterinsights_sitenote_note":"","_monsterinsights_sitenote_category":0},"product_brand":[],"product_cat":[12274,12284],"product_tag":[],"class_list":{"0":"post-767937","1":"product","2":"type-product","3":"status-publish","5":"product_cat-cocuk-ve-genclik-kitaplari","6":"product_cat-hikayeler","7":"pa_cilt-ciltsiz","8":"pa_tur-kitap","9":"pa_yayinevi-cinaralti-yayinlari","10":"pa_yazar-seyma-goksay","12":"first","13":"instock","14":"sale","15":"shipping-taxable","16":"purchasable","17":"product-type-simple"},"_links":{"self":[{"href":"https:\/\/roveyayinevi.com.tr\/index.php\/wp-json\/wp\/v2\/product\/767937","targetHints":{"allow":["GET"]}}],"collection":[{"href":"https:\/\/roveyayinevi.com.tr\/index.php\/wp-json\/wp\/v2\/product"}],"about":[{"href":"https:\/\/roveyayinevi.com.tr\/index.php\/wp-json\/wp\/v2\/types\/product"}],"wp:attachment":[{"href":"https:\/\/roveyayinevi.com.tr\/index.php\/wp-json\/wp\/v2\/media?parent=767937"}],"wp:term":[{"taxonomy":"product_brand","embeddable":true,"href":"https:\/\/roveyayinevi.com.tr\/index.php\/wp-json\/wp\/v2\/product_brand?post=767937"},{"taxonomy":"product_cat","embeddable":true,"href":"https:\/\/roveyayinevi.com.tr\/index.php\/wp-json\/wp\/v2\/product_cat?post=767937"},{"taxonomy":"product_tag","embeddable":true,"href":"https:\/\/roveyayinevi.com.tr\/index.php\/wp-json\/wp\/v2\/product_tag?post=767937"}],"curies":[{"name":"wp","href":"https:\/\/api.w.org\/{rel}","templated":true}]}}