{"id":767936,"date":"2025-08-28T13:04:11","date_gmt":"2025-08-28T10:04:11","guid":{"rendered":"https:\/\/roveyayinevi.com.tr\/index.php\/urun\/finduk\/"},"modified":"2026-04-15T03:33:56","modified_gmt":"2026-04-15T00:33:56","slug":"finduk","status":"publish","type":"product","link":"https:\/\/roveyayinevi.com.tr\/index.php\/urun\/finduk\/","title":{"rendered":"Finduk"},"content":{"rendered":"<p>Minik bir f\u0131nd\u0131k tohumunun, topra\u011f\u0131n derinliklerinde ba\u015flayan b\u00fcy\u00fcme yolculu\u011funa sen de e\u015flik etmek ister misin? Acaba bu yolculukta onu neler bekliyor? Topra\u011f\u0131n alt\u0131nda nas\u0131l bir ya\u015fam var? Finduk filizlenip a\u011fa\u00e7 olurken yan\u0131nda kimler var? Hadi, kitab\u0131n kapaklar\u0131n\u0131 \u00e7evirelim; sevgi, emek ve sab\u0131rla ba\u015flayan bir hayat\u0131n g\u00fczelliklerini \u015fahit olal\u0131m. <\/p>\n","protected":false},"excerpt":{"rendered":"<p>Minik bir f\u0131nd\u0131k tohumunun, topra\u011f\u0131n derinliklerinde ba\u015flayan b\u00fcy\u00fcme yolculu\u011funa sen de e\u015flik etmek ister misin? Acaba bu yolculukta onu neler bekliyor? Topra\u011f\u0131n alt\u0131nda nas\u0131l bir ya\u015fam<span class=\"excerpt-hellip\"> [\u2026]<\/span><\/p>\n","protected":false},"featured_media":0,"template":"","meta":{"_monsterinsights_skip_tracking":false,"_monsterinsights_sitenote_active":false,"_monsterinsights_sitenote_note":"","_monsterinsights_sitenote_category":0},"product_brand":[],"product_cat":[12274,12284],"product_tag":[],"class_list":{"0":"post-767936","1":"product","2":"type-product","3":"status-publish","5":"product_cat-cocuk-ve-genclik-kitaplari","6":"product_cat-hikayeler","7":"pa_cilt-ciltsiz","8":"pa_tur-kitap","9":"pa_yayinevi-cinaralti-yayinlari","10":"pa_yazar-esra-sen","12":"first","13":"instock","14":"sale","15":"shipping-taxable","16":"purchasable","17":"product-type-simple"},"_links":{"self":[{"href":"https:\/\/roveyayinevi.com.tr\/index.php\/wp-json\/wp\/v2\/product\/767936","targetHints":{"allow":["GET"]}}],"collection":[{"href":"https:\/\/roveyayinevi.com.tr\/index.php\/wp-json\/wp\/v2\/product"}],"about":[{"href":"https:\/\/roveyayinevi.com.tr\/index.php\/wp-json\/wp\/v2\/types\/product"}],"wp:attachment":[{"href":"https:\/\/roveyayinevi.com.tr\/index.php\/wp-json\/wp\/v2\/media?parent=767936"}],"wp:term":[{"taxonomy":"product_brand","embeddable":true,"href":"https:\/\/roveyayinevi.com.tr\/index.php\/wp-json\/wp\/v2\/product_brand?post=767936"},{"taxonomy":"product_cat","embeddable":true,"href":"https:\/\/roveyayinevi.com.tr\/index.php\/wp-json\/wp\/v2\/product_cat?post=767936"},{"taxonomy":"product_tag","embeddable":true,"href":"https:\/\/roveyayinevi.com.tr\/index.php\/wp-json\/wp\/v2\/product_tag?post=767936"}],"curies":[{"name":"wp","href":"https:\/\/api.w.org\/{rel}","templated":true}]}}