{"id":767935,"date":"2025-08-28T13:04:10","date_gmt":"2025-08-28T10:04:10","guid":{"rendered":"https:\/\/roveyayinevi.com.tr\/index.php\/urun\/acik-inovasyon\/"},"modified":"2026-04-15T03:33:56","modified_gmt":"2026-04-15T00:33:56","slug":"acik-inovasyon","status":"publish","type":"product","link":"https:\/\/roveyayinevi.com.tr\/index.php\/urun\/acik-inovasyon\/","title":{"rendered":"A\u00e7\u0131k \u0130novasyon"},"content":{"rendered":"<p>K\u00fcreselle\u015fmenin h\u0131zla yayg\u0131nla\u015ft\u0131\u011f\u0131 g\u00fcn\u00fcm\u00fczde, i\u015f d\u00fcnyas\u0131 ve toplumlar s\u00fcrekli bir d\u00f6n\u00fc\u015f\u00fcm s\u00fcreci i\u00e7erisindedir. Teknolojik geli\u015fmeler, de\u011fi\u015fen pazar dinamikleri ve t\u00fcketici davran\u0131\u015flar\u0131 i\u015fletmeleri yaln\u0131zca yenilik\u00e7i olmaya zorlamakla kalmamakta, ayn\u0131 zamanda s\u00fcrd\u00fcr\u00fclebilir ve \u00e7evik i\u015f modelleri geli\u015ftirmeye de te\u015fvik etmektedir. Bu ba\u011flamda, i\u015fletmelerin varl\u0131klar\u0131n\u0131 s\u00fcrd\u00fcrebilmeleri, yenilik\u00e7ilik kapasitelerini art\u0131rabilmelerine ve i\u00e7 kaynaklar\u0131n\u0131 d\u0131\u015f bilgiyle entegre edebilme becerilerine ba\u011fl\u0131d\u0131r. \u0130\u015fte tam da bu ihtiya\u00e7lara cevap veren a\u00e7\u0131k inovasyon modeli, i\u015fletme d\u00fcnyas\u0131nda giderek daha fazla \u00f6nem kazanan bir y\u00f6netim stratejisi olarak \u00f6n plana \u00e7\u0131kmaktad\u0131r. A\u00e7\u0131k inovasyon, i\u015fletmelerin yaln\u0131zca i\u00e7 kaynaklar\u0131n\u0131 de\u011fil, d\u0131\u015f payda\u015flardan gelen bilgi ve teknolojiyi de yenilik s\u00fcre\u00e7lerine dahil ederek s\u0131n\u0131rlar\u0131 ortadan kald\u0131rmas\u0131n\u0131 ifade etmektedir. Bu anlay\u0131\u015f, rekabet g\u00fcc\u00fcn\u00fc art\u0131rmak, maliyetleri d\u00fc\u015f\u00fcrmek ve s\u00fcrd\u00fcr\u00fclebilirlik hedeflerini ger\u00e7ekle\u015ftirmek a\u00e7\u0131s\u0131ndan i\u015fletmelere stratejik bir avantaj sunar. Ayn\u0131 zamanda i\u015f d\u00fcnyas\u0131 ile akademik d\u00fcnyan\u0131n yenilik ve i\u015f birli\u011fi anlay\u0131\u015f\u0131nda yepyeni bir bak\u0131\u015f a\u00e7\u0131s\u0131n\u0131 temsil eder. <\/p>\n","protected":false},"excerpt":{"rendered":"<p>K\u00fcreselle\u015fmenin h\u0131zla yayg\u0131nla\u015ft\u0131\u011f\u0131 g\u00fcn\u00fcm\u00fczde, i\u015f d\u00fcnyas\u0131 ve toplumlar s\u00fcrekli bir d\u00f6n\u00fc\u015f\u00fcm s\u00fcreci i\u00e7erisindedir. Teknolojik geli\u015fmeler, de\u011fi\u015fen pazar dinamikleri ve t\u00fcketici davran\u0131\u015flar\u0131 i\u015fletmeleri yaln\u0131zca yenilik\u00e7i olmaya zorlamakla<span class=\"excerpt-hellip\"> [\u2026]<\/span><\/p>\n","protected":false},"featured_media":0,"template":"","meta":{"_monsterinsights_skip_tracking":false,"_monsterinsights_sitenote_active":false,"_monsterinsights_sitenote_note":"","_monsterinsights_sitenote_category":0},"product_brand":[],"product_cat":[13043,14381],"product_tag":[],"class_list":{"0":"post-767935","1":"product","2":"type-product","3":"status-publish","5":"product_cat-ekonomi","6":"product_cat-isletme-muhasebe-maliye","7":"pa_cilt-ciltsiz","8":"pa_tur-kitap","9":"pa_yayinevi-astana-yayinlari","10":"pa_yazar-gul-buket-aktepe","12":"first","13":"instock","14":"sale","15":"shipping-taxable","16":"purchasable","17":"product-type-simple"},"_links":{"self":[{"href":"https:\/\/roveyayinevi.com.tr\/index.php\/wp-json\/wp\/v2\/product\/767935","targetHints":{"allow":["GET"]}}],"collection":[{"href":"https:\/\/roveyayinevi.com.tr\/index.php\/wp-json\/wp\/v2\/product"}],"about":[{"href":"https:\/\/roveyayinevi.com.tr\/index.php\/wp-json\/wp\/v2\/types\/product"}],"wp:attachment":[{"href":"https:\/\/roveyayinevi.com.tr\/index.php\/wp-json\/wp\/v2\/media?parent=767935"}],"wp:term":[{"taxonomy":"product_brand","embeddable":true,"href":"https:\/\/roveyayinevi.com.tr\/index.php\/wp-json\/wp\/v2\/product_brand?post=767935"},{"taxonomy":"product_cat","embeddable":true,"href":"https:\/\/roveyayinevi.com.tr\/index.php\/wp-json\/wp\/v2\/product_cat?post=767935"},{"taxonomy":"product_tag","embeddable":true,"href":"https:\/\/roveyayinevi.com.tr\/index.php\/wp-json\/wp\/v2\/product_tag?post=767935"}],"curies":[{"name":"wp","href":"https:\/\/api.w.org\/{rel}","templated":true}]}}