{"id":767932,"date":"2025-08-28T13:04:05","date_gmt":"2025-08-28T10:04:05","guid":{"rendered":"https:\/\/roveyayinevi.com.tr\/index.php\/urun\/poetik-fragmanlar\/"},"modified":"2026-04-15T03:33:36","modified_gmt":"2026-04-15T00:33:36","slug":"poetik-fragmanlar","status":"publish","type":"product","link":"https:\/\/roveyayinevi.com.tr\/index.php\/urun\/poetik-fragmanlar\/","title":{"rendered":"Poetik Fragmanlar"},"content":{"rendered":"<p>\u201c&#8230; Kendini ya\u015fam\u0131n merkezine ald\u0131\u011f\u0131n, alabildi\u011fin tek yer sahne mi? Bundan m\u0131 sahneye olan sevdan? Seni sana sevdiren tek \u015fey \u00e2n\u2019\u0131n merkezine, ba\u015fk\u00f6\u015fesine mi kurulman? Bundan m\u0131 g\u00f6zlerini \u00f6tekine yumman? Sana nas\u0131l bakt\u0131\u011f\u0131n\u0131, sesindeki titreyi\u015fi, vurgulad\u0131\u011f\u0131 heceyi, akl\u0131nda olup biteni, uyan\u0131kken g\u00f6rd\u00fc\u011f\u00fc r\u00fcyay\u0131 fark ettin mi? Aran\u0131zdaki mesafeyi g\u00f6rebildin mi? Ya nabz\u0131n\u0131n sesini? \u00c7\u0131nlayan nefesini? G\u00f6rmedin, de\u011fil mi? G\u00f6remedin. Sana bakan g\u00f6z bebeklerindeki sen, sanki bir yabanc\u0131, en az \u00f6teki kadar yalanc\u0131 &#8230;\u201d <\/p>\n","protected":false},"excerpt":{"rendered":"<p>\u201c&#8230; Kendini ya\u015fam\u0131n merkezine ald\u0131\u011f\u0131n, alabildi\u011fin tek yer sahne mi? Bundan m\u0131 sahneye olan sevdan? Seni sana sevdiren tek \u015fey \u00e2n\u2019\u0131n merkezine, ba\u015fk\u00f6\u015fesine mi kurulman? Bundan<span class=\"excerpt-hellip\"> [\u2026]<\/span><\/p>\n","protected":false},"featured_media":0,"template":"","meta":{"_monsterinsights_skip_tracking":false,"_monsterinsights_sitenote_active":false,"_monsterinsights_sitenote_note":"","_monsterinsights_sitenote_category":0},"product_brand":[],"product_cat":[12291,12509],"product_tag":[],"class_list":{"0":"post-767932","1":"product","2":"type-product","3":"status-publish","5":"product_cat-edebiyat","6":"product_cat-siir","7":"pa_cilt-ciltsiz","8":"pa_tur-kitap","9":"pa_yayinevi-astana-yayinlari","10":"pa_yazar-tugrul-karanfil","12":"first","13":"instock","14":"sale","15":"shipping-taxable","16":"purchasable","17":"product-type-simple"},"_links":{"self":[{"href":"https:\/\/roveyayinevi.com.tr\/index.php\/wp-json\/wp\/v2\/product\/767932","targetHints":{"allow":["GET"]}}],"collection":[{"href":"https:\/\/roveyayinevi.com.tr\/index.php\/wp-json\/wp\/v2\/product"}],"about":[{"href":"https:\/\/roveyayinevi.com.tr\/index.php\/wp-json\/wp\/v2\/types\/product"}],"wp:attachment":[{"href":"https:\/\/roveyayinevi.com.tr\/index.php\/wp-json\/wp\/v2\/media?parent=767932"}],"wp:term":[{"taxonomy":"product_brand","embeddable":true,"href":"https:\/\/roveyayinevi.com.tr\/index.php\/wp-json\/wp\/v2\/product_brand?post=767932"},{"taxonomy":"product_cat","embeddable":true,"href":"https:\/\/roveyayinevi.com.tr\/index.php\/wp-json\/wp\/v2\/product_cat?post=767932"},{"taxonomy":"product_tag","embeddable":true,"href":"https:\/\/roveyayinevi.com.tr\/index.php\/wp-json\/wp\/v2\/product_tag?post=767932"}],"curies":[{"name":"wp","href":"https:\/\/api.w.org\/{rel}","templated":true}]}}