{"id":767931,"date":"2025-08-28T13:04:03","date_gmt":"2025-08-28T10:04:03","guid":{"rendered":"https:\/\/roveyayinevi.com.tr\/index.php\/urun\/kusursuz-cinayet-mobbing\/"},"modified":"2026-04-15T03:33:36","modified_gmt":"2026-04-15T00:33:36","slug":"kusursuz-cinayet-mobbing","status":"publish","type":"product","link":"https:\/\/roveyayinevi.com.tr\/index.php\/urun\/kusursuz-cinayet-mobbing\/","title":{"rendered":"Kusursuz Cinayet Mobbing"},"content":{"rendered":"<p>Kusursuz cinayet bir insan\u0131n ya\u015fama sevincinin \u00f6ld\u00fcr\u00fclmesidir. Bu su\u00e7u i\u015fleyenler genellikle makam ve mevkilerindeki l\u00fcks odalar\u0131nda veya patron yalakalar\u0131 olarak her do\u011fan yeni g\u00fcnle yeni cinayetler planlamaktad\u0131rlar. Cinayete kurban edilecekler ise gece uykusuz; sabah yeni sald\u0131r\u0131lara k\u00f6r, sa\u011f\u0131r ve dilsiz olmak zorundad\u0131rlar, \u00e7\u00fcnk\u00fc evde bebekler mama, \u00e7ocuklar oyuncak bekler ve eve ekmek g\u00f6t\u00fcr\u00fclmesi gerekmektedir. KURBAN, her g\u00fcn psikolojik olarak bir travmadan di\u011ferine \u00fccretsiz, fazla mesai olmadan, a\u015fa\u011f\u0131lanarak, k\u00fc\u00e7\u00fcmsenerek, hor g\u00f6r\u00fclerek ve \u0131\u015f\u0131k h\u0131z\u0131yla gider. U\u011frad\u0131\u011f\u0131 her sald\u0131r\u0131da onuru k\u0131r\u0131l\u0131r. Bir zaman sonra ya\u015fad\u0131klar\u0131 kabul edilebilecek s\u0131n\u0131rlar\u0131 fazlas\u0131yla a\u015far. MA\u011eDUR\u2019un ilk yapt\u0131\u011f\u0131 intihar etmek veya ZORBASINI \u00f6ld\u00fcrmektir. Siz kendi k\u00f6\u015fenizde ba\u015fkalar\u0131n\u0131n magazin haberlerini g\u00fclerek izlerken, hayatlar yok olur gider ama bilmezsiniz. Kurban bir mobbing ma\u011fdurudur, bilmezsiniz. ZORBA planlayarak, canavarca hislerle birden fazla ki\u015fiyi \u00f6ld\u00fcren bir katildir. Hem katildir hem de elinin alt\u0131ndakileri kullanmak suretiyle asl\u0131nda ba\u015fka cinayetlerin de azmettiricisidir, bilmezsiniz. MA\u011eDUR, kendi halinde, ekme\u011finin derdinde olan bir \u00c7ALI\u015eAN iken ondan katil yaratan ise ZORBA\u2019d\u0131r bilmezsiniz. \u0130\u015fte tam da bu nedenlerle MOBB\u0130NG KUSURSUZ B\u0130R C\u0130NAYETT\u0130R <\/p>\n","protected":false},"excerpt":{"rendered":"<p>Kusursuz cinayet bir insan\u0131n ya\u015fama sevincinin \u00f6ld\u00fcr\u00fclmesidir. Bu su\u00e7u i\u015fleyenler genellikle makam ve mevkilerindeki l\u00fcks odalar\u0131nda veya patron yalakalar\u0131 olarak her do\u011fan yeni g\u00fcnle yeni cinayetler<span class=\"excerpt-hellip\"> [\u2026]<\/span><\/p>\n","protected":false},"featured_media":0,"template":"","meta":{"_monsterinsights_skip_tracking":false,"_monsterinsights_sitenote_active":false,"_monsterinsights_sitenote_note":"","_monsterinsights_sitenote_category":0},"product_brand":[],"product_cat":[12291,12711],"product_tag":[],"class_list":{"0":"post-767931","1":"product","2":"type-product","3":"status-publish","5":"product_cat-edebiyat","6":"product_cat-roman-oyku","7":"pa_cilt-ciltsiz","8":"pa_tur-kitap","9":"pa_yayinevi-bilgekut-yayinlari","10":"pa_yazar-mahmut-ozkoca","12":"first","13":"instock","14":"sale","15":"shipping-taxable","16":"purchasable","17":"product-type-simple"},"_links":{"self":[{"href":"https:\/\/roveyayinevi.com.tr\/index.php\/wp-json\/wp\/v2\/product\/767931","targetHints":{"allow":["GET"]}}],"collection":[{"href":"https:\/\/roveyayinevi.com.tr\/index.php\/wp-json\/wp\/v2\/product"}],"about":[{"href":"https:\/\/roveyayinevi.com.tr\/index.php\/wp-json\/wp\/v2\/types\/product"}],"wp:attachment":[{"href":"https:\/\/roveyayinevi.com.tr\/index.php\/wp-json\/wp\/v2\/media?parent=767931"}],"wp:term":[{"taxonomy":"product_brand","embeddable":true,"href":"https:\/\/roveyayinevi.com.tr\/index.php\/wp-json\/wp\/v2\/product_brand?post=767931"},{"taxonomy":"product_cat","embeddable":true,"href":"https:\/\/roveyayinevi.com.tr\/index.php\/wp-json\/wp\/v2\/product_cat?post=767931"},{"taxonomy":"product_tag","embeddable":true,"href":"https:\/\/roveyayinevi.com.tr\/index.php\/wp-json\/wp\/v2\/product_tag?post=767931"}],"curies":[{"name":"wp","href":"https:\/\/api.w.org\/{rel}","templated":true}]}}