{"id":767928,"date":"2025-08-28T13:03:57","date_gmt":"2025-08-28T10:03:57","guid":{"rendered":"https:\/\/roveyayinevi.com.tr\/index.php\/urun\/bocek-oteli\/"},"modified":"2026-04-05T03:25:17","modified_gmt":"2026-04-05T00:25:17","slug":"bocek-oteli","status":"publish","type":"product","link":"https:\/\/roveyayinevi.com.tr\/index.php\/urun\/bocek-oteli\/","title":{"rendered":"B\u00f6cek Oteli"},"content":{"rendered":"<p>B\u00f6cek Oteli\u2019nin b\u00fcy\u00fck a\u00e7\u0131l\u0131\u015f\u0131na haz\u0131r m\u0131s\u0131n\u0131z?Pofuduk koltuklar, \u0131\u015f\u0131lt\u0131l\u0131 bir havuz ve rahatlat\u0131c\u0131 bir spa&#8230;T\u00fcm b\u00f6cekler i\u00e7in m\u00fckemmel bir yer! Ama tam o s\u0131rada beklenmedik bir misafir beliriyor kap\u0131da: B\u0130R S\u00dcM\u00dcKL\u00dc B\u00d6CEK! Yap\u0131\u015f yap\u0131\u015f, \u0131slak ve di\u011ferlerinden \u00e7ok farkl\u0131 olan bu konuk, otele kabul edilebilir mi? Arka kapa\u011f\u0131ndan \u00e7\u0131kan kes-birle\u015ftir k\u00fc\u00e7\u00fck b\u00f6cek karakterlerle hikayeyi canland\u0131rarak oku.<\/p>\n","protected":false},"excerpt":{"rendered":"<p>B\u00f6cek Oteli\u2019nin b\u00fcy\u00fck a\u00e7\u0131l\u0131\u015f\u0131na haz\u0131r m\u0131s\u0131n\u0131z?Pofuduk koltuklar, \u0131\u015f\u0131lt\u0131l\u0131 bir havuz ve rahatlat\u0131c\u0131 bir spa&#8230;T\u00fcm b\u00f6cekler i\u00e7in m\u00fckemmel bir yer! Ama tam o s\u0131rada beklenmedik bir misafir<span class=\"excerpt-hellip\"> [\u2026]<\/span><\/p>\n","protected":false},"featured_media":0,"template":"","meta":{"_monsterinsights_skip_tracking":false,"_monsterinsights_sitenote_active":false,"_monsterinsights_sitenote_note":"","_monsterinsights_sitenote_category":0},"product_brand":[],"product_cat":[12274,12284],"product_tag":[],"class_list":{"0":"post-767928","1":"product","2":"type-product","3":"status-publish","5":"product_cat-cocuk-ve-genclik-kitaplari","6":"product_cat-hikayeler","7":"pa_cilt-ciltsiz","8":"pa_tur-kitap","9":"pa_yayinevi-ucan-kitap","10":"pa_yazar-suzy-senior","12":"first","13":"instock","14":"sale","15":"shipping-taxable","16":"purchasable","17":"product-type-simple"},"_links":{"self":[{"href":"https:\/\/roveyayinevi.com.tr\/index.php\/wp-json\/wp\/v2\/product\/767928","targetHints":{"allow":["GET"]}}],"collection":[{"href":"https:\/\/roveyayinevi.com.tr\/index.php\/wp-json\/wp\/v2\/product"}],"about":[{"href":"https:\/\/roveyayinevi.com.tr\/index.php\/wp-json\/wp\/v2\/types\/product"}],"wp:attachment":[{"href":"https:\/\/roveyayinevi.com.tr\/index.php\/wp-json\/wp\/v2\/media?parent=767928"}],"wp:term":[{"taxonomy":"product_brand","embeddable":true,"href":"https:\/\/roveyayinevi.com.tr\/index.php\/wp-json\/wp\/v2\/product_brand?post=767928"},{"taxonomy":"product_cat","embeddable":true,"href":"https:\/\/roveyayinevi.com.tr\/index.php\/wp-json\/wp\/v2\/product_cat?post=767928"},{"taxonomy":"product_tag","embeddable":true,"href":"https:\/\/roveyayinevi.com.tr\/index.php\/wp-json\/wp\/v2\/product_tag?post=767928"}],"curies":[{"name":"wp","href":"https:\/\/api.w.org\/{rel}","templated":true}]}}