{"id":767927,"date":"2025-08-28T13:03:55","date_gmt":"2025-08-28T10:03:55","guid":{"rendered":"https:\/\/roveyayinevi.com.tr\/index.php\/urun\/bunu-kimden-duydun-nuriye-ecmel-3\/"},"modified":"2026-04-08T03:30:32","modified_gmt":"2026-04-08T00:30:32","slug":"bunu-kimden-duydun-nuriye-ecmel-3","status":"publish","type":"product","link":"https:\/\/roveyayinevi.com.tr\/index.php\/urun\/bunu-kimden-duydun-nuriye-ecmel-3\/","title":{"rendered":"Bunu Kimden Duydun? &#8211; Nuriye Ecmel 3"},"content":{"rendered":"<p>E\u011fer birinden bir dedikodu duyarsan\u0131z yapabilece\u011finiz \u015feyler listesi:\u00b7       Kulaklar\u0131n\u0131z\u0131 t\u0131kamak\u00b7       \u0130mdaaat, diye ba\u011f\u0131r\u0131p ko\u015fa ko\u015fa ka\u00e7mak\u00b7       \u201cAman can\u0131m bo\u015f ver \u015fimdi bunlar\u0131, \u015fu senin i\u015fleri ne yapt\u0131n\u2026\u201d diyerek hemen konuyu de\u011fi\u015ftirmekBen de bir dedikodu duydum ve ne yapt\u0131m dersiniz? Dedikodunun pe\u015fine d\u00fc\u015ft\u00fcm. Ama onun pe\u015fine d\u00fc\u015feyim derken kendimi birden \u00e7ok acayip bir yerde buldum. Nerede buldu\u011fumu \u015fu an anlatamam, isterseniz kendiniz okuyup \u00f6\u011frenin.<\/p>\n","protected":false},"excerpt":{"rendered":"<p>E\u011fer birinden bir dedikodu duyarsan\u0131z yapabilece\u011finiz \u015feyler listesi:\u00b7 Kulaklar\u0131n\u0131z\u0131 t\u0131kamak\u00b7 \u0130mdaaat, diye ba\u011f\u0131r\u0131p ko\u015fa ko\u015fa ka\u00e7mak\u00b7 \u201cAman can\u0131m bo\u015f ver \u015fimdi bunlar\u0131, \u015fu senin i\u015fleri ne<span class=\"excerpt-hellip\"> [\u2026]<\/span><\/p>\n","protected":false},"featured_media":0,"template":"","meta":{"_monsterinsights_skip_tracking":false,"_monsterinsights_sitenote_active":false,"_monsterinsights_sitenote_note":"","_monsterinsights_sitenote_category":0},"product_brand":[],"product_cat":[12274,12284],"product_tag":[],"class_list":{"0":"post-767927","1":"product","2":"type-product","3":"status-publish","5":"product_cat-cocuk-ve-genclik-kitaplari","6":"product_cat-hikayeler","7":"pa_cilt-ciltsiz","8":"pa_tur-kitap","9":"pa_yayinevi-gulce-kitap","10":"pa_yazar-merve-ozcan","12":"first","13":"instock","14":"sale","15":"shipping-taxable","16":"purchasable","17":"product-type-simple"},"_links":{"self":[{"href":"https:\/\/roveyayinevi.com.tr\/index.php\/wp-json\/wp\/v2\/product\/767927","targetHints":{"allow":["GET"]}}],"collection":[{"href":"https:\/\/roveyayinevi.com.tr\/index.php\/wp-json\/wp\/v2\/product"}],"about":[{"href":"https:\/\/roveyayinevi.com.tr\/index.php\/wp-json\/wp\/v2\/types\/product"}],"wp:attachment":[{"href":"https:\/\/roveyayinevi.com.tr\/index.php\/wp-json\/wp\/v2\/media?parent=767927"}],"wp:term":[{"taxonomy":"product_brand","embeddable":true,"href":"https:\/\/roveyayinevi.com.tr\/index.php\/wp-json\/wp\/v2\/product_brand?post=767927"},{"taxonomy":"product_cat","embeddable":true,"href":"https:\/\/roveyayinevi.com.tr\/index.php\/wp-json\/wp\/v2\/product_cat?post=767927"},{"taxonomy":"product_tag","embeddable":true,"href":"https:\/\/roveyayinevi.com.tr\/index.php\/wp-json\/wp\/v2\/product_tag?post=767927"}],"curies":[{"name":"wp","href":"https:\/\/api.w.org\/{rel}","templated":true}]}}