{"id":767921,"date":"2025-08-28T13:03:43","date_gmt":"2025-08-28T10:03:43","guid":{"rendered":"https:\/\/roveyayinevi.com.tr\/index.php\/urun\/anne-terligi\/"},"modified":"2026-04-15T03:33:35","modified_gmt":"2026-04-15T00:33:35","slug":"anne-terligi","status":"publish","type":"product","link":"https:\/\/roveyayinevi.com.tr\/index.php\/urun\/anne-terligi\/","title":{"rendered":"Anne Terli\u011fi"},"content":{"rendered":"<p>\u0130Y\u0130L\u0130K EDEN \u0130Y\u0130L\u0130K BULUR.Sirkenaz, Somurtkan Hala, Leyla, Helva, S\u00fcheyla, Uyan\u0131k, Bitirim ve en uza\u011fa hatta uzaya f\u0131rlat\u0131lan Anne Terli\u011fi \u00d6d\u00fcl\u00fc\u2026\u00c7ok eski bir anne s\u00f6z\u00fcne g\u00f6z k\u0131rpacak \u015fekilde, \u201cHer yer her yerde!\u201d tarz\u0131nda bir hik\u00e2ye. Ge\u00e7mi\u015fe tak\u0131larak s\u00f6k\u00fckler i\u00e7inde kalan an\u0131lar\u0131 gelecek ile dokuma zaman\u0131!An\u0131l Bas\u0131l\u0131\u2019n\u0131n karalamalar\u0131 ve Eda Ertekin Toks\u00f6z\u2019\u00fcn renkleriyle hayat bulan Anne Terli\u011fi, uzakta arad\u0131klar\u0131m\u0131z\u0131n bazen en yak\u0131n\u0131m\u0131zda oldu\u011funu bizlere hat\u0131rlat\u0131yor.Umudun g\u00fcrle\u015ftirdi\u011fi, deste\u011fin g\u00fc\u00e7lendirdi\u011fi kalpten \u00e7i\u00e7eklere\u2026<\/p>\n","protected":false},"excerpt":{"rendered":"<p>\u0130Y\u0130L\u0130K EDEN \u0130Y\u0130L\u0130K BULUR.Sirkenaz, Somurtkan Hala, Leyla, Helva, S\u00fcheyla, Uyan\u0131k, Bitirim ve en uza\u011fa hatta uzaya f\u0131rlat\u0131lan Anne Terli\u011fi \u00d6d\u00fcl\u00fc\u2026\u00c7ok eski bir anne s\u00f6z\u00fcne g\u00f6z k\u0131rpacak<span class=\"excerpt-hellip\"> [\u2026]<\/span><\/p>\n","protected":false},"featured_media":0,"template":"","meta":{"_monsterinsights_skip_tracking":false,"_monsterinsights_sitenote_active":false,"_monsterinsights_sitenote_note":"","_monsterinsights_sitenote_category":0},"product_brand":[],"product_cat":[12274,12284],"product_tag":[],"class_list":{"0":"post-767921","1":"product","2":"type-product","3":"status-publish","5":"product_cat-cocuk-ve-genclik-kitaplari","6":"product_cat-hikayeler","7":"pa_cilt-ciltsiz","8":"pa_tur-kitap","9":"pa_yayinevi-timas-cocuk","10":"pa_yazar-anil-basili","12":"first","13":"instock","14":"sale","15":"shipping-taxable","16":"purchasable","17":"product-type-simple"},"_links":{"self":[{"href":"https:\/\/roveyayinevi.com.tr\/index.php\/wp-json\/wp\/v2\/product\/767921","targetHints":{"allow":["GET"]}}],"collection":[{"href":"https:\/\/roveyayinevi.com.tr\/index.php\/wp-json\/wp\/v2\/product"}],"about":[{"href":"https:\/\/roveyayinevi.com.tr\/index.php\/wp-json\/wp\/v2\/types\/product"}],"wp:attachment":[{"href":"https:\/\/roveyayinevi.com.tr\/index.php\/wp-json\/wp\/v2\/media?parent=767921"}],"wp:term":[{"taxonomy":"product_brand","embeddable":true,"href":"https:\/\/roveyayinevi.com.tr\/index.php\/wp-json\/wp\/v2\/product_brand?post=767921"},{"taxonomy":"product_cat","embeddable":true,"href":"https:\/\/roveyayinevi.com.tr\/index.php\/wp-json\/wp\/v2\/product_cat?post=767921"},{"taxonomy":"product_tag","embeddable":true,"href":"https:\/\/roveyayinevi.com.tr\/index.php\/wp-json\/wp\/v2\/product_tag?post=767921"}],"curies":[{"name":"wp","href":"https:\/\/api.w.org\/{rel}","templated":true}]}}