{"id":767920,"date":"2025-08-28T13:03:40","date_gmt":"2025-08-28T10:03:40","guid":{"rendered":"https:\/\/roveyayinevi.com.tr\/index.php\/urun\/kanatlarimi-buldugum-gun\/"},"modified":"2026-04-15T03:33:35","modified_gmt":"2026-04-15T00:33:35","slug":"kanatlarimi-buldugum-gun","status":"publish","type":"product","link":"https:\/\/roveyayinevi.com.tr\/index.php\/urun\/kanatlarimi-buldugum-gun\/","title":{"rendered":"Kanatlar\u0131m\u0131 Buldu\u011fum G\u00fcn"},"content":{"rendered":"<p>Yeni okul, yeni arkada\u015flar, yeni ba\u015flang\u0131\u00e7lar&#8230; Hi\u00e7 bilmedi\u011fin bir d\u00fcnyaya ad\u0131m atsan nas\u0131l hissederdin?Hem de o okulun i\u00e7inde gizemli notlar, s\u00fcrprizlerle dolu kul\u00fcpler ve ke\u015ffedilmeyi bekleyen s\u0131rlar varsa&#8230;Mercan, bu gizemli okulda ad\u0131m ad\u0131m kendi kanatlar\u0131na kavu\u015fman\u0131n yolunu ar\u0131yor. \u0130\u00e7indeki t\u0131rt\u0131l\u0131 kelebe\u011fe d\u00f6n\u00fc\u015ft\u00fcrebilmek i\u00e7in. Bunu sadece i\u00e7indeki y\u0131ld\u0131zlar\u0131 takip ederek yapabilir. Ama en \u00f6nemli soru \u015fu:ACABA GER\u00c7EKTEN U\u00c7MAYA CESARET EDEB\u0130LECEK M\u0130?Hayaller, dostluk ve cesaret dolu bu hik\u00e2yede, Mercan\u2019la birlikte kendi kanatlar\u0131n\u0131 bulmaya var m\u0131s\u0131n? Belki de senin i\u00e7in her \u015fey, kendi kanatlar\u0131n\u0131 buldu\u011fun g\u00fcn de\u011fi\u015fecek.<\/p>\n","protected":false},"excerpt":{"rendered":"<p>Yeni okul, yeni arkada\u015flar, yeni ba\u015flang\u0131\u00e7lar&#8230; Hi\u00e7 bilmedi\u011fin bir d\u00fcnyaya ad\u0131m atsan nas\u0131l hissederdin?Hem de o okulun i\u00e7inde gizemli notlar, s\u00fcrprizlerle dolu kul\u00fcpler ve ke\u015ffedilmeyi bekleyen<span class=\"excerpt-hellip\"> [\u2026]<\/span><\/p>\n","protected":false},"featured_media":0,"template":"","meta":{"_monsterinsights_skip_tracking":false,"_monsterinsights_sitenote_active":false,"_monsterinsights_sitenote_note":"","_monsterinsights_sitenote_category":0},"product_brand":[],"product_cat":[12291,12711],"product_tag":[],"class_list":{"0":"post-767920","1":"product","2":"type-product","3":"status-publish","5":"product_cat-edebiyat","6":"product_cat-roman-oyku","7":"pa_cilt-ciltsiz","8":"pa_tur-kitap","9":"pa_yayinevi-genc-timas","10":"pa_yazar-sevda-ozdemir","12":"first","13":"instock","14":"sale","15":"shipping-taxable","16":"purchasable","17":"product-type-simple"},"_links":{"self":[{"href":"https:\/\/roveyayinevi.com.tr\/index.php\/wp-json\/wp\/v2\/product\/767920","targetHints":{"allow":["GET"]}}],"collection":[{"href":"https:\/\/roveyayinevi.com.tr\/index.php\/wp-json\/wp\/v2\/product"}],"about":[{"href":"https:\/\/roveyayinevi.com.tr\/index.php\/wp-json\/wp\/v2\/types\/product"}],"wp:attachment":[{"href":"https:\/\/roveyayinevi.com.tr\/index.php\/wp-json\/wp\/v2\/media?parent=767920"}],"wp:term":[{"taxonomy":"product_brand","embeddable":true,"href":"https:\/\/roveyayinevi.com.tr\/index.php\/wp-json\/wp\/v2\/product_brand?post=767920"},{"taxonomy":"product_cat","embeddable":true,"href":"https:\/\/roveyayinevi.com.tr\/index.php\/wp-json\/wp\/v2\/product_cat?post=767920"},{"taxonomy":"product_tag","embeddable":true,"href":"https:\/\/roveyayinevi.com.tr\/index.php\/wp-json\/wp\/v2\/product_tag?post=767920"}],"curies":[{"name":"wp","href":"https:\/\/api.w.org\/{rel}","templated":true}]}}