{"id":767917,"date":"2025-08-28T13:03:34","date_gmt":"2025-08-28T10:03:34","guid":{"rendered":"https:\/\/roveyayinevi.com.tr\/index.php\/urun\/lema-en-yuksek-tepe\/"},"modified":"2026-04-15T03:33:35","modified_gmt":"2026-04-15T00:33:35","slug":"lema-en-yuksek-tepe","status":"publish","type":"product","link":"https:\/\/roveyayinevi.com.tr\/index.php\/urun\/lema-en-yuksek-tepe\/","title":{"rendered":"Lema En Y\u00fcksek Tepe"},"content":{"rendered":"<p>Bir gen\u00e7 k\u0131z\u0131n g\u00fcc\u00fc, ya\u015fad\u0131\u011f\u0131 kasaban\u0131n kaderini de\u011fi\u015ftirebilir mi?Mavel Kasabas\u0131\u2019n\u0131n so\u011fuk ve gizemli atmosferinde, Lema\u2019n\u0131n hayat\u0131 hi\u00e7 pe\u015fini b\u0131rakmayan g\u00f6r\u00fcng\u00fc krizleriyle alt\u00fcst olur. Ancak Lema, bu krizlerin arkas\u0131ndaki karanl\u0131k s\u0131rlar\u0131 ke\u015ffettik\u00e7e, her ad\u0131mda yeni bir tehlikeyle y\u00fczle\u015fir ve kay\u0131p ge\u00e7mi\u015finin perdelerini aralar. Lema\u2019n\u0131n krizlerle ba\u015flayan yolculu\u011fu, i\u00e7sel g\u00fcc\u00fcn\u00fc ve kim oldu\u011funu ke\u015ffetme aray\u0131\u015f\u0131na d\u00f6n\u00fc\u015f\u00fcr. Ancak buldu\u011fu cevaplar\u0131n daha b\u00fcy\u00fck sorular\u0131 a\u00e7\u0131\u011fa \u00e7\u0131kard\u0131\u011f\u0131 bu macerada Lema, yaln\u0131zca ya\u015fad\u0131\u011f\u0131 kasaban\u0131n de\u011fil, t\u00fcm evrenin kaderini de\u011fi\u015ftirebilir. Lema: En Y\u00fcksek Tepe, ger\u00e7eklerin ve yalanlar\u0131n ince \u00e7izgisinde y\u00fcr\u00fcyen destans\u0131 bir hik\u00e2yenin ba\u015flang\u0131c\u0131. Bir kasabada ba\u015flayan bu macera, sizi \u0131\u015f\u0131\u011f\u0131n ve ate\u015fin bulu\u015ftu\u011fu zirvelere ta\u015f\u0131yacak.<\/p>\n","protected":false},"excerpt":{"rendered":"<p>Bir gen\u00e7 k\u0131z\u0131n g\u00fcc\u00fc, ya\u015fad\u0131\u011f\u0131 kasaban\u0131n kaderini de\u011fi\u015ftirebilir mi?Mavel Kasabas\u0131\u2019n\u0131n so\u011fuk ve gizemli atmosferinde, Lema\u2019n\u0131n hayat\u0131 hi\u00e7 pe\u015fini b\u0131rakmayan g\u00f6r\u00fcng\u00fc krizleriyle alt\u00fcst olur. Ancak Lema, bu<span class=\"excerpt-hellip\"> [\u2026]<\/span><\/p>\n","protected":false},"featured_media":0,"template":"","meta":{"_monsterinsights_skip_tracking":false,"_monsterinsights_sitenote_active":false,"_monsterinsights_sitenote_note":"","_monsterinsights_sitenote_category":0},"product_brand":[],"product_cat":[12291,12711],"product_tag":[],"class_list":{"0":"post-767917","1":"product","2":"type-product","3":"status-publish","5":"product_cat-edebiyat","6":"product_cat-roman-oyku","7":"pa_cilt-ciltsiz","8":"pa_tur-kitap","9":"pa_yayinevi-genc-timas","10":"pa_yazar-haldun-ilkdogan","12":"first","13":"instock","14":"sale","15":"shipping-taxable","16":"purchasable","17":"product-type-simple"},"_links":{"self":[{"href":"https:\/\/roveyayinevi.com.tr\/index.php\/wp-json\/wp\/v2\/product\/767917","targetHints":{"allow":["GET"]}}],"collection":[{"href":"https:\/\/roveyayinevi.com.tr\/index.php\/wp-json\/wp\/v2\/product"}],"about":[{"href":"https:\/\/roveyayinevi.com.tr\/index.php\/wp-json\/wp\/v2\/types\/product"}],"wp:attachment":[{"href":"https:\/\/roveyayinevi.com.tr\/index.php\/wp-json\/wp\/v2\/media?parent=767917"}],"wp:term":[{"taxonomy":"product_brand","embeddable":true,"href":"https:\/\/roveyayinevi.com.tr\/index.php\/wp-json\/wp\/v2\/product_brand?post=767917"},{"taxonomy":"product_cat","embeddable":true,"href":"https:\/\/roveyayinevi.com.tr\/index.php\/wp-json\/wp\/v2\/product_cat?post=767917"},{"taxonomy":"product_tag","embeddable":true,"href":"https:\/\/roveyayinevi.com.tr\/index.php\/wp-json\/wp\/v2\/product_tag?post=767917"}],"curies":[{"name":"wp","href":"https:\/\/api.w.org\/{rel}","templated":true}]}}