{"id":767916,"date":"2025-08-28T13:03:32","date_gmt":"2025-08-28T10:03:32","guid":{"rendered":"https:\/\/roveyayinevi.com.tr\/index.php\/urun\/kolayca-matematik\/"},"modified":"2026-04-15T03:33:35","modified_gmt":"2026-04-15T00:33:35","slug":"kolayca-matematik","status":"publish","type":"product","link":"https:\/\/roveyayinevi.com.tr\/index.php\/urun\/kolayca-matematik\/","title":{"rendered":"Kolayca Matematik"},"content":{"rendered":"<p>Matematikle aran nas\u0131l? \u0130yi de\u011fil mi? O h\u00e2lde en do\u011fru kitab\u0131 elinde tutuyorsun. Bu kitap sana matemati\u011fi en kolay \u015fekilde \u00f6\u011fretecek! En fazla zorland\u0131\u011f\u0131n matematik konular\u0131n\u0131 en pratik y\u00f6ntemler ve \u00f6rneklerle \u00e7\u00f6zebilecek ayn\u0131 zamanda bu muhte\u015fem derse dair en haval\u0131 bilgilere sahip olacaks\u0131n. Kesim kesim kesirlerle, k\u00fcme k\u00fcme k\u00fcmelerle, bak\u0131\u015f a\u00e7\u0131n\u0131 de\u011fi\u015ftirecek a\u00e7\u0131larla ve daha bir\u00e7ok matematik konusuyla kar\u015f\u0131la\u015facak, onlarla e\u011flenceli vakit ge\u00e7ireceksin.Haydi, matemati\u011fi kolayla\u015ft\u0131ran bu kitab\u0131n kapa\u011f\u0131n\u0131 arala!<\/p>\n","protected":false},"excerpt":{"rendered":"<p>Matematikle aran nas\u0131l? \u0130yi de\u011fil mi? O h\u00e2lde en do\u011fru kitab\u0131 elinde tutuyorsun. Bu kitap sana matemati\u011fi en kolay \u015fekilde \u00f6\u011fretecek! En fazla zorland\u0131\u011f\u0131n matematik konular\u0131n\u0131<span class=\"excerpt-hellip\"> [\u2026]<\/span><\/p>\n","protected":false},"featured_media":0,"template":"","meta":{"_monsterinsights_skip_tracking":false,"_monsterinsights_sitenote_active":false,"_monsterinsights_sitenote_note":"","_monsterinsights_sitenote_category":0},"product_brand":[],"product_cat":[13829,12274],"product_tag":[],"class_list":{"0":"post-767916","1":"product","2":"type-product","3":"status-publish","5":"product_cat-bilimsel-kitaplar","6":"product_cat-cocuk-ve-genclik-kitaplari","7":"pa_cilt-ciltsiz","8":"pa_tur-kitap","9":"pa_yayinevi-eglenceli-bilgi-yayinlari","10":"pa_yazar-ebru-arik","12":"first","13":"instock","14":"sale","15":"shipping-taxable","16":"purchasable","17":"product-type-simple"},"_links":{"self":[{"href":"https:\/\/roveyayinevi.com.tr\/index.php\/wp-json\/wp\/v2\/product\/767916","targetHints":{"allow":["GET"]}}],"collection":[{"href":"https:\/\/roveyayinevi.com.tr\/index.php\/wp-json\/wp\/v2\/product"}],"about":[{"href":"https:\/\/roveyayinevi.com.tr\/index.php\/wp-json\/wp\/v2\/types\/product"}],"wp:attachment":[{"href":"https:\/\/roveyayinevi.com.tr\/index.php\/wp-json\/wp\/v2\/media?parent=767916"}],"wp:term":[{"taxonomy":"product_brand","embeddable":true,"href":"https:\/\/roveyayinevi.com.tr\/index.php\/wp-json\/wp\/v2\/product_brand?post=767916"},{"taxonomy":"product_cat","embeddable":true,"href":"https:\/\/roveyayinevi.com.tr\/index.php\/wp-json\/wp\/v2\/product_cat?post=767916"},{"taxonomy":"product_tag","embeddable":true,"href":"https:\/\/roveyayinevi.com.tr\/index.php\/wp-json\/wp\/v2\/product_tag?post=767916"}],"curies":[{"name":"wp","href":"https:\/\/api.w.org\/{rel}","templated":true}]}}