{"id":767911,"date":"2025-08-28T13:03:24","date_gmt":"2025-08-28T10:03:24","guid":{"rendered":"https:\/\/roveyayinevi.com.tr\/index.php\/urun\/ilk-osmanli-muharebeleri-bafeus-1302-pelekanon-1326\/"},"modified":"2026-04-15T03:33:35","modified_gmt":"2026-04-15T00:33:35","slug":"ilk-osmanli-muharebeleri-bafeus-1302-pelekanon-1326","status":"publish","type":"product","link":"https:\/\/roveyayinevi.com.tr\/index.php\/urun\/ilk-osmanli-muharebeleri-bafeus-1302-pelekanon-1326\/","title":{"rendered":"\u0130lk Osmanl\u0131 Muharebeleri Bafeus 1302 &amp; Pelekanon 1326"},"content":{"rendered":"<p>\u0130znik feth ol\u0131nacak nevbet \u0130stanbul\u2019a d\u00fc\u015fer G\u00f6rsel Osmanl\u0131 Sava\u015f Tarihi Serisi, merhum Prof. Dr. Halil \u0130nalc\u0131k\u2019\u0131n tarifiyle Osmanl\u0131lara beylik olma yolunu a\u00e7an Bafeus 1302 &amp; Pelekanon 1326 muharebeleriyle devam ediyor.Bu iki muharebe Osmanl\u0131 tarihi \u00e7al\u0131\u015fmalar\u0131n\u0131n duayen ismi Prof. Dr. Feridun M. Emecen taraf\u0131ndan yaz\u0131ld\u0131. Bizans\u2019a kar\u015f\u0131 al\u0131nan iki parlak zaferin ad\u0131yd\u0131 Bafeus (1302) ve Pelekanon (1326). Osmanl\u0131 Beyli\u011fi\u2019nin kurucusu Osman Bey Bafeus\u2019ta bir Bizans ordusunu yendi. O\u011flu Orhan Bey ise Gebze yak\u0131nlar\u0131ndaki Pelekanon\u2019da Bizans imparatorunun kumanda etti\u011fi kuvvetleri ezdi. Osmanl\u0131lar bu zaferlerle di\u011fer beyliklerin \u00f6n\u00fcne ge\u00e7ti.Emecen, ilk Osmanl\u0131lar\u0131n pusu ve bask\u0131n d\u0131\u015f\u0131nda taktik beceri g\u00f6steremeyen a\u015firet sava\u015f\u00e7\u0131lar\u0131 olduklar\u0131 g\u00f6r\u00fc\u015f\u00fcn\u00fc \u00e7\u00fcr\u00fct\u00fcyor. Osmanl\u0131lar daha ilk devirlerde istihbarat toplama, topografyay\u0131 \u00e7al\u0131\u015fma, h\u0131zl\u0131 hareket etme, taktik esneklik g\u00f6sterme ve gece harekat\u0131 d\u00fczenleme konusunda ne kadar deneyimli olduklar\u0131n\u0131 bu muharebelerle ispatlad\u0131lar.Bu kitapta iki muharebeyi bu \u00e7al\u0131\u015fmaya \u00f6zel \u00fcretilen krokiler, planlar, \u00e7izimler ve haritalarla takip edebileceksiniz. Muharebe hakk\u0131ndaki yerli\/yabanc\u0131 kaynaklardan geni\u015f al\u0131nt\u0131lar sayesinde d\u00f6nemin havas\u0131n\u0131 soluyacaks\u0131n\u0131z. Karekod uygulamas\u0131 ile hareketli muharebe planlar\u0131n\u0131 g\u00f6receksiniz.<\/p>\n","protected":false},"excerpt":{"rendered":"<p>\u0130znik feth ol\u0131nacak nevbet \u0130stanbul\u2019a d\u00fc\u015fer G\u00f6rsel Osmanl\u0131 Sava\u015f Tarihi Serisi, merhum Prof. Dr. Halil \u0130nalc\u0131k\u2019\u0131n tarifiyle Osmanl\u0131lara beylik olma yolunu a\u00e7an Bafeus 1302 &amp; Pelekanon<span class=\"excerpt-hellip\"> [\u2026]<\/span><\/p>\n","protected":false},"featured_media":0,"template":"","meta":{"_monsterinsights_skip_tracking":false,"_monsterinsights_sitenote_active":false,"_monsterinsights_sitenote_note":"","_monsterinsights_sitenote_category":0},"product_brand":[],"product_cat":[13517,12304],"product_tag":[],"class_list":{"0":"post-767911","1":"product","2":"type-product","3":"status-publish","5":"product_cat-osmanli-tarihi","6":"product_cat-tarih","7":"pa_cilt-ciltsiz","8":"pa_tur-kitap","9":"pa_yayinevi-timas-yayinlari","10":"pa_yazar-feridun-m-emecen","12":"first","13":"instock","14":"sale","15":"shipping-taxable","16":"purchasable","17":"product-type-simple"},"_links":{"self":[{"href":"https:\/\/roveyayinevi.com.tr\/index.php\/wp-json\/wp\/v2\/product\/767911","targetHints":{"allow":["GET"]}}],"collection":[{"href":"https:\/\/roveyayinevi.com.tr\/index.php\/wp-json\/wp\/v2\/product"}],"about":[{"href":"https:\/\/roveyayinevi.com.tr\/index.php\/wp-json\/wp\/v2\/types\/product"}],"wp:attachment":[{"href":"https:\/\/roveyayinevi.com.tr\/index.php\/wp-json\/wp\/v2\/media?parent=767911"}],"wp:term":[{"taxonomy":"product_brand","embeddable":true,"href":"https:\/\/roveyayinevi.com.tr\/index.php\/wp-json\/wp\/v2\/product_brand?post=767911"},{"taxonomy":"product_cat","embeddable":true,"href":"https:\/\/roveyayinevi.com.tr\/index.php\/wp-json\/wp\/v2\/product_cat?post=767911"},{"taxonomy":"product_tag","embeddable":true,"href":"https:\/\/roveyayinevi.com.tr\/index.php\/wp-json\/wp\/v2\/product_tag?post=767911"}],"curies":[{"name":"wp","href":"https:\/\/api.w.org\/{rel}","templated":true}]}}