{"id":767909,"date":"2025-08-28T13:03:21","date_gmt":"2025-08-28T10:03:21","guid":{"rendered":"https:\/\/roveyayinevi.com.tr\/index.php\/urun\/kayip-ruhlar-icin-cay-saati\/"},"modified":"2026-04-15T03:33:35","modified_gmt":"2026-04-15T00:33:35","slug":"kayip-ruhlar-icin-cay-saati","status":"publish","type":"product","link":"https:\/\/roveyayinevi.com.tr\/index.php\/urun\/kayip-ruhlar-icin-cay-saati\/","title":{"rendered":"Kay\u0131p Ruhlar \u0130\u00e7in \u00c7ay Saati"},"content":{"rendered":"<p>\u201cYa\u015farken, bu d\u00fcnyadan g\u00f6\u00e7\u00fcp gidenlerin b\u0131rakt\u0131klar\u0131 yerleri i\u015fgal ederiz. Kurald\u0131r bu.\u201d Fransa\u2019n\u0131n Nice \u015fehrine yak\u0131n bir kasabas\u0131nda ya\u015fayan \u00e7oban\u0131n iki k\u0131z\u0131 vard\u0131: Agonie ve F\u00e9licit\u00e9.Agonie korkutucu bir cad\u0131yd\u0131, F\u00e9licite ise ruhlar\u0131 ve hayaletleri bulan bir dedektif. \u0130kizler y\u0131llar i\u00e7inde ayr\u0131 d\u00fc\u015fm\u00fc\u015f, otuz y\u0131l g\u00f6r\u00fc\u015fmemi\u015flerdi. Ta ki annelerinin annelerinin \u00f6l\u00fcm\u00fcn\u00fcn ard\u0131ndan, kendilerine ra\u011fmen, bir araya gelene dek.\u0130kizler, annelerinin ruhunu bulmak ve son s\u00f6zlerini \u00f6\u011frenmek \u00fczere onun hayat\u0131na tan\u0131kl\u0131k edenlerle bir araya gelecekleri ve ge\u00e7mi\u015fin izini s\u00fcrecekleri bir yolculu\u011fa \u00e7\u0131kar.Tan\u0131\u015ft\u0131klar\u0131 her ki\u015fiyle ve gizemli \u00e7aylar\u0131n\u0131n yard\u0131m\u0131yla annelerinin hayat\u0131na dair yeni bir d\u00fc\u011f\u00fcm\u00fc \u00e7\u00f6zeceklerdir. Ger\u00e7e\u011fe dair aray\u0131\u015flar\u0131, Agonie ve F\u00e9licit\u00e9\u2019yi Nice\u2019in dar sokaklar\u0131ndan terk edilmi\u015f uzak k\u00f6ylere ve End\u00fcl\u00fcs\u2019\u00fcn efsunlu bir \u00e7\u00f6l\u00fcnden bir ailenin ge\u00e7mi\u015finin derinlerine g\u00f6t\u00fcrecektir. Fransa Fantastik Edebiyat B\u00fcy\u00fck \u00d6d\u00fcl\u00fc 2024 kazanan\u0131 Kay\u0131p Ruhlar \u0130\u00e7in \u00c7ay Saati, sessizli\u011fe g\u00f6m\u00fclm\u00fc\u015f pi\u015fmanl\u0131klar, payla\u015f\u0131lamayan sevgiler ve kopar\u0131lamayan ba\u011flara dair fantastik \u00f6\u011felerle bezeli b\u00fcy\u00fcleyici bir roman\u2026<\/p>\n","protected":false},"excerpt":{"rendered":"<p>\u201cYa\u015farken, bu d\u00fcnyadan g\u00f6\u00e7\u00fcp gidenlerin b\u0131rakt\u0131klar\u0131 yerleri i\u015fgal ederiz. Kurald\u0131r bu.\u201d Fransa\u2019n\u0131n Nice \u015fehrine yak\u0131n bir kasabas\u0131nda ya\u015fayan \u00e7oban\u0131n iki k\u0131z\u0131 vard\u0131: Agonie ve F\u00e9licit\u00e9.Agonie korkutucu<span class=\"excerpt-hellip\"> [\u2026]<\/span><\/p>\n","protected":false},"featured_media":0,"template":"","meta":{"_monsterinsights_skip_tracking":false,"_monsterinsights_sitenote_active":false,"_monsterinsights_sitenote_note":"","_monsterinsights_sitenote_category":0},"product_brand":[],"product_cat":[12291,12711],"product_tag":[],"class_list":{"0":"post-767909","1":"product","2":"type-product","3":"status-publish","5":"product_cat-edebiyat","6":"product_cat-roman-oyku","7":"pa_cilt-ciltsiz","8":"pa_tur-kitap","9":"pa_yayinevi-timas-yayinlari","10":"pa_yazar-chris-vuklisevic","12":"first","13":"instock","14":"sale","15":"shipping-taxable","16":"purchasable","17":"product-type-simple"},"_links":{"self":[{"href":"https:\/\/roveyayinevi.com.tr\/index.php\/wp-json\/wp\/v2\/product\/767909","targetHints":{"allow":["GET"]}}],"collection":[{"href":"https:\/\/roveyayinevi.com.tr\/index.php\/wp-json\/wp\/v2\/product"}],"about":[{"href":"https:\/\/roveyayinevi.com.tr\/index.php\/wp-json\/wp\/v2\/types\/product"}],"wp:attachment":[{"href":"https:\/\/roveyayinevi.com.tr\/index.php\/wp-json\/wp\/v2\/media?parent=767909"}],"wp:term":[{"taxonomy":"product_brand","embeddable":true,"href":"https:\/\/roveyayinevi.com.tr\/index.php\/wp-json\/wp\/v2\/product_brand?post=767909"},{"taxonomy":"product_cat","embeddable":true,"href":"https:\/\/roveyayinevi.com.tr\/index.php\/wp-json\/wp\/v2\/product_cat?post=767909"},{"taxonomy":"product_tag","embeddable":true,"href":"https:\/\/roveyayinevi.com.tr\/index.php\/wp-json\/wp\/v2\/product_tag?post=767909"}],"curies":[{"name":"wp","href":"https:\/\/api.w.org\/{rel}","templated":true}]}}