{"id":767908,"date":"2025-08-28T13:03:20","date_gmt":"2025-08-28T10:03:20","guid":{"rendered":"https:\/\/roveyayinevi.com.tr\/index.php\/urun\/yaldizli-fisiltilar\/"},"modified":"2026-04-15T03:33:35","modified_gmt":"2026-04-15T00:33:35","slug":"yaldizli-fisiltilar","status":"publish","type":"product","link":"https:\/\/roveyayinevi.com.tr\/index.php\/urun\/yaldizli-fisiltilar\/","title":{"rendered":"Yald\u0131zl\u0131 F\u0131s\u0131lt\u0131lar"},"content":{"rendered":"<p>\u201cHak, yald\u0131zl\u0131 f\u0131s\u0131lt\u0131larla perdelenemez\u2026\u201dAsl\u0131nda her b\u00e2t\u0131l ideoloji bir f\u0131s\u0131lt\u0131d\u0131r. Ateizm, deizm, agnostisizm, feminizm, darwinizm\u2026Hepsi hakikatin \u00f6n\u00fcn\u00fc kapat\u0131p durmaya \u00e7al\u0131\u015fan s\u00fcsl\u00fc kelimelerle, \u2018parlak\u2019 fikirlerle bezenmi\u015f \u015feytan\u00ee f\u0131s\u0131lt\u0131lard\u0131r.Bu f\u0131s\u0131lt\u0131lar, insan\u0131 Hak\u2019tan \u00e7eldirebilir ve onun anlam aray\u0131\u015f\u0131na cevap verebilir mi?Ger\u00e7ek \u00f6zg\u00fcrl\u00fck, kal\u0131c\u0131 mutluluk; bu yald\u0131zl\u0131 f\u0131s\u0131lt\u0131lar\u0131n arkas\u0131nda m\u0131 sakl\u0131?Yald\u0131zl\u0131 F\u0131s\u0131lt\u0131lar, insan\u0131n varolu\u015funa, kalbine ve akledi\u015fine meydan okuyan 15 ayr\u0131 ideolojinin perde arkas\u0131n\u0131 aral\u0131yor. Pozitivizmin k\u0131t yakla\u015f\u0131m\u0131, agnostisizmin ikircikli belirsizli\u011fi, feminizmin r\u00f6van\u015fist \u00f6fkesi, darwinizmin ba\u015flang\u0131\u00e7s\u0131z k\u00f6r rastlant\u0131sall\u0131\u011f\u0131\u2026 T\u00fcm bu izmler, hakikate alternatif sunmaya \u00e7al\u0131\u015f\u0131rken, insan\u0131 nereye \u00e7a\u011f\u0131r\u0131yor?Bu kitap, her bir ideolojinin \u0131\u015f\u0131lt\u0131l\u0131 ama yan\u0131lt\u0131c\u0131 y\u00fczeyini kaz\u0131y\u0131p, alt\u0131ndaki \u00e7eli\u015fki ve yanl\u0131\u015fl\u0131klar\u0131 g\u00fcn y\u00fcz\u00fcne \u00e7\u0131kar\u0131yor.Hak yolun daveti sade ve nettir. Ancak bu davet, ki\u015finin hev\u00e2s\u0131na uygun d\u00fc\u015fmedi\u011finde; insan bu ger\u00e7e\u011fi g\u00f6z ard\u0131 etmeyi se\u00e7er ve yald\u0131zl\u0131 ama i\u00e7i bo\u015f f\u0131s\u0131lt\u0131lar\u0131n pe\u015fine tak\u0131l\u0131r.Yald\u0131zl\u0131 F\u0131s\u0131lt\u0131lar, kalbini ve akledi\u015fini hakikate bilerek kapatmayanlar i\u00e7in bir rehber; yan\u0131lt\u0131c\u0131 f\u0131s\u0131lt\u0131lar\u0131n \u00f6tesinde, hakikatin berrak \u0131\u015f\u0131\u011f\u0131n\u0131 g\u00f6steren bir pusulad\u0131r.Ger\u00e7e\u011fi aramaya haz\u0131r m\u0131s\u0131n?<\/p>\n","protected":false},"excerpt":{"rendered":"<p>\u201cHak, yald\u0131zl\u0131 f\u0131s\u0131lt\u0131larla perdelenemez\u2026\u201dAsl\u0131nda her b\u00e2t\u0131l ideoloji bir f\u0131s\u0131lt\u0131d\u0131r. Ateizm, deizm, agnostisizm, feminizm, darwinizm\u2026Hepsi hakikatin \u00f6n\u00fcn\u00fc kapat\u0131p durmaya \u00e7al\u0131\u015fan s\u00fcsl\u00fc kelimelerle, \u2018parlak\u2019 fikirlerle bezenmi\u015f \u015feytan\u00ee f\u0131s\u0131lt\u0131lard\u0131r.Bu<span class=\"excerpt-hellip\"> [\u2026]<\/span><\/p>\n","protected":false},"featured_media":0,"template":"","meta":{"_monsterinsights_skip_tracking":false,"_monsterinsights_sitenote_active":false,"_monsterinsights_sitenote_note":"","_monsterinsights_sitenote_category":0},"product_brand":[],"product_cat":[12718,12719],"product_tag":[],"class_list":{"0":"post-767908","1":"product","2":"type-product","3":"status-publish","5":"product_cat-din","6":"product_cat-islam","7":"pa_cilt-ciltsiz","8":"pa_tur-kitap","9":"pa_yayinevi-timas-yayinlari","10":"pa_yazar-halis-aydemir","12":"first","13":"instock","14":"sale","15":"shipping-taxable","16":"purchasable","17":"product-type-simple"},"_links":{"self":[{"href":"https:\/\/roveyayinevi.com.tr\/index.php\/wp-json\/wp\/v2\/product\/767908","targetHints":{"allow":["GET"]}}],"collection":[{"href":"https:\/\/roveyayinevi.com.tr\/index.php\/wp-json\/wp\/v2\/product"}],"about":[{"href":"https:\/\/roveyayinevi.com.tr\/index.php\/wp-json\/wp\/v2\/types\/product"}],"wp:attachment":[{"href":"https:\/\/roveyayinevi.com.tr\/index.php\/wp-json\/wp\/v2\/media?parent=767908"}],"wp:term":[{"taxonomy":"product_brand","embeddable":true,"href":"https:\/\/roveyayinevi.com.tr\/index.php\/wp-json\/wp\/v2\/product_brand?post=767908"},{"taxonomy":"product_cat","embeddable":true,"href":"https:\/\/roveyayinevi.com.tr\/index.php\/wp-json\/wp\/v2\/product_cat?post=767908"},{"taxonomy":"product_tag","embeddable":true,"href":"https:\/\/roveyayinevi.com.tr\/index.php\/wp-json\/wp\/v2\/product_tag?post=767908"}],"curies":[{"name":"wp","href":"https:\/\/api.w.org\/{rel}","templated":true}]}}