{"id":767907,"date":"2025-08-28T13:03:18","date_gmt":"2025-08-28T10:03:18","guid":{"rendered":"https:\/\/roveyayinevi.com.tr\/index.php\/urun\/kuran-arapcasi-2\/"},"modified":"2026-04-15T03:33:35","modified_gmt":"2026-04-15T00:33:35","slug":"kuran-arapcasi-2","status":"publish","type":"product","link":"https:\/\/roveyayinevi.com.tr\/index.php\/urun\/kuran-arapcasi-2\/","title":{"rendered":"Kur&#8217;an Arap\u00e7as\u0131 2"},"content":{"rendered":"<p>\u201cBu bir m\u00fcbarek kitapt\u0131r ki onu sana, insanlar ayetleri \u00fczerinde iyice d\u00fc\u015f\u00fcns\u00fcnler, ak\u0131l ve iz\u2019an sahipleri ondan dersler, \u00f6\u011f\u00fctler als\u0131nlar diye indirdik.\u201d (Sa\u2019d, 29)Kur\u2019an Arap\u00e7as\u0131 \u00f6\u011frenme yolculu\u011fu, bir dil \u00f6\u011frenmenin \u00e7ok \u00f6tesinde; hakikate, gayrete ve samimiyete olan bir ba\u011fl\u0131l\u0131kt\u0131r. Bu kitap, o yolda kar\u015f\u0131n\u0131za \u00e7\u0131kacak ta\u015flara ve dikenlere ra\u011fmen ilerlemenin ve yolun hakikatine odaklanarak devam edebilmenin yollar\u0131n\u0131 \u00f6\u011fretiyor.Bayyinah Akademi\u2019de temelleri at\u0131lan, Kuran Akademi\u2019de b\u00fcy\u00fcyen ve geli\u015fen bu \u00e7al\u0131\u015fma, Kur\u2019an\u2019\u0131n mucizelerine olan hayretinizi art\u0131r\u0131rken Arap\u00e7ada derinle\u015fmenizi sa\u011flayacak detaylarla dolu. Nahiv ve sarf bilgileriyle \u015fekillenen bu eser, \u00f6\u011frendi\u011finiz bilgileri, Kur\u2019an-\u0131 Kerim ayetleri \u00fczerinde irdeleyerek uygulama f\u0131rsat\u0131 sunuyor. Terim karma\u015fas\u0131ndan uzak, sade ve anla\u015f\u0131l\u0131r anlat\u0131m\u0131yla Arap\u00e7a \u00f6\u011frenimini kolayla\u015ft\u0131r\u0131yor.Anlamas\u0131, kavramas\u0131 ve i\u00e7selle\u015ftirilmesi kolay, analitik ve sistematik bir metotla haz\u0131rlanan bu \u00e7al\u0131\u015fma, Fulya Tuncel ve arkada\u015flar\u0131 taraf\u0131ndan kurulan Kur\u2019an Akademi b\u00fcnyesinde taliplilerine \u00fccretsiz olarak da ders veriliyor.Kur\u2019an\u2019\u0131n hakikatine a\u00e7\u0131lan bu kap\u0131da bir yol arkada\u015f\u0131 ar\u0131yorsan\u0131z, bu kitap rehberiniz olacak.Kur\u2019an\u2019\u0131 anlayarak okumak isteyen, O\u2019nun mesaj\u0131n\u0131 hayat\u0131na ta\u015f\u0131may\u0131 hedefleyen herkes i\u00e7in bu eser, yaln\u0131zca bir \u00f6\u011frenme kitab\u0131 de\u011fil, ayn\u0131 zamanda bir kalp ve niyet yolculu\u011fu\u2026\u201cKelam\u0131na talebe olma nimetini veren Allah\u2019a hamd olsun.\u201d<\/p>\n","protected":false},"excerpt":{"rendered":"<p>\u201cBu bir m\u00fcbarek kitapt\u0131r ki onu sana, insanlar ayetleri \u00fczerinde iyice d\u00fc\u015f\u00fcns\u00fcnler, ak\u0131l ve iz\u2019an sahipleri ondan dersler, \u00f6\u011f\u00fctler als\u0131nlar diye indirdik.\u201d (Sa\u2019d, 29)Kur\u2019an Arap\u00e7as\u0131 \u00f6\u011frenme<span class=\"excerpt-hellip\"> [\u2026]<\/span><\/p>\n","protected":false},"featured_media":0,"template":"","meta":{"_monsterinsights_skip_tracking":false,"_monsterinsights_sitenote_active":false,"_monsterinsights_sitenote_note":"","_monsterinsights_sitenote_category":0},"product_brand":[],"product_cat":[12718,12719],"product_tag":[],"class_list":{"0":"post-767907","1":"product","2":"type-product","3":"status-publish","5":"product_cat-din","6":"product_cat-islam","7":"pa_cilt-ciltsiz","8":"pa_tur-kitap","9":"pa_yayinevi-timas-yayinlari","10":"pa_yazar-fulya-tuncel-nouman-ali-khan","12":"first","13":"instock","14":"sale","15":"shipping-taxable","16":"purchasable","17":"product-type-simple"},"_links":{"self":[{"href":"https:\/\/roveyayinevi.com.tr\/index.php\/wp-json\/wp\/v2\/product\/767907","targetHints":{"allow":["GET"]}}],"collection":[{"href":"https:\/\/roveyayinevi.com.tr\/index.php\/wp-json\/wp\/v2\/product"}],"about":[{"href":"https:\/\/roveyayinevi.com.tr\/index.php\/wp-json\/wp\/v2\/types\/product"}],"wp:attachment":[{"href":"https:\/\/roveyayinevi.com.tr\/index.php\/wp-json\/wp\/v2\/media?parent=767907"}],"wp:term":[{"taxonomy":"product_brand","embeddable":true,"href":"https:\/\/roveyayinevi.com.tr\/index.php\/wp-json\/wp\/v2\/product_brand?post=767907"},{"taxonomy":"product_cat","embeddable":true,"href":"https:\/\/roveyayinevi.com.tr\/index.php\/wp-json\/wp\/v2\/product_cat?post=767907"},{"taxonomy":"product_tag","embeddable":true,"href":"https:\/\/roveyayinevi.com.tr\/index.php\/wp-json\/wp\/v2\/product_tag?post=767907"}],"curies":[{"name":"wp","href":"https:\/\/api.w.org\/{rel}","templated":true}]}}