{"id":767902,"date":"2025-08-28T13:03:07","date_gmt":"2025-08-28T10:03:07","guid":{"rendered":"https:\/\/roveyayinevi.com.tr\/index.php\/urun\/ben-sadece\/"},"modified":"2026-04-15T03:33:35","modified_gmt":"2026-04-15T00:33:35","slug":"ben-sadece","status":"publish","type":"product","link":"https:\/\/roveyayinevi.com.tr\/index.php\/urun\/ben-sadece\/","title":{"rendered":"Ben Sadece"},"content":{"rendered":"<p>Okul \u00f6ncesi ya\u015f grubu minik okurlara, sahip olduklar\u0131 \u00f6zelliklere kar\u015f\u0131 fark\u0131ndal\u0131k kazand\u0131ran bu hik\u00e2ye, Tobi\u015f fil, z\u00fcrafa, kar\u0131nca, sincap ve kurba\u011fan\u0131n s\u0131n\u0131f arkada\u015f\u0131 oldu\u011funu \u00f6\u011frendi\u011fi g\u00fcn ba\u015fl\u0131yor. Tombi\u015f filin \u201c\u00e7aaat\u201d diye k\u0131r\u0131lan kalemi, kar\u0131ncan\u0131n bir t\u00fcrl\u00fc \u00e7\u0131kamad\u0131\u011f\u0131 basamak, z\u00fcrafan\u0131n s\u0131\u011famad\u0131\u011f\u0131 \u00f6n s\u0131ra kahramanlar\u0131m\u0131z\u0131 hem kendilerinin hem de arkada\u015flar\u0131n\u0131n \u00f6zellikleriyle tan\u0131\u015ft\u0131r\u0131yor. Onlar g\u00fc\u00e7s\u00fcz, sakar veya \u015fa\u015fk\u0131n de\u011fil; k\u00fc\u00e7\u00fck, uzun veya g\u00fc\u00e7l\u00fcler. Peki, siz \u00f6zelliklerinizin fark\u0131nda m\u0131s\u0131n\u0131z?<\/p>\n","protected":false},"excerpt":{"rendered":"<p>Okul \u00f6ncesi ya\u015f grubu minik okurlara, sahip olduklar\u0131 \u00f6zelliklere kar\u015f\u0131 fark\u0131ndal\u0131k kazand\u0131ran bu hik\u00e2ye, Tobi\u015f fil, z\u00fcrafa, kar\u0131nca, sincap ve kurba\u011fan\u0131n s\u0131n\u0131f arkada\u015f\u0131 oldu\u011funu \u00f6\u011frendi\u011fi g\u00fcn<span class=\"excerpt-hellip\"> [\u2026]<\/span><\/p>\n","protected":false},"featured_media":0,"template":"","meta":{"_monsterinsights_skip_tracking":false,"_monsterinsights_sitenote_active":false,"_monsterinsights_sitenote_note":"","_monsterinsights_sitenote_category":0},"product_brand":[],"product_cat":[12274,12284],"product_tag":[],"class_list":{"0":"post-767902","1":"product","2":"type-product","3":"status-publish","5":"product_cat-cocuk-ve-genclik-kitaplari","6":"product_cat-hikayeler","7":"pa_cilt-ciltsiz","8":"pa_tur-kitap","9":"pa_yayinevi-erdem-cocuk","10":"pa_yazar-zeynep-zahide-cakmak","12":"first","13":"instock","14":"sale","15":"shipping-taxable","16":"purchasable","17":"product-type-simple"},"_links":{"self":[{"href":"https:\/\/roveyayinevi.com.tr\/index.php\/wp-json\/wp\/v2\/product\/767902","targetHints":{"allow":["GET"]}}],"collection":[{"href":"https:\/\/roveyayinevi.com.tr\/index.php\/wp-json\/wp\/v2\/product"}],"about":[{"href":"https:\/\/roveyayinevi.com.tr\/index.php\/wp-json\/wp\/v2\/types\/product"}],"wp:attachment":[{"href":"https:\/\/roveyayinevi.com.tr\/index.php\/wp-json\/wp\/v2\/media?parent=767902"}],"wp:term":[{"taxonomy":"product_brand","embeddable":true,"href":"https:\/\/roveyayinevi.com.tr\/index.php\/wp-json\/wp\/v2\/product_brand?post=767902"},{"taxonomy":"product_cat","embeddable":true,"href":"https:\/\/roveyayinevi.com.tr\/index.php\/wp-json\/wp\/v2\/product_cat?post=767902"},{"taxonomy":"product_tag","embeddable":true,"href":"https:\/\/roveyayinevi.com.tr\/index.php\/wp-json\/wp\/v2\/product_tag?post=767902"}],"curies":[{"name":"wp","href":"https:\/\/api.w.org\/{rel}","templated":true}]}}